{"id":75,"date":"2020-07-02T11:53:27","date_gmt":"2020-07-02T15:53:27","guid":{"rendered":"https:\/\/jupiterx.artbees.net\/brew-house\/?page_id=75"},"modified":"2026-01-08T23:03:02","modified_gmt":"2026-01-09T04:03:02","slug":"a-propos","status":"publish","type":"page","link":"https:\/\/distilleriedesappalaches.com\/en\/a-propos\/","title":{"rendered":"About"},"content":{"rendered":"[et_pb_section fb_built=\u00a0\u00bb1&Prime; _builder_version=\u00a0\u00bb4.27.4&Prime; _dynamic_attributes=\u00a0\u00bbbackground_image\u00a0\u00bb _module_preset=\u00a0\u00bbdefault\u00a0\u00bb background_enable_color=\u00a0\u00bboff\u00a0\u00bb use_background_color_gradient=\u00a0\u00bbon\u00a0\u00bb background_color_gradient_direction=\u00a0\u00bb90deg\u00a0\u00bb background_color_gradient_stops=\u00a0\u00bbrgba(0,0,0,0.26) 0%|rgba(255,255,255,0) 100%\u00a0\u00bb background_image=\u00a0\u00bbhttps:\/\/distilleriedesappalaches.com\/wp-content\/uploads\/2025\/12\/A-propos.webp\u00a0\u00bb background_blend=\u00a0\u00bbdarken\u00a0\u00bb saved_tabs=\u00a0\u00bball\u00a0\u00bb global_colors_info=\u00a0\u00bb\u00a0\u00bb][et_pb_row _builder_version=\u00a0\u00bb4.27.4&Prime; _module_preset=\u00a0\u00bbdefault\u00a0\u00bb global_colors_info=\u00a0\u00bb\u00a0\u00bb][et_pb_column type=\u00a0\u00bb4_4&Prime; _builder_version=\u00a0\u00bb4.27.4&Prime; _module_preset=\u00a0\u00bbdefault\u00a0\u00bb global_colors_info=\u00a0\u00bb\u00a0\u00bb][et_pb_text _builder_version=\u00a0\u00bb4.27.4&Prime; _dynamic_attributes=\u00a0\u00bbcontent\u00a0\u00bb _module_preset=\u00a0\u00bbdefault\u00a0\u00bb header_font=\u00a0\u00bb|||on|||||\u00a0\u00bb custom_margin=\u00a0\u00bb||0px|||\u00a0\u00bb custom_padding=\u00a0\u00bb||17px|||\u00a0\u00bb global_colors_info=\u00a0\u00bb\u00a0\u00bb]@ET-DC@eyJkeW5hbWljIjp0cnVlLCJjb250ZW50IjoicG9zdF90aXRsZSIsInNldHRpbmdzIjp7ImJlZm9yZSI6IjxoMT4iLCJhZnRlciI6IjwvaDE+In19@[\/et_pb_text][\/et_pb_column][\/et_pb_row][\/et_pb_section][et_pb_section fb_built=\u00a0\u00bb1&Prime; _builder_version=\u00a0\u00bb4.27.4&Prime; _module_preset=\u00a0\u00bbdefault\u00a0\u00bb global_colors_info=\u00a0\u00bb\u00a0\u00bb][et_pb_row _builder_version=\u00a0\u00bb4.27.4&Prime; _module_preset=\u00a0\u00bbdefault\u00a0\u00bb global_colors_info=\u00a0\u00bb\u00a0\u00bb][et_pb_column type=\u00a0\u00bb4_4&Prime; _builder_version=\u00a0\u00bb4.27.4&Prime; _module_preset=\u00a0\u00bbdefault\u00a0\u00bb global_colors_info=\u00a0\u00bb\u00a0\u00bb][et_pb_text _builder_version=\u00a0\u00bb4.27.4&Prime; _module_preset=\u00a0\u00bbdefault\u00a0\u00bb global_colors_info=\u00a0\u00bb\u00a0\u00bb]<h2>DISTILLERIE DES APPALACHES<\/h2>\n<p>Sometimes we need to pause for a moment and look at the nature around us. Nature evolves and transforms with the seasons. Without being the loudest, it always manages to make itself heard through its great wisdom. It holds secrets and forgotten flavors that are just waiting to be brought to light for all to see. In a world that encourages us to favor quantity over quality, here we listen to our true nature. Welcome to the Appalaches distillery.<\/p>[\/et_pb_text][\/et_pb_column][\/et_pb_row][\/et_pb_section][et_pb_section fb_built=\u00a0\u00bb1&Prime; _builder_version=\u00a0\u00bb4.27.4&Prime; _module_preset=\u00a0\u00bbdefault\u00a0\u00bb global_colors_info=\u00a0\u00bb\u00a0\u00bb][et_pb_row column_structure=\u00a0\u00bb1_3,1_3,1_3&Prime; _builder_version=\u00a0\u00bb4.27.4&Prime; _module_preset=\u00a0\u00bbdefault\u00a0\u00bb hover_enabled=\u00a0\u00bb0&Prime; global_colors_info=\u00a0\u00bb\u00a0\u00bb sticky_enabled=\u00a0\u00bb0&Prime;][et_pb_column type=\u00a0\u00bb1_3&Prime; _builder_version=\u00a0\u00bb4.27.4&Prime; _module_preset=\u00a0\u00bbdefault\u00a0\u00bb hover_enabled=\u00a0\u00bb0&Prime; global_colors_info=\u00a0\u00bb\u00a0\u00bb sticky_enabled=\u00a0\u00bb0&Prime; custom_css_main_element_last_edited=\u00a0\u00bbon|tablet\u00a0\u00bb custom_css_main_element_tablet=\u00a0\u00bbwidth: 50%;\u00a0\u00bb custom_css_main_element_phone=\u00a0\u00bbwidth: 100%;\u00a0\u00bb][et_pb_team_member name=\u00a0\u00bbDave Ricard\u00a0\u00bb position=\u00a0\u00bbCEO, Pr\u00e9sident\u00a0\u00bb image_url=\u00a0\u00bbhttps:\/\/distilleriedesappalaches.com\/wp-content\/uploads\/2025\/12\/Dave.webp\u00a0\u00bb _builder_version=\u00a0\u00bb4.27.4&Prime; _module_preset=\u00a0\u00bbdefault\u00a0\u00bb body_link_text_color=\u00a0\u00bb#FFFFFF\u00a0\u00bb body_link_font_size=\u00a0\u00bb16px\u00a0\u00bb hover_enabled=\u00a0\u00bb0&Prime; border_radii_image=\u00a0\u00bbon|20px|20px|20px|20px\u00a0\u00bb global_colors_info=\u00a0\u00bb\u00a0\u00bb sticky_enabled=\u00a0\u00bb0&Prime;]<p><a href=\"mailto:dave@keplergin.com\" target=\"_blank\" rel=\"noopener\">dave@keplergin.com<\/a><\/p>[\/et_pb_team_member][\/et_pb_column][et_pb_column type=\u00a0\u00bb1_3&Prime; _builder_version=\u00a0\u00bb4.27.4&Prime; _module_preset=\u00a0\u00bbdefault\u00a0\u00bb hover_enabled=\u00a0\u00bb0&Prime; global_colors_info=\u00a0\u00bb\u00a0\u00bb custom_css_main_element_last_edited=\u00a0\u00bbon|phone\u00a0\u00bb custom_css_main_element_tablet=\u00a0\u00bbwidth: 50%;\u00a0\u00bb sticky_enabled=\u00a0\u00bb0&Prime; custom_css_main_element_phone=\u00a0\u00bbwidth: 100%;\u00a0\u00bb][et_pb_team_member name=\u00a0\u00bbNathalie Niesing\u00a0\u00bb position=\u00a0\u00bbVP ventes-et marketing\u00a0\u00bb image_url=\u00a0\u00bbhttps:\/\/distilleriedesappalaches.com\/wp-content\/uploads\/2025\/12\/Nathalie.webp\u00a0\u00bb _builder_version=\u00a0\u00bb4.27.4&Prime; _module_preset=\u00a0\u00bbdefault\u00a0\u00bb body_link_text_color=\u00a0\u00bb#FFFFFF\u00a0\u00bb body_link_font_size=\u00a0\u00bb16px\u00a0\u00bb border_radii_image=\u00a0\u00bbon|20px|20px|20px|20px\u00a0\u00bb global_colors_info=\u00a0\u00bb\u00a0\u00bb]<p><a href=\"mailto:nathalie@distilleriedesappalaches.com\" target=\"_blank\" rel=\"noopener\">nathalie@<wbr \/>distilleriedesappalaches.com<\/a><\/p>[\/et_pb_team_member][\/et_pb_column][et_pb_column type=\u00a0\u00bb1_3&Prime; _builder_version=\u00a0\u00bb4.27.4&Prime; _module_preset=\u00a0\u00bbdefault\u00a0\u00bb hover_enabled=\u00a0\u00bb0&Prime; global_colors_info=\u00a0\u00bb\u00a0\u00bb sticky_enabled=\u00a0\u00bb0&Prime; custom_css_main_element_last_edited=\u00a0\u00bbon|phone\u00a0\u00bb custom_css_main_element_tablet=\u00a0\u00bbwidth: 50%;\u00a0\u00bb custom_css_main_element_phone=\u00a0\u00bbwidth: 100%;\u00a0\u00bb][et_pb_team_member name=\u00a0\u00bbLuc Fournier\u00a0\u00bb position=\u00a0\u00bbDirecteur de production\u00a0\u00bb image_url=\u00a0\u00bbhttps:\/\/distilleriedesappalaches.com\/wp-content\/uploads\/2025\/12\/Luc.webp\u00a0\u00bb _builder_version=\u00a0\u00bb4.27.4&Prime; _module_preset=\u00a0\u00bbdefault\u00a0\u00bb body_link_text_color=\u00a0\u00bb#FFFFFF\u00a0\u00bb body_link_font_size=\u00a0\u00bb16px\u00a0\u00bb border_radii_image=\u00a0\u00bbon|20px|20px|20px|20px\u00a0\u00bb global_colors_info=\u00a0\u00bb\u00a0\u00bb]<p><a href=\"mailto:luc@distilleriedesappalaches.com\" target=\"_blank\" rel=\"noopener\">luc@distilleriedesappalaches.<wbr \/>com<\/a><\/p>[\/et_pb_team_member][\/et_pb_column][\/et_pb_row][et_pb_row column_structure=\u00a0\u00bb1_3,1_3,1_3&Prime; _builder_version=\u00a0\u00bb4.27.4&Prime; _module_preset=\u00a0\u00bbdefault\u00a0\u00bb hover_enabled=\u00a0\u00bb0&Prime; global_colors_info=\u00a0\u00bb\u00a0\u00bb custom_margin=\u00a0\u00bb||||false|false\u00a0\u00bb custom_padding=\u00a0\u00bb||||false|false\u00a0\u00bb sticky_enabled=\u00a0\u00bb0&Prime;][et_pb_column type=\u00a0\u00bb1_3&Prime; _builder_version=\u00a0\u00bb4.27.4&Prime; _module_preset=\u00a0\u00bbdefault\u00a0\u00bb hover_enabled=\u00a0\u00bb0&Prime; global_colors_info=\u00a0\u00bb\u00a0\u00bb custom_padding=\u00a0\u00bb||||false|false\u00a0\u00bb custom_css_main_element_last_edited=\u00a0\u00bbon|tablet\u00a0\u00bb custom_css_main_element_tablet=\u00a0\u00bbwidth: 50%;\u00a0\u00bb sticky_enabled=\u00a0\u00bb0&Prime; custom_css_main_element_phone=\u00a0\u00bbwidth: 100%;\u00a0\u00bb][et_pb_team_member name=\u00a0\u00bbMathieu Campagna\u00a0\u00bb position=\u00a0\u00bbMa\u00eetre distilleur et repr\u00e9sentant restauration\u00a0\u00bb image_url=\u00a0\u00bbhttps:\/\/distilleriedesappalaches.com\/wp-content\/uploads\/2025\/12\/Mathieu.webp\u00a0\u00bb _builder_version=\u00a0\u00bb4.27.4&Prime; _module_preset=\u00a0\u00bbdefault\u00a0\u00bb body_link_text_color=\u00a0\u00bb#FFFFFF\u00a0\u00bb body_link_font_size=\u00a0\u00bb16px\u00a0\u00bb hover_enabled=\u00a0\u00bb0&Prime; border_radii_image=\u00a0\u00bbon|20px|20px|20px|20px\u00a0\u00bb global_colors_info=\u00a0\u00bb\u00a0\u00bb custom_css_main_element_last_edited=\u00a0\u00bboff|phone\u00a0\u00bb custom_css_main_element_tablet=\u00a0\u00bbwidth: 45%;\u00a0\u00bb sticky_enabled=\u00a0\u00bb0&Prime; module_alignment=\u00a0\u00bbcenter\u00a0\u00bb width_last_edited=\u00a0\u00bboff|tablet\u00a0\u00bb width_tablet=\u00a0\u00bb45%\u00a0\u00bb max_width_last_edited=\u00a0\u00bboff|tablet\u00a0\u00bb width_phone=\u00a0\u00bb100%\u00a0\u00bb max_width_phone=\u00a0\u00bb100%\u00a0\u00bb]<p><a href=\"mailto:mathieu@distilleriedesappalaches.com\" target=\"_blank\" rel=\"noopener\">mathieu@<wbr \/>distilleriedesappalaches.com<\/a><\/p>[\/et_pb_team_member][\/et_pb_column][et_pb_column type=\u00a0\u00bb1_3&Prime; _builder_version=\u00a0\u00bb4.27.4&Prime; _module_preset=\u00a0\u00bbdefault\u00a0\u00bb global_colors_info=\u00a0\u00bb\u00a0\u00bb custom_padding=\u00a0\u00bb||||false|false\u00a0\u00bb custom_css_main_element_last_edited=\u00a0\u00bbon|phone\u00a0\u00bb custom_css_main_element_tablet=\u00a0\u00bbwidth: 50%;\u00a0\u00bb hover_enabled=\u00a0\u00bb0&Prime; sticky_enabled=\u00a0\u00bb0&Prime; custom_css_main_element_phone=\u00a0\u00bbwidth: 100%;\u00a0\u00bb][et_pb_team_member name=\u00a0\u00bbLaury St-Laurent\u00a0\u00bb position=\u00a0\u00bbAdjointe marketing et production\u00a0\u00bb image_url=\u00a0\u00bbhttps:\/\/distilleriedesappalaches.com\/wp-content\/uploads\/2025\/12\/Laury.webp\u00a0\u00bb _builder_version=\u00a0\u00bb4.27.4&Prime; _module_preset=\u00a0\u00bbdefault\u00a0\u00bb body_link_text_color=\u00a0\u00bb#FFFFFF\u00a0\u00bb body_link_font_size=\u00a0\u00bb16px\u00a0\u00bb border_radii_image=\u00a0\u00bbon|20px|20px|20px|20px\u00a0\u00bb global_colors_info=\u00a0\u00bb\u00a0\u00bb custom_css_main_element_last_edited=\u00a0\u00bbon|tablet\u00a0\u00bb sticky_enabled=\u00a0\u00bb0&Prime; width_tablet=\u00a0\u00bb45%\u00a0\u00bb width_last_edited=\u00a0\u00bboff|tablet\u00a0\u00bb hover_enabled=\u00a0\u00bb0&Prime; width_phone=\u00a0\u00bb100%\u00a0\u00bb]<p><a href=\"mailto:laury@distilleriedesappalaches.com\" target=\"_blank\" rel=\"noopener\">laury@<wbr \/>distilleriedesappalaches.com<\/a><\/p>[\/et_pb_team_member][\/et_pb_column][et_pb_column type=\u00a0\u00bb1_3&Prime; _builder_version=\u00a0\u00bb4.27.4&Prime; _module_preset=\u00a0\u00bbdefault\u00a0\u00bb global_colors_info=\u00a0\u00bb\u00a0\u00bb custom_padding=\u00a0\u00bb||||false|false\u00a0\u00bb custom_css_main_element_last_edited=\u00a0\u00bbon|tablet\u00a0\u00bb hover_enabled=\u00a0\u00bb0&Prime; sticky_enabled=\u00a0\u00bb0&Prime; custom_css_main_element_tablet=\u00a0\u00bbwidth: 50%;\u00a0\u00bb custom_css_main_element_phone=\u00a0\u00bbwidth: 100%;\u00a0\u00bb][et_pb_team_member name=\u00a0\u00bbJorge Andres Burgos Henriquez\u00a0\u00bb position=\u00a0\u00bbAssistant \u00e0 la production\u00a0\u00bb image_url=\u00a0\u00bbhttps:\/\/distilleriedesappalaches.com\/wp-content\/uploads\/2025\/12\/IMG_9976.webp\u00a0\u00bb _builder_version=\u00a0\u00bb4.27.4&Prime; _module_preset=\u00a0\u00bbdefault\u00a0\u00bb body_link_text_color=\u00a0\u00bb#FFFFFF\u00a0\u00bb hover_enabled=\u00a0\u00bb0&Prime; border_radii_image=\u00a0\u00bbon|20px|20px|20px|20px\u00a0\u00bb global_colors_info=\u00a0\u00bb\u00a0\u00bb custom_css_main_element_last_edited=\u00a0\u00bboff|phone\u00a0\u00bb custom_css_main_element_tablet=\u00a0\u00bbwidth: 45%;\u00a0\u00bb sticky_enabled=\u00a0\u00bb0&Prime; custom_css_main_element_phone=\u00a0\u00bbwidth: 100%;\u00a0\u00bb max_width_last_edited=\u00a0\u00bboff|tablet\u00a0\u00bb max_width_tablet=\u00a0\u00bb45%\u00a0\u00bb max_width_phone=\u00a0\u00bb100%\u00a0\u00bb module_alignment=\u00a0\u00bbcenter\u00a0\u00bb][\/et_pb_team_member][\/et_pb_column][\/et_pb_row][\/et_pb_section]","protected":false},"excerpt":{"rendered":"<p>DISTILLERIE DES APPALACHES Il faut parfois s\u2019arr\u00eater quelques instants et regarder la nature qui nous entoure. La nature \u00e9volue, elle se transforme au gr\u00e9 des saisons. Sans \u00eatre la plus bruyante elle r\u00e9ussit toujours \u00e0 se faire entendre de par sa grande sagesse. Elle renferme des secrets, saveurs oubli\u00e9es, qui n\u2019attendent qu\u2019\u00e0 \u00eatre port\u00e9es \u00e0 [&hellip;]<\/p>","protected":false},"author":14,"featured_media":9615,"parent":0,"menu_order":0,"comment_status":"closed","ping_status":"closed","template":"","meta":{"_acf_changed":false,"_et_pb_use_builder":"on","_et_pb_old_content":"<h1>\u00c0 propos<\/h1>\t\t\n\t\t\t<h1>DISTILLERIE DES APPALACHES<\/h1>\t\t\n\t\t<p>Il faut parfois s\u2019arr\u00eater quelques instants et regarder la nature qui nous entoure. La nature \u00e9volue, elle se transforme au gr\u00e9 des saisons. Sans \u00eatre la plus bruyante elle r\u00e9ussit toujours \u00e0 se faire entendre de par sa grande sagesse. Elle renferme des secrets, saveurs oubli\u00e9es, qui n\u2019attendent qu\u2019\u00e0 \u00eatre port\u00e9es \u00e0 la lumi\u00e8re de tous. Dans un monde qui nous invite \u00e0 favoriser la quantit\u00e9 sur la qualit\u00e9, ici nous \u00e9coutons notre vrai nature. Bienvenue \u00e0 la distillerie des Appalaches<\/p>\t\t\n\t\t\t<h1>\u00c9quipe<\/h1>\t\t\n\t\t\t\t\t\t\t\t\t\t\t\t<img width=\"683\" height=\"1024\" src=\"https:\/\/distilleriedesappalaches.com\/wp-content\/uploads\/2020\/11\/i_dave.jpg\" alt=\"\" loading=\"lazy\" srcset=\"https:\/\/distilleriedesappalaches.com\/wp-content\/uploads\/2020\/11\/i_dave.jpg 683w, https:\/\/distilleriedesappalaches.com\/wp-content\/uploads\/2020\/11\/i_dave-200x300.jpg 200w, https:\/\/distilleriedesappalaches.com\/wp-content\/uploads\/2020\/11\/i_dave-600x900.jpg 600w\" sizes=\"(max-width: 683px) 100vw, 683px\" \/>\t\t\t\t\t\t\t\t\t\t\t\t\t\t\n\t\t\t<h1>DAVE RICARD-CEO<\/h1>\t\t\n\t\t<p>Dave Ricard est un gestionnaire de projets \u00e9m\u00e9rite qui carbure aux d\u00e9fis. Ing\u00e9nieur de formation, il constate rapidement que son \u2018x\u2019 se situe au niveau de la gestion, ce qui l\u2019am\u00e8ne \u00e0 compl\u00e9ter un Master en administration des affaires. N\u2019aimant pas les conventions, il caresse le r\u00eave de cr\u00e9er \u2018son\u2019 univers professionnel. Une entreprise o\u00f9 il serait possible de cr\u00e9er des produits au design avant-gardiste, de grande qualit\u00e9, dans un environnement de travail agr\u00e9able. Cela lui a pris plusieurs ann\u00e9es mais il a finalement cr\u00e9er la distillerie des appalaches en 2018 et c\u2019est entour\u00e9 de gens qui tout comme lui, peuvent conjuguer ambition et plaisir au travail!<\/p>\t\t\n\t\t\t\t\t\t\t\t\t\t\t\t<img width=\"683\" height=\"1024\" src=\"https:\/\/distilleriedesappalaches.com\/wp-content\/uploads\/2020\/11\/i_kevin.jpg\" alt=\"\" loading=\"lazy\" srcset=\"https:\/\/distilleriedesappalaches.com\/wp-content\/uploads\/2020\/11\/i_kevin.jpg 683w, https:\/\/distilleriedesappalaches.com\/wp-content\/uploads\/2020\/11\/i_kevin-200x300.jpg 200w, https:\/\/distilleriedesappalaches.com\/wp-content\/uploads\/2020\/11\/i_kevin-600x900.jpg 600w\" sizes=\"(max-width: 683px) 100vw, 683px\" \/>\t\t\t\t\t\t\t\t\t\t\t\t\t\t\n\t\t\t<h1>KEVIN PELLETIER- INVESTISSEUR<\/h1>\t\t\n\t\t<p>Apr\u00e8s avoir compl\u00e9t\u00e9 des \u00e9tudes universitaires en marketing et relation internationales, il d\u00e9bute sa carri\u00e8re dans la distribution de breuvages alcoolis\u00e9s comme repr\u00e9sentant des ventes compte majeur pour la compagnie Omni (Poppers, Casal domingo). Il quitte ensuite ses fonctions en 2010 afin de se joindre \u00e0 Vifranc, l\u2019entreprise familiale de production et de distribution de sirop d\u2019\u00e9rable. D\u00e9montrant des aptitudes ind\u00e9niables pour la vente, il fait rapidement ses preuves en contribuant largement \u00e0 l\u2019expansion de la compagnie \u00e0 l\u2019international. L\u2019entreprise distribue maintenant dans 22 pays et Kevin en assume la Direction g\u00e9n\u00e9rale. Son exp\u00e9rience en gestion de PME manufacturi\u00e8re et en exportation seront des atouts pr\u00e9cieux pour l\u2019entreprise.<\/p>","_et_gb_content_width":"","footnotes":""},"class_list":["post-75","page","type-page","status-publish","has-post-thumbnail","hentry"],"acf":[],"yoast_head":"<!-- This site is optimized with the Yoast SEO plugin v26.7 - https:\/\/yoast.com\/wordpress\/plugins\/seo\/ -->\n<title>\u00c0 propos - Distillerie des Appalaches<\/title>\n<meta name=\"robots\" content=\"index, follow, max-snippet:-1, max-image-preview:large, max-video-preview:-1\" \/>\n<link rel=\"canonical\" href=\"https:\/\/distilleriedesappalaches.com\/en\/a-propos\/\" \/>\n<meta property=\"og:locale\" content=\"en_US\" \/>\n<meta property=\"og:type\" content=\"article\" \/>\n<meta property=\"og:title\" content=\"\u00c0 propos - Distillerie des Appalaches\" \/>\n<meta property=\"og:description\" content=\"DISTILLERIE DES APPALACHES Il faut parfois s\u2019arr\u00eater quelques instants et regarder la nature qui nous entoure. La nature \u00e9volue, elle se transforme au gr\u00e9 des saisons. Sans \u00eatre la plus bruyante elle r\u00e9ussit toujours \u00e0 se faire entendre de par sa grande sagesse. Elle renferme des secrets, saveurs oubli\u00e9es, qui n\u2019attendent qu\u2019\u00e0 \u00eatre port\u00e9es \u00e0 [&hellip;]\" \/>\n<meta property=\"og:url\" content=\"https:\/\/distilleriedesappalaches.com\/en\/a-propos\/\" \/>\n<meta property=\"og:site_name\" content=\"Distillerie des Appalaches\" \/>\n<meta property=\"article:publisher\" content=\"https:\/\/www.facebook.com\/appalachesdistillerie\" \/>\n<meta property=\"article:modified_time\" content=\"2026-01-09T04:03:02+00:00\" \/>\n<meta property=\"og:image\" content=\"https:\/\/distilleriedesappalaches.com\/wp-content\/uploads\/2020\/11\/i_dave.jpg\" \/>\n<meta name=\"twitter:card\" content=\"summary_large_image\" \/>\n<meta name=\"twitter:label1\" content=\"Est. reading time\" \/>\n\t<meta name=\"twitter:data1\" content=\"2 minutes\" \/>\n<script type=\"application\/ld+json\" class=\"yoast-schema-graph\">{\"@context\":\"https:\/\/schema.org\",\"@graph\":[{\"@type\":\"WebPage\",\"@id\":\"https:\/\/distilleriedesappalaches.com\/a-propos\/\",\"url\":\"https:\/\/distilleriedesappalaches.com\/a-propos\/\",\"name\":\"\u00c0 propos - Distillerie des Appalaches\",\"isPartOf\":{\"@id\":\"https:\/\/distilleriedesappalaches.com\/#website\"},\"primaryImageOfPage\":{\"@id\":\"https:\/\/distilleriedesappalaches.com\/a-propos\/#primaryimage\"},\"image\":{\"@id\":\"https:\/\/distilleriedesappalaches.com\/a-propos\/#primaryimage\"},\"thumbnailUrl\":\"https:\/\/distilleriedesappalaches.com\/wp-content\/uploads\/2026\/01\/apropos.jpg\",\"datePublished\":\"2020-07-02T15:53:27+00:00\",\"dateModified\":\"2026-01-09T04:03:02+00:00\",\"breadcrumb\":{\"@id\":\"https:\/\/distilleriedesappalaches.com\/a-propos\/#breadcrumb\"},\"inLanguage\":\"en-CA\",\"potentialAction\":[{\"@type\":\"ReadAction\",\"target\":[\"https:\/\/distilleriedesappalaches.com\/a-propos\/\"]}]},{\"@type\":\"ImageObject\",\"inLanguage\":\"en-CA\",\"@id\":\"https:\/\/distilleriedesappalaches.com\/a-propos\/#primaryimage\",\"url\":\"https:\/\/distilleriedesappalaches.com\/wp-content\/uploads\/2026\/01\/apropos.jpg\",\"contentUrl\":\"https:\/\/distilleriedesappalaches.com\/wp-content\/uploads\/2026\/01\/apropos.jpg\",\"width\":1200,\"height\":630},{\"@type\":\"BreadcrumbList\",\"@id\":\"https:\/\/distilleriedesappalaches.com\/a-propos\/#breadcrumb\",\"itemListElement\":[{\"@type\":\"ListItem\",\"position\":1,\"name\":\"Accueil\",\"item\":\"https:\/\/distilleriedesappalaches.com\/\"},{\"@type\":\"ListItem\",\"position\":2,\"name\":\"\u00c0 propos\"}]},{\"@type\":\"WebSite\",\"@id\":\"https:\/\/distilleriedesappalaches.com\/#website\",\"url\":\"https:\/\/distilleriedesappalaches.com\/\",\"name\":\"Distillerie des Appalaches\",\"description\":\"\",\"publisher\":{\"@id\":\"https:\/\/distilleriedesappalaches.com\/#organization\"},\"potentialAction\":[{\"@type\":\"SearchAction\",\"target\":{\"@type\":\"EntryPoint\",\"urlTemplate\":\"https:\/\/distilleriedesappalaches.com\/?s={search_term_string}\"},\"query-input\":{\"@type\":\"PropertyValueSpecification\",\"valueRequired\":true,\"valueName\":\"search_term_string\"}}],\"inLanguage\":\"en-CA\"},{\"@type\":\"Organization\",\"@id\":\"https:\/\/distilleriedesappalaches.com\/#organization\",\"name\":\"Distillerie des Appalaches\",\"url\":\"https:\/\/distilleriedesappalaches.com\/\",\"logo\":{\"@type\":\"ImageObject\",\"inLanguage\":\"en-CA\",\"@id\":\"https:\/\/distilleriedesappalaches.com\/#\/schema\/logo\/image\/\",\"url\":\"https:\/\/distilleriedesappalaches.com\/wp-content\/uploads\/2021\/10\/Logo-Appalaches-distillerie-CMYK-horiz-blanc-e1635354864230.png\",\"contentUrl\":\"https:\/\/distilleriedesappalaches.com\/wp-content\/uploads\/2021\/10\/Logo-Appalaches-distillerie-CMYK-horiz-blanc-e1635354864230.png\",\"width\":1564,\"height\":665,\"caption\":\"Distillerie des Appalaches\"},\"image\":{\"@id\":\"https:\/\/distilleriedesappalaches.com\/#\/schema\/logo\/image\/\"},\"sameAs\":[\"https:\/\/www.facebook.com\/appalachesdistillerie\",\"https:\/\/www.tiktok.com\/@appalachesdistillerie?is_from_webapp=1&sender_device=pc\",\"https:\/\/www.instagram.com\/appalachesdistillerie\/\"]}]}<\/script>\n<!-- \/ Yoast SEO plugin. -->","yoast_head_json":{"title":"\u00c0 propos - Distillerie des Appalaches","robots":{"index":"index","follow":"follow","max-snippet":"max-snippet:-1","max-image-preview":"max-image-preview:large","max-video-preview":"max-video-preview:-1"},"canonical":"https:\/\/distilleriedesappalaches.com\/en\/a-propos\/","og_locale":"en_US","og_type":"article","og_title":"\u00c0 propos - Distillerie des Appalaches","og_description":"DISTILLERIE DES APPALACHES Il faut parfois s\u2019arr\u00eater quelques instants et regarder la nature qui nous entoure. La nature \u00e9volue, elle se transforme au gr\u00e9 des saisons. Sans \u00eatre la plus bruyante elle r\u00e9ussit toujours \u00e0 se faire entendre de par sa grande sagesse. Elle renferme des secrets, saveurs oubli\u00e9es, qui n\u2019attendent qu\u2019\u00e0 \u00eatre port\u00e9es \u00e0 [&hellip;]","og_url":"https:\/\/distilleriedesappalaches.com\/en\/a-propos\/","og_site_name":"Distillerie des Appalaches","article_publisher":"https:\/\/www.facebook.com\/appalachesdistillerie","article_modified_time":"2026-01-09T04:03:02+00:00","og_image":[{"url":"https:\/\/distilleriedesappalaches.com\/wp-content\/uploads\/2020\/11\/i_dave.jpg","type":"","width":"","height":""}],"twitter_card":"summary_large_image","twitter_misc":{"Est. reading time":"2 minutes"},"schema":{"@context":"https:\/\/schema.org","@graph":[{"@type":"WebPage","@id":"https:\/\/distilleriedesappalaches.com\/a-propos\/","url":"https:\/\/distilleriedesappalaches.com\/a-propos\/","name":"\u00c0 propos - Distillerie des Appalaches","isPartOf":{"@id":"https:\/\/distilleriedesappalaches.com\/#website"},"primaryImageOfPage":{"@id":"https:\/\/distilleriedesappalaches.com\/a-propos\/#primaryimage"},"image":{"@id":"https:\/\/distilleriedesappalaches.com\/a-propos\/#primaryimage"},"thumbnailUrl":"https:\/\/distilleriedesappalaches.com\/wp-content\/uploads\/2026\/01\/apropos.jpg","datePublished":"2020-07-02T15:53:27+00:00","dateModified":"2026-01-09T04:03:02+00:00","breadcrumb":{"@id":"https:\/\/distilleriedesappalaches.com\/a-propos\/#breadcrumb"},"inLanguage":"en-CA","potentialAction":[{"@type":"ReadAction","target":["https:\/\/distilleriedesappalaches.com\/a-propos\/"]}]},{"@type":"ImageObject","inLanguage":"en-CA","@id":"https:\/\/distilleriedesappalaches.com\/a-propos\/#primaryimage","url":"https:\/\/distilleriedesappalaches.com\/wp-content\/uploads\/2026\/01\/apropos.jpg","contentUrl":"https:\/\/distilleriedesappalaches.com\/wp-content\/uploads\/2026\/01\/apropos.jpg","width":1200,"height":630},{"@type":"BreadcrumbList","@id":"https:\/\/distilleriedesappalaches.com\/a-propos\/#breadcrumb","itemListElement":[{"@type":"ListItem","position":1,"name":"Accueil","item":"https:\/\/distilleriedesappalaches.com\/"},{"@type":"ListItem","position":2,"name":"\u00c0 propos"}]},{"@type":"WebSite","@id":"https:\/\/distilleriedesappalaches.com\/#website","url":"https:\/\/distilleriedesappalaches.com\/","name":"Distillerie des Appalaches","description":"","publisher":{"@id":"https:\/\/distilleriedesappalaches.com\/#organization"},"potentialAction":[{"@type":"SearchAction","target":{"@type":"EntryPoint","urlTemplate":"https:\/\/distilleriedesappalaches.com\/?s={search_term_string}"},"query-input":{"@type":"PropertyValueSpecification","valueRequired":true,"valueName":"search_term_string"}}],"inLanguage":"en-CA"},{"@type":"Organization","@id":"https:\/\/distilleriedesappalaches.com\/#organization","name":"Distillerie des Appalaches","url":"https:\/\/distilleriedesappalaches.com\/","logo":{"@type":"ImageObject","inLanguage":"en-CA","@id":"https:\/\/distilleriedesappalaches.com\/#\/schema\/logo\/image\/","url":"https:\/\/distilleriedesappalaches.com\/wp-content\/uploads\/2021\/10\/Logo-Appalaches-distillerie-CMYK-horiz-blanc-e1635354864230.png","contentUrl":"https:\/\/distilleriedesappalaches.com\/wp-content\/uploads\/2021\/10\/Logo-Appalaches-distillerie-CMYK-horiz-blanc-e1635354864230.png","width":1564,"height":665,"caption":"Distillerie des Appalaches"},"image":{"@id":"https:\/\/distilleriedesappalaches.com\/#\/schema\/logo\/image\/"},"sameAs":["https:\/\/www.facebook.com\/appalachesdistillerie","https:\/\/www.tiktok.com\/@appalachesdistillerie?is_from_webapp=1&sender_device=pc","https:\/\/www.instagram.com\/appalachesdistillerie\/"]}]}},"_links":{"self":[{"href":"https:\/\/distilleriedesappalaches.com\/en\/wp-json\/wp\/v2\/pages\/75","targetHints":{"allow":["GET"]}}],"collection":[{"href":"https:\/\/distilleriedesappalaches.com\/en\/wp-json\/wp\/v2\/pages"}],"about":[{"href":"https:\/\/distilleriedesappalaches.com\/en\/wp-json\/wp\/v2\/types\/page"}],"author":[{"embeddable":true,"href":"https:\/\/distilleriedesappalaches.com\/en\/wp-json\/wp\/v2\/users\/14"}],"replies":[{"embeddable":true,"href":"https:\/\/distilleriedesappalaches.com\/en\/wp-json\/wp\/v2\/comments?post=75"}],"version-history":[{"count":14,"href":"https:\/\/distilleriedesappalaches.com\/en\/wp-json\/wp\/v2\/pages\/75\/revisions"}],"predecessor-version":[{"id":9616,"href":"https:\/\/distilleriedesappalaches.com\/en\/wp-json\/wp\/v2\/pages\/75\/revisions\/9616"}],"wp:featuredmedia":[{"embeddable":true,"href":"https:\/\/distilleriedesappalaches.com\/en\/wp-json\/wp\/v2\/media\/9615"}],"wp:attachment":[{"href":"https:\/\/distilleriedesappalaches.com\/en\/wp-json\/wp\/v2\/media?parent=75"}],"curies":[{"name":"wp","href":"https:\/\/api.w.org\/{rel}","templated":true}]}}