{"id":7852,"date":"2023-01-27T15:14:02","date_gmt":"2023-01-27T20:14:02","guid":{"rendered":"https:\/\/site1763060685.mywhc.ca\/?page_id=7852"},"modified":"2026-02-16T15:50:40","modified_gmt":"2026-02-16T20:50:40","slug":"reservation","status":"publish","type":"page","link":"https:\/\/distilleriedesappalaches.com\/en\/reservation\/","title":{"rendered":"Appalaches experience"},"content":{"rendered":"<p>[et_pb_section fb_built=\u00a0\u00bb1&Prime; _builder_version=\u00a0\u00bb4.27.4&Prime; _module_preset=\u00a0\u00bbdefault\u00a0\u00bb background_color=\u00a0\u00bbrgba(0,0,0,0)\u00a0\u00bb background_image=\u00a0\u00bbhttps:\/\/distilleriedesappalaches.com\/wp-content\/uploads\/2025\/12\/Exp_appalaches.webp\u00a0\u00bb background_blend=\u00a0\u00bbdarken\u00a0\u00bb saved_tabs=\u00a0\u00bball\u00a0\u00bb global_colors_info=\u00a0\u00bb\u00a0\u00bb][et_pb_row _builder_version=\u00a0\u00bb4.27.4&Prime; _module_preset=\u00a0\u00bbdefault\u00a0\u00bb global_colors_info=\u00a0\u00bb\u00a0\u00bb][et_pb_column type=\u00a0\u00bb4_4&Prime; _builder_version=\u00a0\u00bb4.27.4&Prime; _module_preset=\u00a0\u00bbdefault\u00a0\u00bb global_colors_info=\u00a0\u00bb\u00a0\u00bb][et_pb_text _builder_version=\u00a0\u00bb4.27.4&Prime; _dynamic_attributes=\u00a0\u00bbcontent\u00a0\u00bb _module_preset=\u00a0\u00bbdefault\u00a0\u00bb header_font=\u00a0\u00bb|||on|||||\u00a0\u00bb custom_margin=\u00a0\u00bb||0px|||\u00a0\u00bb custom_padding=\u00a0\u00bb||17px|||\u00a0\u00bb global_colors_info=\u00a0\u00bb\u00a0\u00bb]@ET-DC@eyJkeW5hbWljIjp0cnVlLCJjb250ZW50IjoicG9zdF90aXRsZSIsInNldHRpbmdzIjp7ImJlZm9yZSI6IjxoMT4iLCJhZnRlciI6IjwvaDE+In19@[\/et_pb_text][\/et_pb_column][\/et_pb_row][\/et_pb_section][et_pb_section fb_built=\u00a0\u00bb1&Prime; _builder_version=\u00a0\u00bb4.27.4&Prime; _module_preset=\u00a0\u00bbdefault\u00a0\u00bb custom_margin=\u00a0\u00bb||0px||false|false\u00a0\u00bb custom_padding=\u00a0\u00bb||0px||false|false\u00a0\u00bb global_colors_info=\u00a0\u00bb\u00a0\u00bb][et_pb_row column_structure=\u00a0\u00bb1_2,1_2&Prime; _builder_version=\u00a0\u00bb4.27.4&Prime; _module_preset=\u00a0\u00bbdefault\u00a0\u00bb global_colors_info=\u00a0\u00bb\u00a0\u00bb][et_pb_column type=\u00a0\u00bb1_2&Prime; _builder_version=\u00a0\u00bb4.27.4&Prime; _module_preset=\u00a0\u00bbdefault\u00a0\u00bb global_colors_info=\u00a0\u00bb\u00a0\u00bb][et_pb_text _builder_version=\u00a0\u00bb4.27.4&Prime; _module_preset=\u00a0\u00bbdefault\u00a0\u00bb text_text_color=\u00a0\u00bb#FFFFFF\u00a0\u00bb text_line_height=\u00a0\u00bb1em\u00a0\u00bb global_colors_info=\u00a0\u00bb\u00a0\u00bb]<\/p>\n<p>Would you like to enjoy an extraordinary epicurean experience?<\/p>\n<p>Our distillery offers tasting experiences on site!<\/p>\n<p>[\/et_pb_text][et_pb_text _builder_version=\u00a0\u00bb4.27.4&Prime; _module_preset=\u00a0\u00bbdefault\u00a0\u00bb text_text_color=\u00a0\u00bb#FFFFFF\u00a0\u00bb header_3_font_size=\u00a0\u00bb25px\u00a0\u00bb global_colors_info=\u00a0\u00bb\u00a0\u00bb]<\/p>\n<h2>OUR PACKAGES:<\/h2>\n<p>[\/et_pb_text][et_pb_text _builder_version=\u00a0\u00bb4.27.5&Prime; _module_preset=\u00a0\u00bbdefault\u00a0\u00bb text_text_color=\u00a0\u00bb#FFFFFF\u00a0\u00bb header_3_font_size=\u00a0\u00bb25px\u00a0\u00bb global_colors_info=\u00a0\u00bb\u00a0\u00bb]<\/p>\n<h3>APPALACHES EXPERIENCE ($20+TAX\/PERSON)<\/h3>\n<p>This 30-minute experience includes:<\/p>\n<ul>\n<li>History of the distillery<\/li>\n<li>5 complimentary tastings<\/li>\n<\/ul>\n<p>[\/et_pb_text][et_pb_text _builder_version=\u00a0\u00bb4.27.5&Prime; _module_preset=\u00a0\u00bbdefault\u00a0\u00bb text_text_color=\u00a0\u00bb#FFFFFF\u00a0\u00bb header_3_font_size=\u00a0\u00bb25px\u00a0\u00bb global_colors_info=\u00a0\u00bb\u00a0\u00bb]<\/p>\n<h3><\/h3>\n<h3>APPALACHES PLUS EXPERIENCE ($30+TAX\/PERSON)<\/h3>\n<p>This 30-minute experience includes:<\/p>\n<ul>\n<li>A tasting glass<\/li>\n<li>5 free product tastings<\/li>\n<li>Product description and explanation<\/li>\n<li>History of the distillery<\/li>\n<\/ul>\n<p>[\/et_pb_text][et_pb_text _builder_version=\u00a0\u00bb4.27.4&Prime; _module_preset=\u00a0\u00bbdefault\u00a0\u00bb text_text_color=\u00a0\u00bb#FFFFFF\u00a0\u00bb text_font_size=\u00a0\u00bb16px\u00a0\u00bb link_font=\u00a0\u00bb||||on||||\u00a0\u00bb link_text_color=\u00a0\u00bb#FFFFFF\u00a0\u00bb global_colors_info=\u00a0\u00bb\u00a0\u00bb]<\/p>\n<p>If you would like information about corporate or private events, please contact <a href=\"mailto:info@distilleriedesappalaches.com\">info@distilleriedesappalaches.com<\/a><\/p>\n<p>[\/et_pb_text][\/et_pb_column][et_pb_column type=\u00a0\u00bb1_2&Prime; _builder_version=\u00a0\u00bb4.27.4&Prime; _module_preset=\u00a0\u00bbdefault\u00a0\u00bb global_colors_info=\u00a0\u00bb\u00a0\u00bb][ba_image_carousel content_alignment=\u00a0\u00bbcenter\u00a0\u00bb slide_count=\u00a0\u00bb1&Prime; nav_height=\u00a0\u00bb48px\u00a0\u00bb nav_width=\u00a0\u00bb72px\u00a0\u00bb nav_color=\u00a0\u00bbgcid-heading-color\u00a0\u00bb nav_bg=\u00a0\u00bbRGBA(255,255,255,0)\u00a0\u00bb icon_left=\u00a0\u00bb&#xf104;||fa||900&Prime; icon_right=\u00a0\u00bb&#xf105;||fa||900&Prime; pagi_bg=\u00a0\u00bb#E02B20&Prime; _builder_version=\u00a0\u00bb4.27.4&Prime; _module_preset=\u00a0\u00bbdefault\u00a0\u00bb border_radii_image=\u00a0\u00bbon|20px|20px|20px|20px\u00a0\u00bb global_colors_info=\u00a0\u00bb{%22gcid-heading-color%22:%91%22nav_color%22%93}\u00a0\u00bb][ba_image_carousel_child photo=\u00a0\u00bbhttps:\/\/distilleriedesappalaches.com\/wp-content\/uploads\/2025\/12\/experience1.webp\u00a0\u00bb _builder_version=\u00a0\u00bb4.27.4&Prime; _module_preset=\u00a0\u00bbdefault\u00a0\u00bb global_colors_info=\u00a0\u00bb\u00a0\u00bb][\/ba_image_carousel_child][ba_image_carousel_child photo=\u00a0\u00bbhttps:\/\/distilleriedesappalaches.com\/wp-content\/uploads\/2025\/12\/experience2.webp\u00a0\u00bb _builder_version=\u00a0\u00bb4.27.4&Prime; _module_preset=\u00a0\u00bbdefault\u00a0\u00bb global_colors_info=\u00a0\u00bb\u00a0\u00bb][\/ba_image_carousel_child][ba_image_carousel_child photo=\u00a0\u00bbhttps:\/\/distilleriedesappalaches.com\/wp-content\/uploads\/2025\/12\/experience2-1.webp\u00a0\u00bb _builder_version=\u00a0\u00bb4.27.4&Prime; _module_preset=\u00a0\u00bbdefault\u00a0\u00bb global_colors_info=\u00a0\u00bb\u00a0\u00bb][\/ba_image_carousel_child][ba_image_carousel_child photo=\u00a0\u00bbhttps:\/\/distilleriedesappalaches.com\/wp-content\/uploads\/2025\/12\/experience3.webp\u00a0\u00bb _builder_version=\u00a0\u00bb4.27.4&Prime; _module_preset=\u00a0\u00bbdefault\u00a0\u00bb global_colors_info=\u00a0\u00bb\u00a0\u00bb][\/ba_image_carousel_child][\/ba_image_carousel][\/et_pb_column][\/et_pb_row][\/et_pb_section][et_pb_section fb_built=\u00a0\u00bb1&Prime; _builder_version=\u00a0\u00bb4.27.4&Prime; _module_preset=\u00a0\u00bbdefault\u00a0\u00bb custom_margin=\u00a0\u00bb0px||||false|false\u00a0\u00bb custom_padding=\u00a0\u00bb0px||||false|false\u00a0\u00bb global_colors_info=\u00a0\u00bb\u00a0\u00bb][et_pb_row _builder_version=\u00a0\u00bb4.27.4&Prime; _module_preset=\u00a0\u00bbdefault\u00a0\u00bb global_colors_info=\u00a0\u00bb\u00a0\u00bb][et_pb_column type=\u00a0\u00bb4_4&Prime; _builder_version=\u00a0\u00bb4.27.4&Prime; _module_preset=\u00a0\u00bbdefault\u00a0\u00bb global_colors_info=\u00a0\u00bb\u00a0\u00bb][et_pb_code _builder_version=\u00a0\u00bb4.27.4&Prime; _module_preset=\u00a0\u00bbdefault\u00a0\u00bb global_colors_info=\u00a0\u00bb\u00a0\u00bb]<script type=\"text\/javascript\" src=\"https:\/\/bookeo.com\/widget.js?a=41551EYU4TL185F4BDE645\"><\/script>[\/et_pb_code][\/et_pb_column][\/et_pb_row][\/et_pb_section]<\/p>","protected":false},"excerpt":{"rendered":"<p>Vous souhaitez vivre une exp\u00e9rience \u00e9picurienne hors de l\u2019ordinaire? Notre distillerie vous offre des exp\u00e9riences d\u00e9gustations sur place!NOS FORFAITS :EXP\u00c9RIENCE APPALACHES (20$+TX\/PERS) Cette exp\u00e9rience de 30 minutes comprend: Histoire de la distillerie 5 d\u00e9gustations gratuites EXP\u00c9RIENCE APPALACHES PLUS (30$+TX\/PERS) Cette exp\u00e9rience de 30 minutes comprend: Un verre d\u00e9gustation 5 d\u00e9gustations de produits gratuites Description et [&hellip;]<\/p>","protected":false},"author":11,"featured_media":9617,"parent":0,"menu_order":0,"comment_status":"closed","ping_status":"closed","template":"","meta":{"_acf_changed":false,"_et_pb_use_builder":"on","_et_pb_old_content":"<h2>Exp\u00e9rience Appalaches<\/h2>\t\t\n\t\t<h2 data-wp-editing=\"1\"><img style=\"letter-spacing: 7.2px;\" \/>Vous souhaitez vivre une exp\u00e9rience \u00e9picurienne hors de l\u2019ordinaire?<\/h2><p>Notre distillerie vous offre des exp\u00e9riences d\u00e9gustations sur place!<\/p>\t\t\n\t\t\t<h5>Nos forfaits:<\/h5>\t\t\n\t\t\t\t\t\t\t\t\t\t\t\t\t\t\t<img width=\"1024\" height=\"684\" src=\"https:\/\/distilleriedesappalaches.com\/wp-content\/uploads\/2023\/02\/211028_DEL-DistilleriedesAppalaches_0067-1024x684.jpg\" alt=\"\" loading=\"lazy\" srcset=\"https:\/\/distilleriedesappalaches.com\/wp-content\/uploads\/2023\/02\/211028_DEL-DistilleriedesAppalaches_0067-1024x684.jpg 1024w, https:\/\/distilleriedesappalaches.com\/wp-content\/uploads\/2023\/02\/211028_DEL-DistilleriedesAppalaches_0067-300x200.jpg 300w, https:\/\/distilleriedesappalaches.com\/wp-content\/uploads\/2023\/02\/211028_DEL-DistilleriedesAppalaches_0067-768x513.jpg 768w, https:\/\/distilleriedesappalaches.com\/wp-content\/uploads\/2023\/02\/211028_DEL-DistilleriedesAppalaches_0067-1536x1025.jpg 1536w, https:\/\/distilleriedesappalaches.com\/wp-content\/uploads\/2023\/02\/211028_DEL-DistilleriedesAppalaches_0067-2048x1367.jpg 2048w, https:\/\/distilleriedesappalaches.com\/wp-content\/uploads\/2023\/02\/211028_DEL-DistilleriedesAppalaches_0067-600x401.jpg 600w\" sizes=\"(max-width: 1024px) 100vw, 1024px\" \/>\t\t\t\t\t\t\t\t\t\t\t\t\t\t\t\n\t\t\t\t\t\t\t\t\t\t\t\t\t\t\t<img width=\"1024\" height=\"683\" src=\"https:\/\/distilleriedesappalaches.com\/wp-content\/uploads\/2023\/02\/211028_DEL-DistilleriedesAppalaches_0012-1024x683.jpg\" alt=\"\" loading=\"lazy\" srcset=\"https:\/\/distilleriedesappalaches.com\/wp-content\/uploads\/2023\/02\/211028_DEL-DistilleriedesAppalaches_0012-1024x683.jpg 1024w, https:\/\/distilleriedesappalaches.com\/wp-content\/uploads\/2023\/02\/211028_DEL-DistilleriedesAppalaches_0012-300x200.jpg 300w, https:\/\/distilleriedesappalaches.com\/wp-content\/uploads\/2023\/02\/211028_DEL-DistilleriedesAppalaches_0012-768x512.jpg 768w, https:\/\/distilleriedesappalaches.com\/wp-content\/uploads\/2023\/02\/211028_DEL-DistilleriedesAppalaches_0012-1536x1024.jpg 1536w, https:\/\/distilleriedesappalaches.com\/wp-content\/uploads\/2023\/02\/211028_DEL-DistilleriedesAppalaches_0012-2048x1365.jpg 2048w, https:\/\/distilleriedesappalaches.com\/wp-content\/uploads\/2023\/02\/211028_DEL-DistilleriedesAppalaches_0012-600x400.jpg 600w\" sizes=\"(max-width: 1024px) 100vw, 1024px\" \/>\t\t\t\t\t\t\t\t\t\t\t\t\t\t\t\n\t\t<h4><strong>Exp\u00e9rience Appalaches (20$+tx\/pers)<\/strong><\/h4><p>Cette exp\u00e9rience de 30 minutes comprend:<\/p><ul><li>explications des produits et l'histoire de la distillerie<\/li><li>5 d\u00e9gustations gratuites<\/li><\/ul><h4><strong>Exp\u00e9rience Appalaches PLUS (40$+tx\/pers)<\/strong><\/h4><p>Cette exp\u00e9rience de 30 minutes comprend:<\/p><ul><li>verre d\u00e9gustation<\/li><li>une bouteille de 200ml de votre choix<\/li><li>5 d\u00e9gustations de produits gratuites<\/li><li>Description et explication des produits<\/li><li>Histoire de la distillerie<\/li><\/ul>\t\t\n\t\t\t<h6><a href=\"http:\/\/annieclaude@distilleriedesappalaches.com\">Si vous d\u00e9sirez vous informer pour des \u00e9v\u00e9nements corporatifs ou priv\u00e9s, veuillez contacter info@distilleriedesappalaches.com<\/a><\/h6>","_et_gb_content_width":"","footnotes":""},"class_list":["post-7852","page","type-page","status-publish","has-post-thumbnail","hentry"],"acf":[],"yoast_head":"<!-- This site is optimized with the Yoast SEO plugin v26.7 - https:\/\/yoast.com\/wordpress\/plugins\/seo\/ -->\n<title>Exp\u00e9rience appalaches - Distillerie des Appalaches<\/title>\n<meta name=\"description\" content=\"Vous souhaitez vivre une exp\u00e9rience \u00e9picurienne hors de l\u2019ordinaire?Notre distillerie vous offre des exp\u00e9riences d\u00e9gustations sur place!\" \/>\n<meta name=\"robots\" content=\"index, follow, max-snippet:-1, max-image-preview:large, max-video-preview:-1\" \/>\n<link rel=\"canonical\" href=\"https:\/\/distilleriedesappalaches.com\/en\/reservation\/\" \/>\n<meta property=\"og:locale\" content=\"en_US\" \/>\n<meta property=\"og:type\" content=\"article\" \/>\n<meta property=\"og:title\" content=\"Exp\u00e9rience appalaches - Distillerie des Appalaches\" \/>\n<meta property=\"og:description\" content=\"Vous souhaitez vivre une exp\u00e9rience \u00e9picurienne hors de l\u2019ordinaire?Notre distillerie vous offre des exp\u00e9riences d\u00e9gustations sur place!\" \/>\n<meta property=\"og:url\" content=\"https:\/\/distilleriedesappalaches.com\/en\/reservation\/\" \/>\n<meta property=\"og:site_name\" content=\"Distillerie des Appalaches\" \/>\n<meta property=\"article:publisher\" content=\"https:\/\/www.facebook.com\/appalachesdistillerie\" \/>\n<meta property=\"article:modified_time\" content=\"2026-02-16T20:50:40+00:00\" \/>\n<meta property=\"og:image\" content=\"https:\/\/distilleriedesappalaches.com\/wp-content\/uploads\/2026\/01\/experience.jpg\" \/>\n\t<meta property=\"og:image:width\" content=\"1200\" \/>\n\t<meta property=\"og:image:height\" content=\"630\" \/>\n\t<meta property=\"og:image:type\" content=\"image\/jpeg\" \/>\n<meta name=\"twitter:card\" content=\"summary_large_image\" \/>\n<meta name=\"twitter:label1\" content=\"Est. reading time\" \/>\n\t<meta name=\"twitter:data1\" content=\"2 minutes\" \/>\n<script type=\"application\/ld+json\" class=\"yoast-schema-graph\">{\"@context\":\"https:\/\/schema.org\",\"@graph\":[{\"@type\":\"WebPage\",\"@id\":\"https:\/\/distilleriedesappalaches.com\/reservation\/\",\"url\":\"https:\/\/distilleriedesappalaches.com\/reservation\/\",\"name\":\"Exp\u00e9rience appalaches - Distillerie des Appalaches\",\"isPartOf\":{\"@id\":\"https:\/\/distilleriedesappalaches.com\/#website\"},\"primaryImageOfPage\":{\"@id\":\"https:\/\/distilleriedesappalaches.com\/reservation\/#primaryimage\"},\"image\":{\"@id\":\"https:\/\/distilleriedesappalaches.com\/reservation\/#primaryimage\"},\"thumbnailUrl\":\"https:\/\/distilleriedesappalaches.com\/wp-content\/uploads\/2026\/01\/experience.jpg\",\"datePublished\":\"2023-01-27T20:14:02+00:00\",\"dateModified\":\"2026-02-16T20:50:40+00:00\",\"description\":\"Vous souhaitez vivre une exp\u00e9rience \u00e9picurienne hors de l\u2019ordinaire?Notre distillerie vous offre des exp\u00e9riences d\u00e9gustations sur place!\",\"breadcrumb\":{\"@id\":\"https:\/\/distilleriedesappalaches.com\/reservation\/#breadcrumb\"},\"inLanguage\":\"en-CA\",\"potentialAction\":[{\"@type\":\"ReadAction\",\"target\":[\"https:\/\/distilleriedesappalaches.com\/reservation\/\"]}]},{\"@type\":\"ImageObject\",\"inLanguage\":\"en-CA\",\"@id\":\"https:\/\/distilleriedesappalaches.com\/reservation\/#primaryimage\",\"url\":\"https:\/\/distilleriedesappalaches.com\/wp-content\/uploads\/2026\/01\/experience.jpg\",\"contentUrl\":\"https:\/\/distilleriedesappalaches.com\/wp-content\/uploads\/2026\/01\/experience.jpg\",\"width\":1200,\"height\":630},{\"@type\":\"BreadcrumbList\",\"@id\":\"https:\/\/distilleriedesappalaches.com\/reservation\/#breadcrumb\",\"itemListElement\":[{\"@type\":\"ListItem\",\"position\":1,\"name\":\"Accueil\",\"item\":\"https:\/\/distilleriedesappalaches.com\/\"},{\"@type\":\"ListItem\",\"position\":2,\"name\":\"Exp\u00e9rience appalaches\"}]},{\"@type\":\"WebSite\",\"@id\":\"https:\/\/distilleriedesappalaches.com\/#website\",\"url\":\"https:\/\/distilleriedesappalaches.com\/\",\"name\":\"Distillerie des Appalaches\",\"description\":\"\",\"publisher\":{\"@id\":\"https:\/\/distilleriedesappalaches.com\/#organization\"},\"potentialAction\":[{\"@type\":\"SearchAction\",\"target\":{\"@type\":\"EntryPoint\",\"urlTemplate\":\"https:\/\/distilleriedesappalaches.com\/?s={search_term_string}\"},\"query-input\":{\"@type\":\"PropertyValueSpecification\",\"valueRequired\":true,\"valueName\":\"search_term_string\"}}],\"inLanguage\":\"en-CA\"},{\"@type\":\"Organization\",\"@id\":\"https:\/\/distilleriedesappalaches.com\/#organization\",\"name\":\"Distillerie des Appalaches\",\"url\":\"https:\/\/distilleriedesappalaches.com\/\",\"logo\":{\"@type\":\"ImageObject\",\"inLanguage\":\"en-CA\",\"@id\":\"https:\/\/distilleriedesappalaches.com\/#\/schema\/logo\/image\/\",\"url\":\"https:\/\/distilleriedesappalaches.com\/wp-content\/uploads\/2021\/10\/Logo-Appalaches-distillerie-CMYK-horiz-blanc-e1635354864230.png\",\"contentUrl\":\"https:\/\/distilleriedesappalaches.com\/wp-content\/uploads\/2021\/10\/Logo-Appalaches-distillerie-CMYK-horiz-blanc-e1635354864230.png\",\"width\":1564,\"height\":665,\"caption\":\"Distillerie des Appalaches\"},\"image\":{\"@id\":\"https:\/\/distilleriedesappalaches.com\/#\/schema\/logo\/image\/\"},\"sameAs\":[\"https:\/\/www.facebook.com\/appalachesdistillerie\",\"https:\/\/www.tiktok.com\/@appalachesdistillerie?is_from_webapp=1&sender_device=pc\",\"https:\/\/www.instagram.com\/appalachesdistillerie\/\"]}]}<\/script>\n<!-- \/ Yoast SEO plugin. -->","yoast_head_json":{"title":"Exp\u00e9rience appalaches - Distillerie des Appalaches","description":"Vous souhaitez vivre une exp\u00e9rience \u00e9picurienne hors de l\u2019ordinaire?Notre distillerie vous offre des exp\u00e9riences d\u00e9gustations sur place!","robots":{"index":"index","follow":"follow","max-snippet":"max-snippet:-1","max-image-preview":"max-image-preview:large","max-video-preview":"max-video-preview:-1"},"canonical":"https:\/\/distilleriedesappalaches.com\/en\/reservation\/","og_locale":"en_US","og_type":"article","og_title":"Exp\u00e9rience appalaches - Distillerie des Appalaches","og_description":"Vous souhaitez vivre une exp\u00e9rience \u00e9picurienne hors de l\u2019ordinaire?Notre distillerie vous offre des exp\u00e9riences d\u00e9gustations sur place!","og_url":"https:\/\/distilleriedesappalaches.com\/en\/reservation\/","og_site_name":"Distillerie des Appalaches","article_publisher":"https:\/\/www.facebook.com\/appalachesdistillerie","article_modified_time":"2026-02-16T20:50:40+00:00","og_image":[{"width":1200,"height":630,"url":"https:\/\/distilleriedesappalaches.com\/wp-content\/uploads\/2026\/01\/experience.jpg","type":"image\/jpeg"}],"twitter_card":"summary_large_image","twitter_misc":{"Est. reading time":"2 minutes"},"schema":{"@context":"https:\/\/schema.org","@graph":[{"@type":"WebPage","@id":"https:\/\/distilleriedesappalaches.com\/reservation\/","url":"https:\/\/distilleriedesappalaches.com\/reservation\/","name":"Exp\u00e9rience appalaches - Distillerie des Appalaches","isPartOf":{"@id":"https:\/\/distilleriedesappalaches.com\/#website"},"primaryImageOfPage":{"@id":"https:\/\/distilleriedesappalaches.com\/reservation\/#primaryimage"},"image":{"@id":"https:\/\/distilleriedesappalaches.com\/reservation\/#primaryimage"},"thumbnailUrl":"https:\/\/distilleriedesappalaches.com\/wp-content\/uploads\/2026\/01\/experience.jpg","datePublished":"2023-01-27T20:14:02+00:00","dateModified":"2026-02-16T20:50:40+00:00","description":"Vous souhaitez vivre une exp\u00e9rience \u00e9picurienne hors de l\u2019ordinaire?Notre distillerie vous offre des exp\u00e9riences d\u00e9gustations sur place!","breadcrumb":{"@id":"https:\/\/distilleriedesappalaches.com\/reservation\/#breadcrumb"},"inLanguage":"en-CA","potentialAction":[{"@type":"ReadAction","target":["https:\/\/distilleriedesappalaches.com\/reservation\/"]}]},{"@type":"ImageObject","inLanguage":"en-CA","@id":"https:\/\/distilleriedesappalaches.com\/reservation\/#primaryimage","url":"https:\/\/distilleriedesappalaches.com\/wp-content\/uploads\/2026\/01\/experience.jpg","contentUrl":"https:\/\/distilleriedesappalaches.com\/wp-content\/uploads\/2026\/01\/experience.jpg","width":1200,"height":630},{"@type":"BreadcrumbList","@id":"https:\/\/distilleriedesappalaches.com\/reservation\/#breadcrumb","itemListElement":[{"@type":"ListItem","position":1,"name":"Accueil","item":"https:\/\/distilleriedesappalaches.com\/"},{"@type":"ListItem","position":2,"name":"Exp\u00e9rience appalaches"}]},{"@type":"WebSite","@id":"https:\/\/distilleriedesappalaches.com\/#website","url":"https:\/\/distilleriedesappalaches.com\/","name":"Distillerie des Appalaches","description":"","publisher":{"@id":"https:\/\/distilleriedesappalaches.com\/#organization"},"potentialAction":[{"@type":"SearchAction","target":{"@type":"EntryPoint","urlTemplate":"https:\/\/distilleriedesappalaches.com\/?s={search_term_string}"},"query-input":{"@type":"PropertyValueSpecification","valueRequired":true,"valueName":"search_term_string"}}],"inLanguage":"en-CA"},{"@type":"Organization","@id":"https:\/\/distilleriedesappalaches.com\/#organization","name":"Distillerie des Appalaches","url":"https:\/\/distilleriedesappalaches.com\/","logo":{"@type":"ImageObject","inLanguage":"en-CA","@id":"https:\/\/distilleriedesappalaches.com\/#\/schema\/logo\/image\/","url":"https:\/\/distilleriedesappalaches.com\/wp-content\/uploads\/2021\/10\/Logo-Appalaches-distillerie-CMYK-horiz-blanc-e1635354864230.png","contentUrl":"https:\/\/distilleriedesappalaches.com\/wp-content\/uploads\/2021\/10\/Logo-Appalaches-distillerie-CMYK-horiz-blanc-e1635354864230.png","width":1564,"height":665,"caption":"Distillerie des Appalaches"},"image":{"@id":"https:\/\/distilleriedesappalaches.com\/#\/schema\/logo\/image\/"},"sameAs":["https:\/\/www.facebook.com\/appalachesdistillerie","https:\/\/www.tiktok.com\/@appalachesdistillerie?is_from_webapp=1&sender_device=pc","https:\/\/www.instagram.com\/appalachesdistillerie\/"]}]}},"_links":{"self":[{"href":"https:\/\/distilleriedesappalaches.com\/en\/wp-json\/wp\/v2\/pages\/7852","targetHints":{"allow":["GET"]}}],"collection":[{"href":"https:\/\/distilleriedesappalaches.com\/en\/wp-json\/wp\/v2\/pages"}],"about":[{"href":"https:\/\/distilleriedesappalaches.com\/en\/wp-json\/wp\/v2\/types\/page"}],"author":[{"embeddable":true,"href":"https:\/\/distilleriedesappalaches.com\/en\/wp-json\/wp\/v2\/users\/11"}],"replies":[{"embeddable":true,"href":"https:\/\/distilleriedesappalaches.com\/en\/wp-json\/wp\/v2\/comments?post=7852"}],"version-history":[{"count":24,"href":"https:\/\/distilleriedesappalaches.com\/en\/wp-json\/wp\/v2\/pages\/7852\/revisions"}],"predecessor-version":[{"id":9681,"href":"https:\/\/distilleriedesappalaches.com\/en\/wp-json\/wp\/v2\/pages\/7852\/revisions\/9681"}],"wp:featuredmedia":[{"embeddable":true,"href":"https:\/\/distilleriedesappalaches.com\/en\/wp-json\/wp\/v2\/media\/9617"}],"wp:attachment":[{"href":"https:\/\/distilleriedesappalaches.com\/en\/wp-json\/wp\/v2\/media?parent=7852"}],"curies":[{"name":"wp","href":"https:\/\/api.w.org\/{rel}","templated":true}]}}