{"id":82,"date":"2020-07-02T12:18:39","date_gmt":"2020-07-02T12:18:39","guid":{"rendered":"https:\/\/jupiterx.artbees.net\/brew-house\/?page_id=82"},"modified":"2026-01-08T22:59:31","modified_gmt":"2026-01-09T03:59:31","slug":"contact","status":"publish","type":"page","link":"https:\/\/distilleriedesappalaches.com\/en\/contact\/","title":{"rendered":"Contact"},"content":{"rendered":"[et_pb_section fb_built=\u00a0\u00bb1&Prime; _builder_version=\u00a0\u00bb4.27.4&Prime; _module_preset=\u00a0\u00bbdefault\u00a0\u00bb background_color=\u00a0\u00bbrgba(0,0,0,0.3)\u00a0\u00bb background_image=\u00a0\u00bbhttps:\/\/distilleriedesappalaches.com\/wp-content\/uploads\/2025\/12\/Contact.webp\u00a0\u00bb background_blend=\u00a0\u00bbdarken\u00a0\u00bb global_colors_info=\u00a0\u00bb\u00a0\u00bb][et_pb_row _builder_version=\u00a0\u00bb4.27.4&Prime; _module_preset=\u00a0\u00bbdefault\u00a0\u00bb global_colors_info=\u00a0\u00bb\u00a0\u00bb][et_pb_column type=\u00a0\u00bb4_4&Prime; _builder_version=\u00a0\u00bb4.27.4&Prime; _module_preset=\u00a0\u00bbdefault\u00a0\u00bb global_colors_info=\u00a0\u00bb\u00a0\u00bb][et_pb_text _builder_version=\u00a0\u00bb4.27.4&Prime; _dynamic_attributes=\u00a0\u00bbcontent\u00a0\u00bb _module_preset=\u00a0\u00bbdefault\u00a0\u00bb header_font=\u00a0\u00bb|||on|||||\u00a0\u00bb custom_margin=\u00a0\u00bb||0px|||\u00a0\u00bb custom_padding=\u00a0\u00bb||17px|||\u00a0\u00bb global_colors_info=\u00a0\u00bb\u00a0\u00bb]@ET-DC@eyJkeW5hbWljIjp0cnVlLCJjb250ZW50IjoicG9zdF90aXRsZSIsInNldHRpbmdzIjp7ImJlZm9yZSI6IjxoMT4iLCJhZnRlciI6IjwvaDE+In19@[\/et_pb_text][\/et_pb_column][\/et_pb_row][\/et_pb_section][et_pb_section fb_built=\u00a0\u00bb1&Prime; _builder_version=\u00a0\u00bb4.27.4&Prime; _module_preset=\u00a0\u00bbdefault\u00a0\u00bb global_colors_info=\u00a0\u00bb\u00a0\u00bb][et_pb_row column_structure=\u00a0\u00bb1_2,1_2&Prime; _builder_version=\u00a0\u00bb4.27.4&Prime; _module_preset=\u00a0\u00bbdefault\u00a0\u00bb global_colors_info=\u00a0\u00bb\u00a0\u00bb][et_pb_column type=\u00a0\u00bb1_2&Prime; _builder_version=\u00a0\u00bb4.27.4&Prime; _module_preset=\u00a0\u00bbdefault\u00a0\u00bb global_colors_info=\u00a0\u00bb\u00a0\u00bb][et_pb_text ul_type=\u00a0\u00bbnone\u00a0\u00bb ul_item_indent=\u00a0\u00bb10px\u00a0\u00bb _builder_version=\u00a0\u00bb4.27.4&Prime; _module_preset=\u00a0\u00bbdefault\u00a0\u00bb text_text_color=\u00a0\u00bb#FFFFFF\u00a0\u00bb link_text_color=\u00a0\u00bbgcid-heading-color\u00a0\u00bb header_3_font=\u00a0\u00bb|||on|||||\u00a0\u00bb custom_padding=\u00a0\u00bb0px|||||\u00a0\u00bb hover_enabled=\u00a0\u00bb0&Prime; global_colors_info=\u00a0\u00bb{%22gcid-heading-color%22:%91%22link_text_color%22%93}\u00a0\u00bb sticky_enabled=\u00a0\u00bb0&Prime;]<h3>Address<\/h3>\n<ul>\n<li>1570, Rue des Riveurs, L\u00e9vis, QC, G6Y 0C2, suite 103<\/li>\n<\/ul>[\/et_pb_text][et_pb_text ul_type=\u00a0\u00bbnone\u00a0\u00bb ul_item_indent=\u00a0\u00bb10px\u00a0\u00bb _builder_version=\u00a0\u00bb4.27.4&Prime; _module_preset=\u00a0\u00bbdefault\u00a0\u00bb text_text_color=\u00a0\u00bb#FFFFFF\u00a0\u00bb link_text_color=\u00a0\u00bbgcid-heading-color\u00a0\u00bb header_3_font=\u00a0\u00bb|||on|||||\u00a0\u00bb custom_padding=\u00a0\u00bb0px|||||\u00a0\u00bb hover_enabled=\u00a0\u00bb0&Prime; global_colors_info=\u00a0\u00bb{%22gcid-heading-color%22:%91%22link_text_color%22%93}\u00a0\u00bb sticky_enabled=\u00a0\u00bb0&Prime;]<h3>Email<\/h3>\n<ul>\n<li><a href=\"mailto:info@distilleriedesappalaches.com\" target=\"_blank\" rel=\"noopener\">info@distilleriedesappalaches.<wbr \/>com<\/a><\/li>\n<\/ul>[\/et_pb_text][et_pb_text ul_type=\u00a0\u00bbnone\u00a0\u00bb ul_item_indent=\u00a0\u00bb10px\u00a0\u00bb _builder_version=\u00a0\u00bb4.27.4&Prime; _module_preset=\u00a0\u00bbdefault\u00a0\u00bb text_text_color=\u00a0\u00bb#FFFFFF\u00a0\u00bb link_text_color=\u00a0\u00bbgcid-heading-color\u00a0\u00bb ul_line_height=\u00a0\u00bb2em\u00a0\u00bb header_3_font=\u00a0\u00bb|||on|||||\u00a0\u00bb custom_padding=\u00a0\u00bb0px|||||\u00a0\u00bb hover_enabled=\u00a0\u00bb0&Prime; global_colors_info=\u00a0\u00bb{%22gcid-heading-color%22:%91%22link_text_color%22%93}\u00a0\u00bb sticky_enabled=\u00a0\u00bb0&Prime;]<h3>Phone<\/h3>\n<ul>\n<li><strong><strong><\/strong><\/strong>\n<div><a href=\"tel:+418-929-9319\">Production and delivery: 418-929-9319<\/a><\/div>\n<\/li>\n<li>\n<div><a href=\"tel:+450-280-1034\">Sales and Marketing: 450-280-1034<\/a><\/div>\n<\/li>\n<li>\n<div><a href=\"tel:+581-305-0705\">SAQ representative: 581-305-0705<\/a><\/div>\n<\/li>\n<li>\n<div><a href=\"tel:+581-983-7729\">Store: 581-983-7729<\/a> \u00a0<\/div>\n<\/li>\n<\/ul>[\/et_pb_text][et_pb_text ul_type=\u00a0\u00bbnone\u00a0\u00bb ul_item_indent=\u00a0\u00bb10px\u00a0\u00bb _builder_version=\u00a0\u00bb4.27.4&Prime; _module_preset=\u00a0\u00bbdefault\u00a0\u00bb text_text_color=\u00a0\u00bb#FFFFFF\u00a0\u00bb link_text_color=\u00a0\u00bbgcid-heading-color\u00a0\u00bb header_3_font=\u00a0\u00bb|||on|||||\u00a0\u00bb custom_padding=\u00a0\u00bb0px|||||\u00a0\u00bb global_colors_info=\u00a0\u00bb{%22gcid-heading-color%22:%91%22link_text_color%22%93}\u00a0\u00bb]<h3>Opening hours<\/h3>\n<ul>\n<li>Monday to Wednesday: 7 a.m. to 3 p.m.<\/li>\n<li>Thursday: 7 a.m. to 7 p.m.<\/li>\n<li>Friday: 7 a.m. to 3 p.m.<\/li>\n<li>Saturday: 1 p.m. to 5 p.m.<\/li>\n<\/ul>[\/et_pb_text][\/et_pb_column][et_pb_column type=\u00a0\u00bb1_2&Prime; _builder_version=\u00a0\u00bb4.27.4&Prime; _module_preset=\u00a0\u00bbdefault\u00a0\u00bb global_colors_info=\u00a0\u00bb\u00a0\u00bb][dsm_embed_google_map address=\u00a0\u00bb1570, Rue des Riveurs, L\u00e9vis, QC, G6Y 0C2, suite 103&Prime; zoom=\u00a0\u00bb13&Prime; _builder_version=\u00a0\u00bb4.27.4&Prime; _module_preset=\u00a0\u00bbdefault\u00a0\u00bb hover_enabled=\u00a0\u00bb0&Prime; border_radii=\u00a0\u00bbon|20px|20px|20px|20px\u00a0\u00bb global_colors_info=\u00a0\u00bb\u00a0\u00bb sticky_enabled=\u00a0\u00bb0&Prime;][\/dsm_embed_google_map][\/et_pb_column][\/et_pb_row][\/et_pb_section]","protected":false},"excerpt":{"rendered":"<p>Adresse 1570, Rue des Riveurs, L\u00e9vis, QC, G6Y 0C2, suite 103 Courriel info@distilleriedesappalaches.com T\u00e9l\u00e9phone Production et livraison:418-929-9319 Ventes et marketing: 450-280-1034 Respr\u00e9sentante SAQ: 581-305-0705 Boutique: 581-983-7729 \u00a0 Heures d&rsquo;ouverture Lundi au mercredi : 7 h \u00e0 15 h Jeudi : 7 h \u00e0 19 h Vendredi : 7 h \u00e0 15 h Samedi : 13 [&hellip;]<\/p>","protected":false},"author":18,"featured_media":9585,"parent":0,"menu_order":0,"comment_status":"closed","ping_status":"closed","template":"","meta":{"_acf_changed":false,"_et_pb_use_builder":"on","_et_pb_old_content":"<h1>Contact<\/h1>\t\t\n\t\t\t<iframe loading=\"lazy\"\n\t\t\t\t\tsrc=\"https:\/\/maps.google.com\/maps?q=1570%20des%20riveurs%2C%20L%C3%A9vis&#038;t=m&#038;z=14&#038;output=embed&#038;iwloc=near\"\n\t\t\t\t\ttitle=\"1570 des riveurs, L\u00e9vis\"\n\t\t\t\t\taria-label=\"1570 des riveurs, L\u00e9vis\"\n\t\t\t><\/iframe>\n\t\t\t<h1>COORDONN\u00c9ES<\/h1>\t\t\n\t\t\t\t<h4>\n\t\t\t\t\t\tAdresse\t\t\t\t\t\n\t\t\t\t<\/h4>\n\t\t\t\t\t\t\t\t\t<p>\n\t\t\t\t\t\t<br>1570 DES RIVEURS, SUITE 103,<br>L\u00c9VIS, QC G6Y 0C2\t\t\t\t\t<\/p>\n\t\t\t\t<h4>\n\t\t\t\t\t\tT\u00e9l\u00e9phone\t\t\t\t\t\n\t\t\t\t<\/h4>\n\t\t\t\t\t<ul>\n\t\t\t\t\t\t\t<li>\n\t\t\t\t\t\t\t\t\t\t\t<a href=\"tel:(581)%20983-7729\">\n\t\t\t\t\t\t\t\t\t\t\tBoutique : (581) 983-7729\n\t\t\t\t\t\t\t\t\t\t\t<\/a>\n\t\t\t\t\t\t\t\t\t<\/li>\n\t\t\t\t\t\t\t\t<li>\n\t\t\t\t\t\t\t\t\t\t\t<a href=\"tel:(450)%20280-1034\">\n\t\t\t\t\t\t\t\t\t\t\tVentes et marketing : (450) 280-1034\n\t\t\t\t\t\t\t\t\t\t\t<\/a>\n\t\t\t\t\t\t\t\t\t<\/li>\n\t\t\t\t\t\t\t\t<li>\n\t\t\t\t\t\t\t\t\t\t\t<a href=\"tel:(581)%20997-8115\">\n\t\t\t\t\t\t\t\t\t\t\tRepr\u00e9sentante SAQ : (581) 997-8115\u00a0\n\t\t\t\t\t\t\t\t\t\t\t<\/a>\n\t\t\t\t\t\t\t\t\t<\/li>\n\t\t\t\t\t\t<\/ul>\n\t\t\t\t<a href=\"https:\/\/www.facebook.com\/appalachesdistillerie\" tabindex=\"-1\">\n\t\t\t\t\t\t\t\t<\/a>\n\t\t\t\t<h4>\n\t\t\t\t\t<a href=\"https:\/\/www.facebook.com\/appalachesdistillerie\" >\n\t\t\t\t\t\tHeures d'ouverture\t\t\t\t\t<\/a>\n\t\t\t\t<\/h4>\n\t\t\t\t\t\t\t\t\t<p>\n\t\t\t\t\t\tConsulter notre page Facebook\t\t\t\t\t<\/p>\n\t\t\t\t<h4>\n\t\t\t\t\t\tNOus suivre\t\t\t\t\t\n\t\t\t\t<\/h4>\n\t\t\t\t\t<ul>\n\t\t\t\t\t\t\t<li>\n\t\t\t\t\t\t\t\t\t\t\t<a href=\"https:\/\/www.facebook.com\/Keplerdrygin\" target=\"_blank\" rel=\"noopener\">\n\t\t\t\t\t\t\t\t\t\t\tFacebook \n\t\t\t\t\t\t\t\t\t\t\t<\/a>\n\t\t\t\t\t\t\t\t\t<\/li>\n\t\t\t\t\t\t\t\t<li>\n\t\t\t\t\t\t\t\t\t\t\t<a href=\"https:\/\/www.instagram.com\/distilleriedesappalaches\/\" target=\"_blank\" rel=\"noopener\">\n\t\t\t\t\t\t\t\t\t\t\tInstagram\n\t\t\t\t\t\t\t\t\t\t\t<\/a>\n\t\t\t\t\t\t\t\t\t<\/li>\n\t\t\t\t\t\t<\/ul>","_et_gb_content_width":"","footnotes":""},"class_list":["post-82","page","type-page","status-publish","has-post-thumbnail","hentry"],"acf":[],"yoast_head":"<!-- This site is optimized with the Yoast SEO plugin v26.7 - https:\/\/yoast.com\/wordpress\/plugins\/seo\/ -->\n<title>Contact - Distillerie des Appalaches<\/title>\n<meta name=\"robots\" content=\"index, follow, max-snippet:-1, max-image-preview:large, max-video-preview:-1\" \/>\n<link rel=\"canonical\" href=\"https:\/\/distilleriedesappalaches.com\/en\/contact\/\" \/>\n<meta property=\"og:locale\" content=\"en_US\" \/>\n<meta property=\"og:type\" content=\"article\" \/>\n<meta property=\"og:title\" content=\"Contact - Distillerie des Appalaches\" \/>\n<meta property=\"og:description\" content=\"Adresse 1570, Rue des Riveurs, L\u00e9vis, QC, G6Y 0C2, suite 103 Courriel info@distilleriedesappalaches.com T\u00e9l\u00e9phone Production et livraison:418-929-9319 Ventes et marketing: 450-280-1034 Respr\u00e9sentante SAQ: 581-305-0705 Boutique: 581-983-7729 \u00a0 Heures d&#039;ouverture Lundi au mercredi : 7 h \u00e0 15 h Jeudi : 7 h \u00e0 19 h Vendredi : 7 h \u00e0 15 h Samedi : 13 [&hellip;]\" \/>\n<meta property=\"og:url\" content=\"https:\/\/distilleriedesappalaches.com\/en\/contact\/\" \/>\n<meta property=\"og:site_name\" content=\"Distillerie des Appalaches\" \/>\n<meta property=\"article:publisher\" content=\"https:\/\/www.facebook.com\/appalachesdistillerie\" \/>\n<meta property=\"article:modified_time\" content=\"2026-01-09T03:59:31+00:00\" \/>\n<meta name=\"twitter:card\" content=\"summary_large_image\" \/>\n<meta name=\"twitter:label1\" content=\"Est. reading time\" \/>\n\t<meta name=\"twitter:data1\" content=\"1 minute\" \/>\n<script type=\"application\/ld+json\" class=\"yoast-schema-graph\">{\"@context\":\"https:\/\/schema.org\",\"@graph\":[{\"@type\":\"WebPage\",\"@id\":\"https:\/\/distilleriedesappalaches.com\/contact\/\",\"url\":\"https:\/\/distilleriedesappalaches.com\/contact\/\",\"name\":\"Contact - Distillerie des Appalaches\",\"isPartOf\":{\"@id\":\"https:\/\/distilleriedesappalaches.com\/#website\"},\"primaryImageOfPage\":{\"@id\":\"https:\/\/distilleriedesappalaches.com\/contact\/#primaryimage\"},\"image\":{\"@id\":\"https:\/\/distilleriedesappalaches.com\/contact\/#primaryimage\"},\"thumbnailUrl\":\"https:\/\/distilleriedesappalaches.com\/wp-content\/uploads\/2026\/01\/accueil.jpg\",\"datePublished\":\"2020-07-02T12:18:39+00:00\",\"dateModified\":\"2026-01-09T03:59:31+00:00\",\"breadcrumb\":{\"@id\":\"https:\/\/distilleriedesappalaches.com\/contact\/#breadcrumb\"},\"inLanguage\":\"en-CA\",\"potentialAction\":[{\"@type\":\"ReadAction\",\"target\":[\"https:\/\/distilleriedesappalaches.com\/contact\/\"]}]},{\"@type\":\"ImageObject\",\"inLanguage\":\"en-CA\",\"@id\":\"https:\/\/distilleriedesappalaches.com\/contact\/#primaryimage\",\"url\":\"https:\/\/distilleriedesappalaches.com\/wp-content\/uploads\/2026\/01\/accueil.jpg\",\"contentUrl\":\"https:\/\/distilleriedesappalaches.com\/wp-content\/uploads\/2026\/01\/accueil.jpg\",\"width\":1200,\"height\":630},{\"@type\":\"BreadcrumbList\",\"@id\":\"https:\/\/distilleriedesappalaches.com\/contact\/#breadcrumb\",\"itemListElement\":[{\"@type\":\"ListItem\",\"position\":1,\"name\":\"Accueil\",\"item\":\"https:\/\/distilleriedesappalaches.com\/\"},{\"@type\":\"ListItem\",\"position\":2,\"name\":\"Contact\"}]},{\"@type\":\"WebSite\",\"@id\":\"https:\/\/distilleriedesappalaches.com\/#website\",\"url\":\"https:\/\/distilleriedesappalaches.com\/\",\"name\":\"Distillerie des Appalaches\",\"description\":\"\",\"publisher\":{\"@id\":\"https:\/\/distilleriedesappalaches.com\/#organization\"},\"potentialAction\":[{\"@type\":\"SearchAction\",\"target\":{\"@type\":\"EntryPoint\",\"urlTemplate\":\"https:\/\/distilleriedesappalaches.com\/?s={search_term_string}\"},\"query-input\":{\"@type\":\"PropertyValueSpecification\",\"valueRequired\":true,\"valueName\":\"search_term_string\"}}],\"inLanguage\":\"en-CA\"},{\"@type\":\"Organization\",\"@id\":\"https:\/\/distilleriedesappalaches.com\/#organization\",\"name\":\"Distillerie des Appalaches\",\"url\":\"https:\/\/distilleriedesappalaches.com\/\",\"logo\":{\"@type\":\"ImageObject\",\"inLanguage\":\"en-CA\",\"@id\":\"https:\/\/distilleriedesappalaches.com\/#\/schema\/logo\/image\/\",\"url\":\"https:\/\/distilleriedesappalaches.com\/wp-content\/uploads\/2021\/10\/Logo-Appalaches-distillerie-CMYK-horiz-blanc-e1635354864230.png\",\"contentUrl\":\"https:\/\/distilleriedesappalaches.com\/wp-content\/uploads\/2021\/10\/Logo-Appalaches-distillerie-CMYK-horiz-blanc-e1635354864230.png\",\"width\":1564,\"height\":665,\"caption\":\"Distillerie des Appalaches\"},\"image\":{\"@id\":\"https:\/\/distilleriedesappalaches.com\/#\/schema\/logo\/image\/\"},\"sameAs\":[\"https:\/\/www.facebook.com\/appalachesdistillerie\",\"https:\/\/www.tiktok.com\/@appalachesdistillerie?is_from_webapp=1&sender_device=pc\",\"https:\/\/www.instagram.com\/appalachesdistillerie\/\"]}]}<\/script>\n<!-- \/ Yoast SEO plugin. -->","yoast_head_json":{"title":"Contact - Distillerie des Appalaches","robots":{"index":"index","follow":"follow","max-snippet":"max-snippet:-1","max-image-preview":"max-image-preview:large","max-video-preview":"max-video-preview:-1"},"canonical":"https:\/\/distilleriedesappalaches.com\/en\/contact\/","og_locale":"en_US","og_type":"article","og_title":"Contact - Distillerie des Appalaches","og_description":"Adresse 1570, Rue des Riveurs, L\u00e9vis, QC, G6Y 0C2, suite 103 Courriel info@distilleriedesappalaches.com T\u00e9l\u00e9phone Production et livraison:418-929-9319 Ventes et marketing: 450-280-1034 Respr\u00e9sentante SAQ: 581-305-0705 Boutique: 581-983-7729 \u00a0 Heures d'ouverture Lundi au mercredi : 7 h \u00e0 15 h Jeudi : 7 h \u00e0 19 h Vendredi : 7 h \u00e0 15 h Samedi : 13 [&hellip;]","og_url":"https:\/\/distilleriedesappalaches.com\/en\/contact\/","og_site_name":"Distillerie des Appalaches","article_publisher":"https:\/\/www.facebook.com\/appalachesdistillerie","article_modified_time":"2026-01-09T03:59:31+00:00","twitter_card":"summary_large_image","twitter_misc":{"Est. reading time":"1 minute"},"schema":{"@context":"https:\/\/schema.org","@graph":[{"@type":"WebPage","@id":"https:\/\/distilleriedesappalaches.com\/contact\/","url":"https:\/\/distilleriedesappalaches.com\/contact\/","name":"Contact - Distillerie des Appalaches","isPartOf":{"@id":"https:\/\/distilleriedesappalaches.com\/#website"},"primaryImageOfPage":{"@id":"https:\/\/distilleriedesappalaches.com\/contact\/#primaryimage"},"image":{"@id":"https:\/\/distilleriedesappalaches.com\/contact\/#primaryimage"},"thumbnailUrl":"https:\/\/distilleriedesappalaches.com\/wp-content\/uploads\/2026\/01\/accueil.jpg","datePublished":"2020-07-02T12:18:39+00:00","dateModified":"2026-01-09T03:59:31+00:00","breadcrumb":{"@id":"https:\/\/distilleriedesappalaches.com\/contact\/#breadcrumb"},"inLanguage":"en-CA","potentialAction":[{"@type":"ReadAction","target":["https:\/\/distilleriedesappalaches.com\/contact\/"]}]},{"@type":"ImageObject","inLanguage":"en-CA","@id":"https:\/\/distilleriedesappalaches.com\/contact\/#primaryimage","url":"https:\/\/distilleriedesappalaches.com\/wp-content\/uploads\/2026\/01\/accueil.jpg","contentUrl":"https:\/\/distilleriedesappalaches.com\/wp-content\/uploads\/2026\/01\/accueil.jpg","width":1200,"height":630},{"@type":"BreadcrumbList","@id":"https:\/\/distilleriedesappalaches.com\/contact\/#breadcrumb","itemListElement":[{"@type":"ListItem","position":1,"name":"Accueil","item":"https:\/\/distilleriedesappalaches.com\/"},{"@type":"ListItem","position":2,"name":"Contact"}]},{"@type":"WebSite","@id":"https:\/\/distilleriedesappalaches.com\/#website","url":"https:\/\/distilleriedesappalaches.com\/","name":"Distillerie des Appalaches","description":"","publisher":{"@id":"https:\/\/distilleriedesappalaches.com\/#organization"},"potentialAction":[{"@type":"SearchAction","target":{"@type":"EntryPoint","urlTemplate":"https:\/\/distilleriedesappalaches.com\/?s={search_term_string}"},"query-input":{"@type":"PropertyValueSpecification","valueRequired":true,"valueName":"search_term_string"}}],"inLanguage":"en-CA"},{"@type":"Organization","@id":"https:\/\/distilleriedesappalaches.com\/#organization","name":"Distillerie des Appalaches","url":"https:\/\/distilleriedesappalaches.com\/","logo":{"@type":"ImageObject","inLanguage":"en-CA","@id":"https:\/\/distilleriedesappalaches.com\/#\/schema\/logo\/image\/","url":"https:\/\/distilleriedesappalaches.com\/wp-content\/uploads\/2021\/10\/Logo-Appalaches-distillerie-CMYK-horiz-blanc-e1635354864230.png","contentUrl":"https:\/\/distilleriedesappalaches.com\/wp-content\/uploads\/2021\/10\/Logo-Appalaches-distillerie-CMYK-horiz-blanc-e1635354864230.png","width":1564,"height":665,"caption":"Distillerie des Appalaches"},"image":{"@id":"https:\/\/distilleriedesappalaches.com\/#\/schema\/logo\/image\/"},"sameAs":["https:\/\/www.facebook.com\/appalachesdistillerie","https:\/\/www.tiktok.com\/@appalachesdistillerie?is_from_webapp=1&sender_device=pc","https:\/\/www.instagram.com\/appalachesdistillerie\/"]}]}},"_links":{"self":[{"href":"https:\/\/distilleriedesappalaches.com\/en\/wp-json\/wp\/v2\/pages\/82","targetHints":{"allow":["GET"]}}],"collection":[{"href":"https:\/\/distilleriedesappalaches.com\/en\/wp-json\/wp\/v2\/pages"}],"about":[{"href":"https:\/\/distilleriedesappalaches.com\/en\/wp-json\/wp\/v2\/types\/page"}],"author":[{"embeddable":true,"href":"https:\/\/distilleriedesappalaches.com\/en\/wp-json\/wp\/v2\/users\/18"}],"replies":[{"embeddable":true,"href":"https:\/\/distilleriedesappalaches.com\/en\/wp-json\/wp\/v2\/comments?post=82"}],"version-history":[{"count":8,"href":"https:\/\/distilleriedesappalaches.com\/en\/wp-json\/wp\/v2\/pages\/82\/revisions"}],"predecessor-version":[{"id":9619,"href":"https:\/\/distilleriedesappalaches.com\/en\/wp-json\/wp\/v2\/pages\/82\/revisions\/9619"}],"wp:featuredmedia":[{"embeddable":true,"href":"https:\/\/distilleriedesappalaches.com\/en\/wp-json\/wp\/v2\/media\/9585"}],"wp:attachment":[{"href":"https:\/\/distilleriedesappalaches.com\/en\/wp-json\/wp\/v2\/media?parent=82"}],"curies":[{"name":"wp","href":"https:\/\/api.w.org\/{rel}","templated":true}]}}