{"id":8411,"date":"2023-11-25T10:45:25","date_gmt":"2023-11-25T15:45:25","guid":{"rendered":"https:\/\/site1763060685.mywhc.ca\/?page_id=8411"},"modified":"2026-01-09T14:37:35","modified_gmt":"2026-01-09T19:37:35","slug":"bordee","status":"publish","type":"page","link":"https:\/\/distilleriedesappalaches.com\/en\/bordee\/","title":{"rendered":"Bord\u00e9e"},"content":{"rendered":"<p><img decoding=\"async\" width=\"1024\" height=\"538\" src=\"https:\/\/distilleriedesappalaches.com\/wp-content\/uploads\/2023\/11\/pubs-whiskey-bordee-appalaches-pelleter-1024x538.jpg\" alt=\"\" loading=\"lazy\" srcset=\"https:\/\/distilleriedesappalaches.com\/wp-content\/uploads\/2023\/11\/pubs-whiskey-bordee-appalaches-pelleter-1024x538.jpg 1024w, https:\/\/distilleriedesappalaches.com\/wp-content\/uploads\/2023\/11\/pubs-whiskey-bordee-appalaches-pelleter-300x158.jpg 300w, https:\/\/distilleriedesappalaches.com\/wp-content\/uploads\/2023\/11\/pubs-whiskey-bordee-appalaches-pelleter-768x403.jpg 768w, https:\/\/distilleriedesappalaches.com\/wp-content\/uploads\/2023\/11\/pubs-whiskey-bordee-appalaches-pelleter-600x315.jpg 600w, https:\/\/distilleriedesappalaches.com\/wp-content\/uploads\/2023\/11\/pubs-whiskey-bordee-appalaches-pelleter.jpg 1200w\" sizes=\"(max-width: 1024px) 100vw, 1024px\" \/>\t\t\t\t\t\t\t\t\t\t\t\t\t\t\t<\/p>\n<h2>Cocktails<\/h2>\n<h2><\/h2>\n<h2>Mule Bord\u00e9e<br \/><\/h2>\n<ul>\n<li>Assembled in the glass.<\/li>\n<li>1\/3 lime, crushed into pieces<\/li>\n<li>1.5 oz bord\u00e9e<\/li>\n<\/ul>\n<p>Fill with ginger beer and ice.<\/p>\n<p>\t\t\t\t\t\t\t\t\t\t\t\t\t\t\t<img decoding=\"async\" width=\"200\" height=\"300\" src=\"https:\/\/distilleriedesappalaches.com\/wp-content\/uploads\/2023\/11\/Mule-Bordee-200x300.jpg\" alt=\"\" loading=\"lazy\" srcset=\"https:\/\/distilleriedesappalaches.com\/wp-content\/uploads\/2023\/11\/Mule-Bordee-200x300.jpg 200w, https:\/\/distilleriedesappalaches.com\/wp-content\/uploads\/2023\/11\/Mule-Bordee-683x1024.jpg 683w, https:\/\/distilleriedesappalaches.com\/wp-content\/uploads\/2023\/11\/Mule-Bordee-768x1152.jpg 768w, https:\/\/distilleriedesappalaches.com\/wp-content\/uploads\/2023\/11\/Mule-Bordee-1024x1536.jpg 1024w, https:\/\/distilleriedesappalaches.com\/wp-content\/uploads\/2023\/11\/Mule-Bordee-1365x2048.jpg 1365w, https:\/\/distilleriedesappalaches.com\/wp-content\/uploads\/2023\/11\/Mule-Bordee-600x900.jpg 600w, https:\/\/distilleriedesappalaches.com\/wp-content\/uploads\/2023\/11\/Mule-Bordee-scaled.jpg 1707w\" sizes=\"(max-width: 200px) 100vw, 200px\" \/><br \/>\n\t\t\t\t\t\t\t\t\t\t\t\t\t\t\t<img decoding=\"async\" width=\"200\" height=\"300\" src=\"https:\/\/distilleriedesappalaches.com\/wp-content\/uploads\/2023\/11\/Cafe-Coquin-Bordee-200x300.jpg\" alt=\"\" loading=\"lazy\" srcset=\"https:\/\/distilleriedesappalaches.com\/wp-content\/uploads\/2023\/11\/Cafe-Coquin-Bordee-200x300.jpg 200w, https:\/\/distilleriedesappalaches.com\/wp-content\/uploads\/2023\/11\/Cafe-Coquin-Bordee-683x1024.jpg 683w, https:\/\/distilleriedesappalaches.com\/wp-content\/uploads\/2023\/11\/Cafe-Coquin-Bordee-768x1152.jpg 768w, https:\/\/distilleriedesappalaches.com\/wp-content\/uploads\/2023\/11\/Cafe-Coquin-Bordee-1024x1536.jpg 1024w, https:\/\/distilleriedesappalaches.com\/wp-content\/uploads\/2023\/11\/Cafe-Coquin-Bordee-1365x2048.jpg 1365w, https:\/\/distilleriedesappalaches.com\/wp-content\/uploads\/2023\/11\/Cafe-Coquin-Bordee-600x900.jpg 600w, https:\/\/distilleriedesappalaches.com\/wp-content\/uploads\/2023\/11\/Cafe-Coquin-Bordee-scaled.jpg 1707w\" sizes=\"(max-width: 200px) 100vw, 200px\" \/>\t\t\t\t\t\t\t\t\t\t\t\t\t\t\t<\/p>\n<h2><\/h2>\n<h2>Naughty Coffee La bord\u00e9e<\/h2>\n<ul>\n<li>Coffee<\/li>\n<li>1oz of La Bord\u00e9e maple whiskey<\/li>\n<li>1.5 oz of Appalachian coconut syrup.<\/li>\n<\/ul>\n<p>Faire couler un caf\u00e9. &nbsp;Ajouter 1 oz de Whisky \u00e0 l\u2019\u00e9rable la Bord\u00e9e et 1 1\/2 de sirop de coco. &nbsp;Servir avec de la cr\u00e8me fouett\u00e9e (optionnel)<\/p>\n<h2><\/h2>\n<h2>Bord\u00e9elime<\/h2>\n<ul>\n<li>1.5 oz Bord\u00e9e<\/li>\n<li>\u00be oz lime juice<\/li>\n<li>1 oz pineapple juice<\/li>\n<\/ul>\n<p>Dans un verre moscow mule, ajout\u00e9 les ingr\u00e9dients et beaucoup de glace.<\/p>\n<p>Garnish with a lime wedge.<\/p>\n<p>\t\t\t\t\t\t\t\t\t\t\t\t\t\t\t<img decoding=\"async\" width=\"200\" height=\"300\" src=\"https:\/\/distilleriedesappalaches.com\/wp-content\/uploads\/2023\/11\/bordeelime-200x300.jpg\" alt=\"\" loading=\"lazy\" srcset=\"https:\/\/distilleriedesappalaches.com\/wp-content\/uploads\/2023\/11\/bordeelime-200x300.jpg 200w, https:\/\/distilleriedesappalaches.com\/wp-content\/uploads\/2023\/11\/bordeelime-683x1024.jpg 683w, https:\/\/distilleriedesappalaches.com\/wp-content\/uploads\/2023\/11\/bordeelime-768x1152.jpg 768w, https:\/\/distilleriedesappalaches.com\/wp-content\/uploads\/2023\/11\/bordeelime-1024x1536.jpg 1024w, https:\/\/distilleriedesappalaches.com\/wp-content\/uploads\/2023\/11\/bordeelime-1365x2048.jpg 1365w, https:\/\/distilleriedesappalaches.com\/wp-content\/uploads\/2023\/11\/bordeelime-600x900.jpg 600w, https:\/\/distilleriedesappalaches.com\/wp-content\/uploads\/2023\/11\/bordeelime-scaled.jpg 1707w\" sizes=\"(max-width: 200px) 100vw, 200px\" \/><\/p>","protected":false},"excerpt":{"rendered":"<p>Cocktails Mule Bord\u00e9e Ba\u0302ti dans le verre. 1\/3 de lime e\u0301crase\u0301e en morceaux 1.5 oz de bord\u00e9e Allonger a\u0300 la bie\u0300re de gingembre Glace. Caf\u00e9 Coquin La bord\u00e9e Caf\u00e9 1oz de Whisky \u00e0 l\u2019\u00e9rable La Bord\u00e9e 1.5oz de sirop de coco Appalaches. Faire couler un caf\u00e9. &nbsp;Ajouter 1 oz de Whisky \u00e0 l\u2019\u00e9rable la Bord\u00e9e [&hellip;]<\/p>","protected":false},"author":11,"featured_media":0,"parent":0,"menu_order":0,"comment_status":"closed","ping_status":"closed","template":"","meta":{"_acf_changed":false,"_et_pb_use_builder":"","_et_pb_old_content":"","_et_gb_content_width":"1080","footnotes":""},"class_list":["post-8411","page","type-page","status-publish","hentry"],"acf":[],"yoast_head":"<!-- This site is optimized with the Yoast SEO plugin v26.7 - https:\/\/yoast.com\/wordpress\/plugins\/seo\/ -->\n<title>Bord\u00e9e - Distillerie des Appalaches<\/title>\n<meta name=\"robots\" content=\"index, follow, max-snippet:-1, max-image-preview:large, max-video-preview:-1\" \/>\n<link rel=\"canonical\" href=\"https:\/\/distilleriedesappalaches.com\/en\/bordee\/\" \/>\n<meta property=\"og:locale\" content=\"en_US\" \/>\n<meta property=\"og:type\" content=\"article\" \/>\n<meta property=\"og:title\" content=\"Bord\u00e9e - Distillerie des Appalaches\" \/>\n<meta property=\"og:description\" content=\"Cocktails Mule Bord\u00e9e Ba\u0302ti dans le verre. 1\/3 de lime e\u0301crase\u0301e en morceaux 1.5 oz de bord\u00e9e Allonger a\u0300 la bie\u0300re de gingembre Glace. Caf\u00e9 Coquin La bord\u00e9e Caf\u00e9 1oz de Whisky \u00e0 l\u2019\u00e9rable La Bord\u00e9e 1.5oz de sirop de coco Appalaches. Faire couler un caf\u00e9. &nbsp;Ajouter 1 oz de Whisky \u00e0 l\u2019\u00e9rable la Bord\u00e9e [&hellip;]\" \/>\n<meta property=\"og:url\" content=\"https:\/\/distilleriedesappalaches.com\/en\/bordee\/\" \/>\n<meta property=\"og:site_name\" content=\"Distillerie des Appalaches\" \/>\n<meta property=\"article:publisher\" content=\"https:\/\/www.facebook.com\/appalachesdistillerie\" \/>\n<meta property=\"article:modified_time\" content=\"2026-01-09T19:37:35+00:00\" \/>\n<meta property=\"og:image\" content=\"https:\/\/distilleriedesappalaches.com\/wp-content\/uploads\/2023\/11\/pubs-whiskey-bordee-appalaches-pelleter-1024x538.jpg\" \/>\n<meta name=\"twitter:card\" content=\"summary_large_image\" \/>\n<meta name=\"twitter:label1\" content=\"Est. reading time\" \/>\n\t<meta name=\"twitter:data1\" content=\"2 minutes\" \/>\n<script type=\"application\/ld+json\" class=\"yoast-schema-graph\">{\"@context\":\"https:\/\/schema.org\",\"@graph\":[{\"@type\":\"WebPage\",\"@id\":\"https:\/\/distilleriedesappalaches.com\/bordee\/\",\"url\":\"https:\/\/distilleriedesappalaches.com\/bordee\/\",\"name\":\"Bord\u00e9e - Distillerie des Appalaches\",\"isPartOf\":{\"@id\":\"https:\/\/distilleriedesappalaches.com\/#website\"},\"primaryImageOfPage\":{\"@id\":\"https:\/\/distilleriedesappalaches.com\/bordee\/#primaryimage\"},\"image\":{\"@id\":\"https:\/\/distilleriedesappalaches.com\/bordee\/#primaryimage\"},\"thumbnailUrl\":\"https:\/\/distilleriedesappalaches.com\/wp-content\/uploads\/2023\/11\/pubs-whiskey-bordee-appalaches-pelleter-1024x538.jpg\",\"datePublished\":\"2023-11-25T15:45:25+00:00\",\"dateModified\":\"2026-01-09T19:37:35+00:00\",\"breadcrumb\":{\"@id\":\"https:\/\/distilleriedesappalaches.com\/bordee\/#breadcrumb\"},\"inLanguage\":\"en-CA\",\"potentialAction\":[{\"@type\":\"ReadAction\",\"target\":[\"https:\/\/distilleriedesappalaches.com\/bordee\/\"]}]},{\"@type\":\"ImageObject\",\"inLanguage\":\"en-CA\",\"@id\":\"https:\/\/distilleriedesappalaches.com\/bordee\/#primaryimage\",\"url\":\"https:\/\/distilleriedesappalaches.com\/wp-content\/uploads\/2023\/11\/pubs-whiskey-bordee-appalaches-pelleter-1024x538.jpg\",\"contentUrl\":\"https:\/\/distilleriedesappalaches.com\/wp-content\/uploads\/2023\/11\/pubs-whiskey-bordee-appalaches-pelleter-1024x538.jpg\"},{\"@type\":\"BreadcrumbList\",\"@id\":\"https:\/\/distilleriedesappalaches.com\/bordee\/#breadcrumb\",\"itemListElement\":[{\"@type\":\"ListItem\",\"position\":1,\"name\":\"Accueil\",\"item\":\"https:\/\/distilleriedesappalaches.com\/\"},{\"@type\":\"ListItem\",\"position\":2,\"name\":\"Bord\u00e9e\"}]},{\"@type\":\"WebSite\",\"@id\":\"https:\/\/distilleriedesappalaches.com\/#website\",\"url\":\"https:\/\/distilleriedesappalaches.com\/\",\"name\":\"Distillerie des Appalaches\",\"description\":\"\",\"publisher\":{\"@id\":\"https:\/\/distilleriedesappalaches.com\/#organization\"},\"potentialAction\":[{\"@type\":\"SearchAction\",\"target\":{\"@type\":\"EntryPoint\",\"urlTemplate\":\"https:\/\/distilleriedesappalaches.com\/?s={search_term_string}\"},\"query-input\":{\"@type\":\"PropertyValueSpecification\",\"valueRequired\":true,\"valueName\":\"search_term_string\"}}],\"inLanguage\":\"en-CA\"},{\"@type\":\"Organization\",\"@id\":\"https:\/\/distilleriedesappalaches.com\/#organization\",\"name\":\"Distillerie des Appalaches\",\"url\":\"https:\/\/distilleriedesappalaches.com\/\",\"logo\":{\"@type\":\"ImageObject\",\"inLanguage\":\"en-CA\",\"@id\":\"https:\/\/distilleriedesappalaches.com\/#\/schema\/logo\/image\/\",\"url\":\"https:\/\/distilleriedesappalaches.com\/wp-content\/uploads\/2021\/10\/Logo-Appalaches-distillerie-CMYK-horiz-blanc-e1635354864230.png\",\"contentUrl\":\"https:\/\/distilleriedesappalaches.com\/wp-content\/uploads\/2021\/10\/Logo-Appalaches-distillerie-CMYK-horiz-blanc-e1635354864230.png\",\"width\":1564,\"height\":665,\"caption\":\"Distillerie des Appalaches\"},\"image\":{\"@id\":\"https:\/\/distilleriedesappalaches.com\/#\/schema\/logo\/image\/\"},\"sameAs\":[\"https:\/\/www.facebook.com\/appalachesdistillerie\",\"https:\/\/www.tiktok.com\/@appalachesdistillerie?is_from_webapp=1&sender_device=pc\",\"https:\/\/www.instagram.com\/appalachesdistillerie\/\"]}]}<\/script>\n<!-- \/ Yoast SEO plugin. -->","yoast_head_json":{"title":"Bord\u00e9e - Distillerie des Appalaches","robots":{"index":"index","follow":"follow","max-snippet":"max-snippet:-1","max-image-preview":"max-image-preview:large","max-video-preview":"max-video-preview:-1"},"canonical":"https:\/\/distilleriedesappalaches.com\/en\/bordee\/","og_locale":"en_US","og_type":"article","og_title":"Bord\u00e9e - Distillerie des Appalaches","og_description":"Cocktails Mule Bord\u00e9e Ba\u0302ti dans le verre. 1\/3 de lime e\u0301crase\u0301e en morceaux 1.5 oz de bord\u00e9e Allonger a\u0300 la bie\u0300re de gingembre Glace. Caf\u00e9 Coquin La bord\u00e9e Caf\u00e9 1oz de Whisky \u00e0 l\u2019\u00e9rable La Bord\u00e9e 1.5oz de sirop de coco Appalaches. Faire couler un caf\u00e9. &nbsp;Ajouter 1 oz de Whisky \u00e0 l\u2019\u00e9rable la Bord\u00e9e [&hellip;]","og_url":"https:\/\/distilleriedesappalaches.com\/en\/bordee\/","og_site_name":"Distillerie des Appalaches","article_publisher":"https:\/\/www.facebook.com\/appalachesdistillerie","article_modified_time":"2026-01-09T19:37:35+00:00","og_image":[{"url":"https:\/\/distilleriedesappalaches.com\/wp-content\/uploads\/2023\/11\/pubs-whiskey-bordee-appalaches-pelleter-1024x538.jpg","type":"","width":"","height":""}],"twitter_card":"summary_large_image","twitter_misc":{"Est. reading time":"2 minutes"},"schema":{"@context":"https:\/\/schema.org","@graph":[{"@type":"WebPage","@id":"https:\/\/distilleriedesappalaches.com\/bordee\/","url":"https:\/\/distilleriedesappalaches.com\/bordee\/","name":"Bord\u00e9e - Distillerie des Appalaches","isPartOf":{"@id":"https:\/\/distilleriedesappalaches.com\/#website"},"primaryImageOfPage":{"@id":"https:\/\/distilleriedesappalaches.com\/bordee\/#primaryimage"},"image":{"@id":"https:\/\/distilleriedesappalaches.com\/bordee\/#primaryimage"},"thumbnailUrl":"https:\/\/distilleriedesappalaches.com\/wp-content\/uploads\/2023\/11\/pubs-whiskey-bordee-appalaches-pelleter-1024x538.jpg","datePublished":"2023-11-25T15:45:25+00:00","dateModified":"2026-01-09T19:37:35+00:00","breadcrumb":{"@id":"https:\/\/distilleriedesappalaches.com\/bordee\/#breadcrumb"},"inLanguage":"en-CA","potentialAction":[{"@type":"ReadAction","target":["https:\/\/distilleriedesappalaches.com\/bordee\/"]}]},{"@type":"ImageObject","inLanguage":"en-CA","@id":"https:\/\/distilleriedesappalaches.com\/bordee\/#primaryimage","url":"https:\/\/distilleriedesappalaches.com\/wp-content\/uploads\/2023\/11\/pubs-whiskey-bordee-appalaches-pelleter-1024x538.jpg","contentUrl":"https:\/\/distilleriedesappalaches.com\/wp-content\/uploads\/2023\/11\/pubs-whiskey-bordee-appalaches-pelleter-1024x538.jpg"},{"@type":"BreadcrumbList","@id":"https:\/\/distilleriedesappalaches.com\/bordee\/#breadcrumb","itemListElement":[{"@type":"ListItem","position":1,"name":"Accueil","item":"https:\/\/distilleriedesappalaches.com\/"},{"@type":"ListItem","position":2,"name":"Bord\u00e9e"}]},{"@type":"WebSite","@id":"https:\/\/distilleriedesappalaches.com\/#website","url":"https:\/\/distilleriedesappalaches.com\/","name":"Distillerie des Appalaches","description":"","publisher":{"@id":"https:\/\/distilleriedesappalaches.com\/#organization"},"potentialAction":[{"@type":"SearchAction","target":{"@type":"EntryPoint","urlTemplate":"https:\/\/distilleriedesappalaches.com\/?s={search_term_string}"},"query-input":{"@type":"PropertyValueSpecification","valueRequired":true,"valueName":"search_term_string"}}],"inLanguage":"en-CA"},{"@type":"Organization","@id":"https:\/\/distilleriedesappalaches.com\/#organization","name":"Distillerie des Appalaches","url":"https:\/\/distilleriedesappalaches.com\/","logo":{"@type":"ImageObject","inLanguage":"en-CA","@id":"https:\/\/distilleriedesappalaches.com\/#\/schema\/logo\/image\/","url":"https:\/\/distilleriedesappalaches.com\/wp-content\/uploads\/2021\/10\/Logo-Appalaches-distillerie-CMYK-horiz-blanc-e1635354864230.png","contentUrl":"https:\/\/distilleriedesappalaches.com\/wp-content\/uploads\/2021\/10\/Logo-Appalaches-distillerie-CMYK-horiz-blanc-e1635354864230.png","width":1564,"height":665,"caption":"Distillerie des Appalaches"},"image":{"@id":"https:\/\/distilleriedesappalaches.com\/#\/schema\/logo\/image\/"},"sameAs":["https:\/\/www.facebook.com\/appalachesdistillerie","https:\/\/www.tiktok.com\/@appalachesdistillerie?is_from_webapp=1&sender_device=pc","https:\/\/www.instagram.com\/appalachesdistillerie\/"]}]}},"_links":{"self":[{"href":"https:\/\/distilleriedesappalaches.com\/en\/wp-json\/wp\/v2\/pages\/8411","targetHints":{"allow":["GET"]}}],"collection":[{"href":"https:\/\/distilleriedesappalaches.com\/en\/wp-json\/wp\/v2\/pages"}],"about":[{"href":"https:\/\/distilleriedesappalaches.com\/en\/wp-json\/wp\/v2\/types\/page"}],"author":[{"embeddable":true,"href":"https:\/\/distilleriedesappalaches.com\/en\/wp-json\/wp\/v2\/users\/11"}],"replies":[{"embeddable":true,"href":"https:\/\/distilleriedesappalaches.com\/en\/wp-json\/wp\/v2\/comments?post=8411"}],"version-history":[{"count":1,"href":"https:\/\/distilleriedesappalaches.com\/en\/wp-json\/wp\/v2\/pages\/8411\/revisions"}],"predecessor-version":[{"id":9652,"href":"https:\/\/distilleriedesappalaches.com\/en\/wp-json\/wp\/v2\/pages\/8411\/revisions\/9652"}],"wp:attachment":[{"href":"https:\/\/distilleriedesappalaches.com\/en\/wp-json\/wp\/v2\/media?parent=8411"}],"curies":[{"name":"wp","href":"https:\/\/api.w.org\/{rel}","templated":true}]}}