{"id":8423,"date":"2023-11-25T11:00:51","date_gmt":"2023-11-25T16:00:51","guid":{"rendered":"https:\/\/site1763060685.mywhc.ca\/?page_id=8423"},"modified":"2023-12-04T10:58:02","modified_gmt":"2023-12-04T15:58:02","slug":"amaretto-foret-noire","status":"publish","type":"page","link":"https:\/\/distilleriedesappalaches.com\/en\/amaretto-foret-noire\/","title":{"rendered":"Amaretto For\u00eat Noire"},"content":{"rendered":"<p><img decoding=\"async\" width=\"1024\" height=\"176\" src=\"https:\/\/distilleriedesappalaches.com\/wp-content\/uploads\/2023\/12\/Amaretto-Fore\u0302t-Noire-1024x176.jpeg\" alt=\"\" loading=\"lazy\" srcset=\"https:\/\/distilleriedesappalaches.com\/wp-content\/uploads\/2023\/12\/Amaretto-Fore\u0302t-Noire-1024x176.jpeg 1024w, https:\/\/distilleriedesappalaches.com\/wp-content\/uploads\/2023\/12\/Amaretto-Fore\u0302t-Noire-300x51.jpeg 300w, https:\/\/distilleriedesappalaches.com\/wp-content\/uploads\/2023\/12\/Amaretto-Fore\u0302t-Noire-768x132.jpeg 768w, https:\/\/distilleriedesappalaches.com\/wp-content\/uploads\/2023\/12\/Amaretto-Fore\u0302t-Noire-1536x264.jpeg 1536w, https:\/\/distilleriedesappalaches.com\/wp-content\/uploads\/2023\/12\/Amaretto-Fore\u0302t-Noire-2048x351.jpeg 2048w, https:\/\/distilleriedesappalaches.com\/wp-content\/uploads\/2023\/12\/Amaretto-Fore\u0302t-Noire-600x103.jpeg 600w\" sizes=\"(max-width: 1024px) 100vw, 1024px\" \/>\t\t\t\t\t\t\t\t\t\t\t\t\t\t\t<\/p>\n<h2>Cocktails<\/h2>\n<h1><\/h1>\n<h1><\/h1>\n<h1>Black Forest Espresso Martini<\/h1>\n<ul>\n<li>1.5 oz Black Forest Amaretto<\/li>\n<li>2 oz cream<\/li>\n<li>2 oz espresso<\/li>\n<\/ul>\n<p>Chill your martini glass.<\/p>\n<p>Place all ingredients in a shaker. Strain.<\/p>\n<p>\t\t\t\t\t\t\t\t\t\t\t\t\t\t\t<img decoding=\"async\" width=\"200\" height=\"300\" src=\"https:\/\/distilleriedesappalaches.com\/wp-content\/uploads\/2023\/11\/Espresso-Foret-Noire-Martini-200x300.jpg\" alt=\"\" loading=\"lazy\" srcset=\"https:\/\/distilleriedesappalaches.com\/wp-content\/uploads\/2023\/11\/Espresso-Foret-Noire-Martini-200x300.jpg 200w, https:\/\/distilleriedesappalaches.com\/wp-content\/uploads\/2023\/11\/Espresso-Foret-Noire-Martini-683x1024.jpg 683w, https:\/\/distilleriedesappalaches.com\/wp-content\/uploads\/2023\/11\/Espresso-Foret-Noire-Martini-768x1152.jpg 768w, https:\/\/distilleriedesappalaches.com\/wp-content\/uploads\/2023\/11\/Espresso-Foret-Noire-Martini-1024x1536.jpg 1024w, https:\/\/distilleriedesappalaches.com\/wp-content\/uploads\/2023\/11\/Espresso-Foret-Noire-Martini-1365x2048.jpg 1365w, https:\/\/distilleriedesappalaches.com\/wp-content\/uploads\/2023\/11\/Espresso-Foret-Noire-Martini-600x900.jpg 600w, https:\/\/distilleriedesappalaches.com\/wp-content\/uploads\/2023\/11\/Espresso-Foret-Noire-Martini-scaled.jpg 1707w\" sizes=\"(max-width: 200px) 100vw, 200px\" \/><br \/>\n\t\t\t\t\t\t\t\t\t\t\t\t\t\t\t<img decoding=\"async\" width=\"200\" height=\"300\" src=\"https:\/\/distilleriedesappalaches.com\/wp-content\/uploads\/2020\/12\/Amaretto-Sour-200x300.jpg\" alt=\"\" loading=\"lazy\" srcset=\"https:\/\/distilleriedesappalaches.com\/wp-content\/uploads\/2020\/12\/Amaretto-Sour-200x300.jpg 200w, https:\/\/distilleriedesappalaches.com\/wp-content\/uploads\/2020\/12\/Amaretto-Sour-683x1024.jpg 683w, https:\/\/distilleriedesappalaches.com\/wp-content\/uploads\/2020\/12\/Amaretto-Sour-768x1152.jpg 768w, https:\/\/distilleriedesappalaches.com\/wp-content\/uploads\/2020\/12\/Amaretto-Sour-1024x1536.jpg 1024w, https:\/\/distilleriedesappalaches.com\/wp-content\/uploads\/2020\/12\/Amaretto-Sour-1365x2048.jpg 1365w, https:\/\/distilleriedesappalaches.com\/wp-content\/uploads\/2020\/12\/Amaretto-Sour-600x900.jpg 600w, https:\/\/distilleriedesappalaches.com\/wp-content\/uploads\/2020\/12\/Amaretto-Sour-scaled.jpg 1707w\" sizes=\"(max-width: 200px) 100vw, 200px\" \/>\t\t\t\t\t\t\t\t\t\t\t\t\t\t\t<\/p>\n<h1><\/h1>\n<h1><\/h1>\n<h1><\/h1>\n<h1>Amaretto Sour<\/h1>\n<ul>\n<li>1.5 oz VodkaFit Limonade Sicilienne<\/li>\n<li>1.5 oz Black Forest Amaretto<\/li>\n<li>Sparkling water<\/li>\n<li>Mix everything together in a glass. Top up with sparkling water.<\/li>\n<\/ul>\n<p>&nbsp;<\/p>","protected":false},"excerpt":{"rendered":"<p>Cocktails Espresso Martini For\u00eat Noire 1.5 oz Amaretto F\u00f4ret Noire 2 oz cream 2 oz espresso Refroidir votre verre a martini. Mettre tous les ingr\u00e9dients dans un shaker. Filtrer. Amaretto Sour 1.5 oz VodkaFit Limonade Sicilienne 1.5 oz Amaretto For\u00eat Noire Eau p\u00e9tillante M\u00e9langer le tout dans un verre. Allonger d\u2019eau p\u00e9tillante. &nbsp;<\/p>","protected":false},"author":11,"featured_media":0,"parent":0,"menu_order":0,"comment_status":"closed","ping_status":"closed","template":"","meta":{"_acf_changed":false,"_et_pb_use_builder":"","_et_pb_old_content":"","_et_gb_content_width":"","footnotes":""},"class_list":["post-8423","page","type-page","status-publish","hentry"],"acf":[],"yoast_head":"<!-- This site is optimized with the Yoast SEO plugin v26.7 - https:\/\/yoast.com\/wordpress\/plugins\/seo\/ -->\n<title>Amaretto For\u00eat Noire - Distillerie des Appalaches<\/title>\n<meta name=\"robots\" content=\"index, follow, max-snippet:-1, max-image-preview:large, max-video-preview:-1\" \/>\n<link rel=\"canonical\" href=\"https:\/\/distilleriedesappalaches.com\/en\/amaretto-foret-noire\/\" \/>\n<meta property=\"og:locale\" content=\"en_US\" \/>\n<meta property=\"og:type\" content=\"article\" \/>\n<meta property=\"og:title\" content=\"Amaretto For\u00eat Noire - Distillerie des Appalaches\" \/>\n<meta property=\"og:description\" content=\"Cocktails Espresso Martini For\u00eat Noire 1.5 oz Amaretto F\u00f4ret Noire 2 oz cream 2 oz espresso Refroidir votre verre a martini. Mettre tous les ingr\u00e9dients dans un shaker. Filtrer. Amaretto Sour 1.5 oz VodkaFit Limonade Sicilienne 1.5 oz Amaretto For\u00eat Noire Eau p\u00e9tillante M\u00e9langer le tout dans un verre. Allonger d\u2019eau p\u00e9tillante. &nbsp;\" \/>\n<meta property=\"og:url\" content=\"https:\/\/distilleriedesappalaches.com\/en\/amaretto-foret-noire\/\" \/>\n<meta property=\"og:site_name\" content=\"Distillerie des Appalaches\" \/>\n<meta property=\"article:publisher\" content=\"https:\/\/www.facebook.com\/appalachesdistillerie\" \/>\n<meta property=\"article:modified_time\" content=\"2023-12-04T15:58:02+00:00\" \/>\n<meta property=\"og:image\" content=\"https:\/\/distilleriedesappalaches.com\/wp-content\/uploads\/2023\/11\/Espresso-Foret-Noire-Martini-200x300.jpg\" \/>\n<meta name=\"twitter:card\" content=\"summary_large_image\" \/>\n<meta name=\"twitter:label1\" content=\"Est. reading time\" \/>\n\t<meta name=\"twitter:data1\" content=\"1 minute\" \/>\n<script type=\"application\/ld+json\" class=\"yoast-schema-graph\">{\"@context\":\"https:\/\/schema.org\",\"@graph\":[{\"@type\":\"WebPage\",\"@id\":\"https:\/\/distilleriedesappalaches.com\/amaretto-foret-noire\/\",\"url\":\"https:\/\/distilleriedesappalaches.com\/amaretto-foret-noire\/\",\"name\":\"Amaretto For\u00eat Noire - Distillerie des Appalaches\",\"isPartOf\":{\"@id\":\"https:\/\/distilleriedesappalaches.com\/#website\"},\"primaryImageOfPage\":{\"@id\":\"https:\/\/distilleriedesappalaches.com\/amaretto-foret-noire\/#primaryimage\"},\"image\":{\"@id\":\"https:\/\/distilleriedesappalaches.com\/amaretto-foret-noire\/#primaryimage\"},\"thumbnailUrl\":\"https:\/\/distilleriedesappalaches.com\/wp-content\/uploads\/2023\/11\/Espresso-Foret-Noire-Martini-200x300.jpg\",\"datePublished\":\"2023-11-25T16:00:51+00:00\",\"dateModified\":\"2023-12-04T15:58:02+00:00\",\"breadcrumb\":{\"@id\":\"https:\/\/distilleriedesappalaches.com\/amaretto-foret-noire\/#breadcrumb\"},\"inLanguage\":\"en-CA\",\"potentialAction\":[{\"@type\":\"ReadAction\",\"target\":[\"https:\/\/distilleriedesappalaches.com\/amaretto-foret-noire\/\"]}]},{\"@type\":\"ImageObject\",\"inLanguage\":\"en-CA\",\"@id\":\"https:\/\/distilleriedesappalaches.com\/amaretto-foret-noire\/#primaryimage\",\"url\":\"https:\/\/distilleriedesappalaches.com\/wp-content\/uploads\/2023\/11\/Espresso-Foret-Noire-Martini-200x300.jpg\",\"contentUrl\":\"https:\/\/distilleriedesappalaches.com\/wp-content\/uploads\/2023\/11\/Espresso-Foret-Noire-Martini-200x300.jpg\"},{\"@type\":\"BreadcrumbList\",\"@id\":\"https:\/\/distilleriedesappalaches.com\/amaretto-foret-noire\/#breadcrumb\",\"itemListElement\":[{\"@type\":\"ListItem\",\"position\":1,\"name\":\"Accueil\",\"item\":\"https:\/\/distilleriedesappalaches.com\/\"},{\"@type\":\"ListItem\",\"position\":2,\"name\":\"Amaretto For\u00eat Noire\"}]},{\"@type\":\"WebSite\",\"@id\":\"https:\/\/distilleriedesappalaches.com\/#website\",\"url\":\"https:\/\/distilleriedesappalaches.com\/\",\"name\":\"Distillerie des Appalaches\",\"description\":\"\",\"publisher\":{\"@id\":\"https:\/\/distilleriedesappalaches.com\/#organization\"},\"potentialAction\":[{\"@type\":\"SearchAction\",\"target\":{\"@type\":\"EntryPoint\",\"urlTemplate\":\"https:\/\/distilleriedesappalaches.com\/?s={search_term_string}\"},\"query-input\":{\"@type\":\"PropertyValueSpecification\",\"valueRequired\":true,\"valueName\":\"search_term_string\"}}],\"inLanguage\":\"en-CA\"},{\"@type\":\"Organization\",\"@id\":\"https:\/\/distilleriedesappalaches.com\/#organization\",\"name\":\"Distillerie des Appalaches\",\"url\":\"https:\/\/distilleriedesappalaches.com\/\",\"logo\":{\"@type\":\"ImageObject\",\"inLanguage\":\"en-CA\",\"@id\":\"https:\/\/distilleriedesappalaches.com\/#\/schema\/logo\/image\/\",\"url\":\"https:\/\/distilleriedesappalaches.com\/wp-content\/uploads\/2021\/10\/Logo-Appalaches-distillerie-CMYK-horiz-blanc-e1635354864230.png\",\"contentUrl\":\"https:\/\/distilleriedesappalaches.com\/wp-content\/uploads\/2021\/10\/Logo-Appalaches-distillerie-CMYK-horiz-blanc-e1635354864230.png\",\"width\":1564,\"height\":665,\"caption\":\"Distillerie des Appalaches\"},\"image\":{\"@id\":\"https:\/\/distilleriedesappalaches.com\/#\/schema\/logo\/image\/\"},\"sameAs\":[\"https:\/\/www.facebook.com\/appalachesdistillerie\",\"https:\/\/www.tiktok.com\/@appalachesdistillerie?is_from_webapp=1&sender_device=pc\",\"https:\/\/www.instagram.com\/appalachesdistillerie\/\"]}]}<\/script>\n<!-- \/ Yoast SEO plugin. -->","yoast_head_json":{"title":"Amaretto For\u00eat Noire - Distillerie des Appalaches","robots":{"index":"index","follow":"follow","max-snippet":"max-snippet:-1","max-image-preview":"max-image-preview:large","max-video-preview":"max-video-preview:-1"},"canonical":"https:\/\/distilleriedesappalaches.com\/en\/amaretto-foret-noire\/","og_locale":"en_US","og_type":"article","og_title":"Amaretto For\u00eat Noire - Distillerie des Appalaches","og_description":"Cocktails Espresso Martini For\u00eat Noire 1.5 oz Amaretto F\u00f4ret Noire 2 oz cream 2 oz espresso Refroidir votre verre a martini. Mettre tous les ingr\u00e9dients dans un shaker. Filtrer. Amaretto Sour 1.5 oz VodkaFit Limonade Sicilienne 1.5 oz Amaretto For\u00eat Noire Eau p\u00e9tillante M\u00e9langer le tout dans un verre. Allonger d\u2019eau p\u00e9tillante. &nbsp;","og_url":"https:\/\/distilleriedesappalaches.com\/en\/amaretto-foret-noire\/","og_site_name":"Distillerie des Appalaches","article_publisher":"https:\/\/www.facebook.com\/appalachesdistillerie","article_modified_time":"2023-12-04T15:58:02+00:00","og_image":[{"url":"https:\/\/distilleriedesappalaches.com\/wp-content\/uploads\/2023\/11\/Espresso-Foret-Noire-Martini-200x300.jpg","type":"","width":"","height":""}],"twitter_card":"summary_large_image","twitter_misc":{"Est. reading time":"1 minute"},"schema":{"@context":"https:\/\/schema.org","@graph":[{"@type":"WebPage","@id":"https:\/\/distilleriedesappalaches.com\/amaretto-foret-noire\/","url":"https:\/\/distilleriedesappalaches.com\/amaretto-foret-noire\/","name":"Amaretto For\u00eat Noire - Distillerie des Appalaches","isPartOf":{"@id":"https:\/\/distilleriedesappalaches.com\/#website"},"primaryImageOfPage":{"@id":"https:\/\/distilleriedesappalaches.com\/amaretto-foret-noire\/#primaryimage"},"image":{"@id":"https:\/\/distilleriedesappalaches.com\/amaretto-foret-noire\/#primaryimage"},"thumbnailUrl":"https:\/\/distilleriedesappalaches.com\/wp-content\/uploads\/2023\/11\/Espresso-Foret-Noire-Martini-200x300.jpg","datePublished":"2023-11-25T16:00:51+00:00","dateModified":"2023-12-04T15:58:02+00:00","breadcrumb":{"@id":"https:\/\/distilleriedesappalaches.com\/amaretto-foret-noire\/#breadcrumb"},"inLanguage":"en-CA","potentialAction":[{"@type":"ReadAction","target":["https:\/\/distilleriedesappalaches.com\/amaretto-foret-noire\/"]}]},{"@type":"ImageObject","inLanguage":"en-CA","@id":"https:\/\/distilleriedesappalaches.com\/amaretto-foret-noire\/#primaryimage","url":"https:\/\/distilleriedesappalaches.com\/wp-content\/uploads\/2023\/11\/Espresso-Foret-Noire-Martini-200x300.jpg","contentUrl":"https:\/\/distilleriedesappalaches.com\/wp-content\/uploads\/2023\/11\/Espresso-Foret-Noire-Martini-200x300.jpg"},{"@type":"BreadcrumbList","@id":"https:\/\/distilleriedesappalaches.com\/amaretto-foret-noire\/#breadcrumb","itemListElement":[{"@type":"ListItem","position":1,"name":"Accueil","item":"https:\/\/distilleriedesappalaches.com\/"},{"@type":"ListItem","position":2,"name":"Amaretto For\u00eat Noire"}]},{"@type":"WebSite","@id":"https:\/\/distilleriedesappalaches.com\/#website","url":"https:\/\/distilleriedesappalaches.com\/","name":"Distillerie des Appalaches","description":"","publisher":{"@id":"https:\/\/distilleriedesappalaches.com\/#organization"},"potentialAction":[{"@type":"SearchAction","target":{"@type":"EntryPoint","urlTemplate":"https:\/\/distilleriedesappalaches.com\/?s={search_term_string}"},"query-input":{"@type":"PropertyValueSpecification","valueRequired":true,"valueName":"search_term_string"}}],"inLanguage":"en-CA"},{"@type":"Organization","@id":"https:\/\/distilleriedesappalaches.com\/#organization","name":"Distillerie des Appalaches","url":"https:\/\/distilleriedesappalaches.com\/","logo":{"@type":"ImageObject","inLanguage":"en-CA","@id":"https:\/\/distilleriedesappalaches.com\/#\/schema\/logo\/image\/","url":"https:\/\/distilleriedesappalaches.com\/wp-content\/uploads\/2021\/10\/Logo-Appalaches-distillerie-CMYK-horiz-blanc-e1635354864230.png","contentUrl":"https:\/\/distilleriedesappalaches.com\/wp-content\/uploads\/2021\/10\/Logo-Appalaches-distillerie-CMYK-horiz-blanc-e1635354864230.png","width":1564,"height":665,"caption":"Distillerie des Appalaches"},"image":{"@id":"https:\/\/distilleriedesappalaches.com\/#\/schema\/logo\/image\/"},"sameAs":["https:\/\/www.facebook.com\/appalachesdistillerie","https:\/\/www.tiktok.com\/@appalachesdistillerie?is_from_webapp=1&sender_device=pc","https:\/\/www.instagram.com\/appalachesdistillerie\/"]}]}},"_links":{"self":[{"href":"https:\/\/distilleriedesappalaches.com\/en\/wp-json\/wp\/v2\/pages\/8423","targetHints":{"allow":["GET"]}}],"collection":[{"href":"https:\/\/distilleriedesappalaches.com\/en\/wp-json\/wp\/v2\/pages"}],"about":[{"href":"https:\/\/distilleriedesappalaches.com\/en\/wp-json\/wp\/v2\/types\/page"}],"author":[{"embeddable":true,"href":"https:\/\/distilleriedesappalaches.com\/en\/wp-json\/wp\/v2\/users\/11"}],"replies":[{"embeddable":true,"href":"https:\/\/distilleriedesappalaches.com\/en\/wp-json\/wp\/v2\/comments?post=8423"}],"version-history":[{"count":0,"href":"https:\/\/distilleriedesappalaches.com\/en\/wp-json\/wp\/v2\/pages\/8423\/revisions"}],"wp:attachment":[{"href":"https:\/\/distilleriedesappalaches.com\/en\/wp-json\/wp\/v2\/media?parent=8423"}],"curies":[{"name":"wp","href":"https:\/\/api.w.org\/{rel}","templated":true}]}}