{"id":8473,"date":"2023-11-25T12:18:19","date_gmt":"2023-11-25T17:18:19","guid":{"rendered":"https:\/\/site1763060685.mywhc.ca\/?page_id=8473"},"modified":"2026-01-08T23:21:23","modified_gmt":"2026-01-09T04:21:23","slug":"kepler-odyssee","status":"publish","type":"page","link":"https:\/\/distilleriedesappalaches.com\/en\/kepler-odyssee\/","title":{"rendered":"Kepler Odyssey"},"content":{"rendered":"[et_pb_section fb_built=\u00a0\u00bb1&Prime; _builder_version=\u00a0\u00bb4.27.4&Prime; _module_preset=\u00a0\u00bbdefault\u00a0\u00bb custom_margin=\u00a0\u00bb||0px||false|false\u00a0\u00bb custom_padding=\u00a0\u00bb||0px||false|false\u00a0\u00bb global_colors_info=\u00a0\u00bb\u00a0\u00bb][et_pb_row _builder_version=\u00a0\u00bb4.27.4&Prime; _module_preset=\u00a0\u00bbdefault\u00a0\u00bb global_colors_info=\u00a0\u00bb\u00a0\u00bb][et_pb_column type=\u00a0\u00bb4_4&Prime; _builder_version=\u00a0\u00bb4.27.4&Prime; _module_preset=\u00a0\u00bbdefault\u00a0\u00bb global_colors_info=\u00a0\u00bb\u00a0\u00bb][et_pb_text _builder_version=\u00a0\u00bb4.27.4&Prime; _dynamic_attributes=\u00a0\u00bbcontent\u00a0\u00bb _module_preset=\u00a0\u00bbdefault\u00a0\u00bb custom_margin=\u00a0\u00bb||3px|||\u00a0\u00bb global_colors_info=\u00a0\u00bb\u00a0\u00bb]@ET-DC@eyJkeW5hbWljIjp0cnVlLCJjb250ZW50IjoicG9zdF90aXRsZSIsInNldHRpbmdzIjp7ImJlZm9yZSI6IjxoMT4iLCJhZnRlciI6IjwvaDE+In19@[\/et_pb_text][et_pb_text _builder_version=\u00a0\u00bb4.27.4&Prime; _module_preset=\u00a0\u00bbdefault\u00a0\u00bb text_font_size=\u00a0\u00bb16px\u00a0\u00bb link_font=\u00a0\u00bb||||on||||\u00a0\u00bb global_colors_info=\u00a0\u00bb\u00a0\u00bb]<p><a href=\"https:\/\/www.saq.com\/fr\/15483906\" target=\"_blank\" rel=\"noopener\">Available at the SAQ \u2192<\/a><\/p>[\/et_pb_text][\/et_pb_column][\/et_pb_row][et_pb_row _builder_version=\u00a0\u00bb4.27.4&Prime; _module_preset=\u00a0\u00bbdefault\u00a0\u00bb custom_margin=\u00a0\u00bb30px|auto||auto|false|false\u00a0\u00bb global_colors_info=\u00a0\u00bb\u00a0\u00bb][et_pb_column type=\u00a0\u00bb4_4&Prime; _builder_version=\u00a0\u00bb4.27.4&Prime; _module_preset=\u00a0\u00bbdefault\u00a0\u00bb global_colors_info=\u00a0\u00bb\u00a0\u00bb][et_pb_image src=\u00a0\u00bbhttps:\/\/distilleriedesappalaches.com\/wp-content\/uploads\/2025\/12\/odysse.webp\u00a0\u00bb alt=\u00a0\u00bbKepler Odyssee\u00a0\u00bb title_text=\u00a0\u00bbodysse\u00a0\u00bb align=\u00a0\u00bbcenter\u00a0\u00bb _builder_version=\u00a0\u00bb4.27.4&Prime; _module_preset=\u00a0\u00bbdefault\u00a0\u00bb positioning=\u00a0\u00bbrelative\u00a0\u00bb max_width=\u00a0\u00bb45%\u00a0\u00bb max_width_tablet=\u00a0\u00bb50%\u00a0\u00bb max_width_phone=\u00a0\u00bb100%\u00a0\u00bb max_width_last_edited=\u00a0\u00bbon|desktop\u00a0\u00bb custom_margin=\u00a0\u00bb0px||0px||false|false\u00a0\u00bb custom_padding=\u00a0\u00bb0px||0px||false|false\u00a0\u00bb global_colors_info=\u00a0\u00bb\u00a0\u00bb][\/et_pb_image][et_pb_image src=\u00a0\u00bbhttps:\/\/distilleriedesappalaches.com\/wp-content\/uploads\/2025\/12\/IMG_4004.webp\u00a0\u00bb title_text=\u00a0\u00bbIMG_4004&Prime; _builder_version=\u00a0\u00bb4.27.4&Prime; _module_preset=\u00a0\u00bbdefault\u00a0\u00bb transform_translate_linked=\u00a0\u00bboff\u00a0\u00bb positioning=\u00a0\u00bbabsolute\u00a0\u00bb position_origin_a=\u00a0\u00bbcenter_left\u00a0\u00bb horizontal_offset=\u00a0\u00bb25%\u00a0\u00bb width=\u00a0\u00bb100%\u00a0\u00bb max_width=\u00a0\u00bb12%\u00a0\u00bb hover_enabled=\u00a0\u00bb0&Prime; global_colors_info=\u00a0\u00bb\u00a0\u00bb sticky_enabled=\u00a0\u00bb0&Prime;][\/et_pb_image][et_pb_image src=\u00a0\u00bbhttps:\/\/distilleriedesappalaches.com\/wp-content\/uploads\/2025\/12\/IMG_1697.webp\u00a0\u00bb title_text=\u00a0\u00bbIMG_1697&Prime; _builder_version=\u00a0\u00bb4.27.4&Prime; _module_preset=\u00a0\u00bbdefault\u00a0\u00bb positioning=\u00a0\u00bbabsolute\u00a0\u00bb position_origin_a=\u00a0\u00bbtop_right\u00a0\u00bb vertical_offset=\u00a0\u00bb-15%\u00a0\u00bb horizontal_offset=\u00a0\u00bb50%\u00a0\u00bb vertical_offset_tablet=\u00a0\u00bb-5%\u00a0\u00bb vertical_offset_phone=\u00a0\u00bb-5%\u00a0\u00bb vertical_offset_last_edited=\u00a0\u00bbon|phone\u00a0\u00bb position_origin_a_tablet=\u00a0\u00bbtop_right\u00a0\u00bb position_origin_a_phone=\u00a0\u00bbtop_right\u00a0\u00bb position_origin_a_last_edited=\u00a0\u00bbon|tablet\u00a0\u00bb position_origin_f_tablet=\u00a0\u00bb\u00a0\u00bb position_origin_f_phone=\u00a0\u00bb\u00a0\u00bb position_origin_f_last_edited=\u00a0\u00bbon|tablet\u00a0\u00bb position_origin_r_tablet=\u00a0\u00bb\u00a0\u00bb position_origin_r_phone=\u00a0\u00bb\u00a0\u00bb position_origin_r_last_edited=\u00a0\u00bbon|tablet\u00a0\u00bb width=\u00a0\u00bb100%\u00a0\u00bb max_width=\u00a0\u00bb12%\u00a0\u00bb hover_enabled=\u00a0\u00bb0&Prime; positioning_tablet=\u00a0\u00bbabsolute\u00a0\u00bb positioning_phone=\u00a0\u00bbabsolute\u00a0\u00bb positioning_last_edited=\u00a0\u00bbon|tablet\u00a0\u00bb global_colors_info=\u00a0\u00bb\u00a0\u00bb sticky_enabled=\u00a0\u00bb0&Prime;][\/et_pb_image][et_pb_image src=\u00a0\u00bbhttps:\/\/distilleriedesappalaches.com\/wp-content\/uploads\/2025\/12\/IMG_4002.webp\u00a0\u00bb title_text=\u00a0\u00bbIMG_4002&Prime; _builder_version=\u00a0\u00bb4.27.4&Prime; _module_preset=\u00a0\u00bbdefault\u00a0\u00bb positioning=\u00a0\u00bbabsolute\u00a0\u00bb position_origin_a=\u00a0\u00bbtop_right\u00a0\u00bb vertical_offset=\u00a0\u00bb25%\u00a0\u00bb horizontal_offset=\u00a0\u00bb25%\u00a0\u00bb width=\u00a0\u00bb100%\u00a0\u00bb max_width=\u00a0\u00bb12%\u00a0\u00bb hover_enabled=\u00a0\u00bb0&Prime; global_colors_info=\u00a0\u00bb\u00a0\u00bb sticky_enabled=\u00a0\u00bb0&Prime;][\/et_pb_image][\/et_pb_column][\/et_pb_row][\/et_pb_section][et_pb_section fb_built=\u00a0\u00bb1&Prime; _builder_version=\u00a0\u00bb4.27.4&Prime; _module_preset=\u00a0\u00bbdefault\u00a0\u00bb custom_margin=\u00a0\u00bb0px||0px||false|false\u00a0\u00bb custom_padding=\u00a0\u00bb0px||0px||false|false\u00a0\u00bb global_colors_info=\u00a0\u00bb\u00a0\u00bb][et_pb_row _builder_version=\u00a0\u00bb4.27.4&Prime; _module_preset=\u00a0\u00bbdefault\u00a0\u00bb global_colors_info=\u00a0\u00bb\u00a0\u00bb][et_pb_column type=\u00a0\u00bb4_4&Prime; _builder_version=\u00a0\u00bb4.27.4&Prime; _module_preset=\u00a0\u00bbdefault\u00a0\u00bb global_colors_info=\u00a0\u00bb\u00a0\u00bb][et_pb_button button_url=\u00a0\u00bbhttps:\/\/distilleriedesappalaches.com\/alcool\/kepler-odyssee\/\u00a0\u00bb button_text=\u00a0\u00bbVoir les cocktails\u00a0\u00bb _builder_version=\u00a0\u00bb4.27.4&Prime; _module_preset=\u00a0\u00bbdefault\u00a0\u00bb custom_button=\u00a0\u00bbon\u00a0\u00bb button_text_size=\u00a0\u00bb16px\u00a0\u00bb button_text_color=\u00a0\u00bb#FFFFFF\u00a0\u00bb button_bg_color=\u00a0\u00bbRGBA(255,255,255,0)\u00a0\u00bb button_border_width=\u00a0\u00bb0.5px\u00a0\u00bb button_border_color=\u00a0\u00bbrgba(255,255,255,0.4)\u00a0\u00bb button_use_icon=\u00a0\u00bboff\u00a0\u00bb button_border_color_last_edited=\u00a0\u00bboff|desktop\u00a0\u00bb global_colors_info=\u00a0\u00bb\u00a0\u00bb button_border_color__hover_enabled=\u00a0\u00bbon|desktop\u00a0\u00bb button_border_color__hover=\u00a0\u00bbrgba(255,255,255,0.8)\u00a0\u00bb][\/et_pb_button][et_pb_text _builder_version=\u00a0\u00bb4.27.4&Prime; _module_preset=\u00a0\u00bbdefault\u00a0\u00bb text_text_color=\u00a0\u00bb#FFFFFF\u00a0\u00bb custom_margin=\u00a0\u00bb||||false|false\u00a0\u00bb global_colors_info=\u00a0\u00bb\u00a0\u00bb]<p>With dominant aromas of high-quality juniper berries and wild blueberries, Kepler Odyssey will have you dreaming of vacations in the Saguenay region. It can be enjoyed on the rocks or added to your favorite cocktail (Gin &amp; Tonic, Negroni, Martini, French75, etc.) for a distinctive touch.<\/p>[\/et_pb_text][et_pb_text _builder_version=\u00a0\u00bb4.27.4&Prime; _module_preset=\u00a0\u00bbdefault\u00a0\u00bb text_font_size=\u00a0\u00bb16px\u00a0\u00bb link_font=\u00a0\u00bb||||on||||\u00a0\u00bb global_colors_info=\u00a0\u00bb\u00a0\u00bb]<p><a href=\"https:\/\/distilleriedesappalaches.com\/en\/kepler\/\">Back to Kepler gin<\/a><\/p>[\/et_pb_text][\/et_pb_column][\/et_pb_row][\/et_pb_section]","protected":false},"excerpt":{"rendered":"<p>Disponible \u00e0 la SAQ \u2192Avec des ar\u00f4mes dominants de baies de gen\u00e9vrier de qualit\u00e9 et de bleuets sauvages, Kepler Odyss\u00e9e vous fait r\u00eaver de vos vacances dans la r\u00e9gion du Saguenay. Il peut aussi bien se siroter sur glace qu\u2019apporter une touche distinctive \u00e0 votre cocktail pr\u00e9f\u00e9r\u00e9 (Gin &amp; Tonic, Negroni, Martini, French75, etc.).Retour au [&hellip;]<\/p>","protected":false},"author":11,"featured_media":9630,"parent":0,"menu_order":0,"comment_status":"closed","ping_status":"closed","template":"","meta":{"_acf_changed":false,"_et_pb_use_builder":"on","_et_pb_old_content":"<img width=\"1024\" height=\"415\" src=\"https:\/\/distilleriedesappalaches.com\/wp-content\/uploads\/2023\/11\/Design-sans-titre-3-1024x415.png\" alt=\"\" srcset=\"https:\/\/distilleriedesappalaches.com\/wp-content\/uploads\/2023\/11\/Design-sans-titre-3-1024x415.png 1024w, https:\/\/distilleriedesappalaches.com\/wp-content\/uploads\/2023\/11\/Design-sans-titre-3-300x122.png 300w, https:\/\/distilleriedesappalaches.com\/wp-content\/uploads\/2023\/11\/Design-sans-titre-3-768x311.png 768w, https:\/\/distilleriedesappalaches.com\/wp-content\/uploads\/2023\/11\/Design-sans-titre-3-1536x623.png 1536w, https:\/\/distilleriedesappalaches.com\/wp-content\/uploads\/2023\/11\/Design-sans-titre-3-600x243.png 600w, https:\/\/distilleriedesappalaches.com\/wp-content\/uploads\/2023\/11\/Design-sans-titre-3.png 1820w\" sizes=\"(max-width: 1024px) 100vw, 1024px\" \/>\t\t\t\t\t\t\t\t\t\t\t\t\t\n\t\t\t<h2>Cocktail<\/h2>\t\t\n\t\t<h2>\u00a0<\/h2><h2>Lavender Hills<\/h2><ul><li>2oz Kepler Odyss\u00e9e<\/li><li>1 oz sirop lavande Appalaches<\/li><li>3\/4 jus de citron<\/li><\/ul><p>Mettre tous les ingr\u00e9dients dans un shaker. Shake.<\/p><p>Verser dans un verre old fashioned sur une nouvelle glace.<\/p>\t\t\n\t\t\t\t\t\t\t\t\t\t\t\t\t<img width=\"200\" height=\"300\" src=\"https:\/\/distilleriedesappalaches.com\/wp-content\/uploads\/2023\/11\/Lavender-Hills-200x300.jpg\" alt=\"\" srcset=\"https:\/\/distilleriedesappalaches.com\/wp-content\/uploads\/2023\/11\/Lavender-Hills-200x300.jpg 200w, https:\/\/distilleriedesappalaches.com\/wp-content\/uploads\/2023\/11\/Lavender-Hills-683x1024.jpg 683w, https:\/\/distilleriedesappalaches.com\/wp-content\/uploads\/2023\/11\/Lavender-Hills-768x1152.jpg 768w, https:\/\/distilleriedesappalaches.com\/wp-content\/uploads\/2023\/11\/Lavender-Hills-1024x1536.jpg 1024w, https:\/\/distilleriedesappalaches.com\/wp-content\/uploads\/2023\/11\/Lavender-Hills-1365x2048.jpg 1365w, https:\/\/distilleriedesappalaches.com\/wp-content\/uploads\/2023\/11\/Lavender-Hills-600x900.jpg 600w, https:\/\/distilleriedesappalaches.com\/wp-content\/uploads\/2023\/11\/Lavender-Hills-scaled.jpg 1707w\" sizes=\"(max-width: 200px) 100vw, 200px\" \/>\t\t\t\t\t\t\t\t\t\t\t\t\t\n\t\t\t\t\t\t\t\t\t\t\t\t\t<img width=\"200\" height=\"300\" src=\"https:\/\/distilleriedesappalaches.com\/wp-content\/uploads\/2024\/05\/Bon-voyage-1-200x300.jpg\" alt=\"\" srcset=\"https:\/\/distilleriedesappalaches.com\/wp-content\/uploads\/2024\/05\/Bon-voyage-1-200x300.jpg 200w, https:\/\/distilleriedesappalaches.com\/wp-content\/uploads\/2024\/05\/Bon-voyage-1-683x1024.jpg 683w, https:\/\/distilleriedesappalaches.com\/wp-content\/uploads\/2024\/05\/Bon-voyage-1-768x1152.jpg 768w, https:\/\/distilleriedesappalaches.com\/wp-content\/uploads\/2024\/05\/Bon-voyage-1-1024x1536.jpg 1024w\" sizes=\"(max-width: 200px) 100vw, 200px\" \/>\t\t\t\t\t\t\t\t\t\t\t\t\t\n\t\t<h2>\u00a0<\/h2><h2>Bon voyage<\/h2><ul><li>1.5 oz Kepler Odyss\u00e9e<\/li><li>0.5oz fleur de sureau\u00a0<\/li><li>\u00a00.5 oz citron<\/li><li>menthe<\/li><li>processco<\/li><\/ul><p>Directement dans une coupe \u00e0 champagne, ajout\u00e9 le Kepler Odyss\u00e9e, la liqueur de sureau et le jus de citron.<\/p><p>Allonger au proscecco.<\/p><p>D\u00e9corer d'un zeste de citron et de menthe.<\/p>\t\t\n\t\t<h2>\u00a0<\/h2><h2>Blueberry Sunset<\/h2><ul><li>1,5 oz d\u2019Odyss\u00e9e<\/li><li>0,5 oz de jus de citron<\/li><li>2 oz de jus d\u2019orange<\/li><li>0,5 oz de sirop de framboise<\/li><li>2 oz de jus de canneberge<\/li><\/ul><p>Dans un shaker rempli de glace, m\u00e9langez Odyss\u00e9e, jus de citron, jus d\u2019orange et sirop de framboise, shakez, versez dans un verre highball avec de la glace.<\/p><p>Ajoutez d\u00e9licatement le jus de canneberge pour un effet \u00e9tag\u00e9, et d\u00e9corez avec des myrtilles fra\u00eeches ou une tranche d\u2019orange.<\/p>\t\t\n\t\t\t\t\t\t\t\t\t\t\t\t\t<img width=\"200\" height=\"300\" src=\"https:\/\/distilleriedesappalaches.com\/wp-content\/uploads\/2024\/12\/Blueberry-Sunset-200x300.jpg\" alt=\"Blueberry Sunset\" srcset=\"https:\/\/distilleriedesappalaches.com\/wp-content\/uploads\/2024\/12\/Blueberry-Sunset-200x300.jpg 200w, https:\/\/distilleriedesappalaches.com\/wp-content\/uploads\/2024\/12\/Blueberry-Sunset.jpg 512w\" sizes=\"(max-width: 200px) 100vw, 200px\" \/>","_et_gb_content_width":"","footnotes":""},"class_list":["post-8473","page","type-page","status-publish","has-post-thumbnail","hentry"],"acf":[],"yoast_head":"<!-- This site is optimized with the Yoast SEO plugin v26.7 - https:\/\/yoast.com\/wordpress\/plugins\/seo\/ -->\n<title>Kepler Odyss\u00e9e - Distillerie des Appalaches<\/title>\n<meta name=\"robots\" content=\"index, follow, max-snippet:-1, max-image-preview:large, max-video-preview:-1\" \/>\n<link rel=\"canonical\" href=\"https:\/\/distilleriedesappalaches.com\/en\/kepler-odyssee\/\" \/>\n<meta property=\"og:locale\" content=\"en_US\" \/>\n<meta property=\"og:type\" content=\"article\" \/>\n<meta property=\"og:title\" content=\"Kepler Odyss\u00e9e - Distillerie des Appalaches\" \/>\n<meta property=\"og:description\" content=\"Disponible \u00e0 la SAQ \u2192Avec des ar\u00f4mes dominants de baies de gen\u00e9vrier de qualit\u00e9 et de bleuets sauvages, Kepler Odyss\u00e9e vous fait r\u00eaver de vos vacances dans la r\u00e9gion du Saguenay. Il peut aussi bien se siroter sur glace qu\u2019apporter une touche distinctive \u00e0 votre cocktail pr\u00e9f\u00e9r\u00e9 (Gin &amp; Tonic, Negroni, Martini, French75, etc.).Retour au [&hellip;]\" \/>\n<meta property=\"og:url\" content=\"https:\/\/distilleriedesappalaches.com\/en\/kepler-odyssee\/\" \/>\n<meta property=\"og:site_name\" content=\"Distillerie des Appalaches\" \/>\n<meta property=\"article:publisher\" content=\"https:\/\/www.facebook.com\/appalachesdistillerie\" \/>\n<meta property=\"article:modified_time\" content=\"2026-01-09T04:21:23+00:00\" \/>\n<meta property=\"og:image\" content=\"https:\/\/distilleriedesappalaches.com\/wp-content\/uploads\/2023\/11\/Design-sans-titre-3-1024x415.png\" \/>\n<meta name=\"twitter:card\" content=\"summary_large_image\" \/>\n<meta name=\"twitter:label1\" content=\"Est. reading time\" \/>\n\t<meta name=\"twitter:data1\" content=\"2 minutes\" \/>\n<script type=\"application\/ld+json\" class=\"yoast-schema-graph\">{\"@context\":\"https:\/\/schema.org\",\"@graph\":[{\"@type\":\"WebPage\",\"@id\":\"https:\/\/distilleriedesappalaches.com\/kepler-odyssee\/\",\"url\":\"https:\/\/distilleriedesappalaches.com\/kepler-odyssee\/\",\"name\":\"Kepler Odyss\u00e9e - Distillerie des Appalaches\",\"isPartOf\":{\"@id\":\"https:\/\/distilleriedesappalaches.com\/#website\"},\"primaryImageOfPage\":{\"@id\":\"https:\/\/distilleriedesappalaches.com\/kepler-odyssee\/#primaryimage\"},\"image\":{\"@id\":\"https:\/\/distilleriedesappalaches.com\/kepler-odyssee\/#primaryimage\"},\"thumbnailUrl\":\"https:\/\/distilleriedesappalaches.com\/wp-content\/uploads\/2026\/01\/odyssee.jpg\",\"datePublished\":\"2023-11-25T17:18:19+00:00\",\"dateModified\":\"2026-01-09T04:21:23+00:00\",\"breadcrumb\":{\"@id\":\"https:\/\/distilleriedesappalaches.com\/kepler-odyssee\/#breadcrumb\"},\"inLanguage\":\"en-CA\",\"potentialAction\":[{\"@type\":\"ReadAction\",\"target\":[\"https:\/\/distilleriedesappalaches.com\/kepler-odyssee\/\"]}]},{\"@type\":\"ImageObject\",\"inLanguage\":\"en-CA\",\"@id\":\"https:\/\/distilleriedesappalaches.com\/kepler-odyssee\/#primaryimage\",\"url\":\"https:\/\/distilleriedesappalaches.com\/wp-content\/uploads\/2026\/01\/odyssee.jpg\",\"contentUrl\":\"https:\/\/distilleriedesappalaches.com\/wp-content\/uploads\/2026\/01\/odyssee.jpg\",\"width\":1200,\"height\":630},{\"@type\":\"BreadcrumbList\",\"@id\":\"https:\/\/distilleriedesappalaches.com\/kepler-odyssee\/#breadcrumb\",\"itemListElement\":[{\"@type\":\"ListItem\",\"position\":1,\"name\":\"Accueil\",\"item\":\"https:\/\/distilleriedesappalaches.com\/\"},{\"@type\":\"ListItem\",\"position\":2,\"name\":\"Kepler Odyss\u00e9e\"}]},{\"@type\":\"WebSite\",\"@id\":\"https:\/\/distilleriedesappalaches.com\/#website\",\"url\":\"https:\/\/distilleriedesappalaches.com\/\",\"name\":\"Distillerie des Appalaches\",\"description\":\"\",\"publisher\":{\"@id\":\"https:\/\/distilleriedesappalaches.com\/#organization\"},\"potentialAction\":[{\"@type\":\"SearchAction\",\"target\":{\"@type\":\"EntryPoint\",\"urlTemplate\":\"https:\/\/distilleriedesappalaches.com\/?s={search_term_string}\"},\"query-input\":{\"@type\":\"PropertyValueSpecification\",\"valueRequired\":true,\"valueName\":\"search_term_string\"}}],\"inLanguage\":\"en-CA\"},{\"@type\":\"Organization\",\"@id\":\"https:\/\/distilleriedesappalaches.com\/#organization\",\"name\":\"Distillerie des Appalaches\",\"url\":\"https:\/\/distilleriedesappalaches.com\/\",\"logo\":{\"@type\":\"ImageObject\",\"inLanguage\":\"en-CA\",\"@id\":\"https:\/\/distilleriedesappalaches.com\/#\/schema\/logo\/image\/\",\"url\":\"https:\/\/distilleriedesappalaches.com\/wp-content\/uploads\/2021\/10\/Logo-Appalaches-distillerie-CMYK-horiz-blanc-e1635354864230.png\",\"contentUrl\":\"https:\/\/distilleriedesappalaches.com\/wp-content\/uploads\/2021\/10\/Logo-Appalaches-distillerie-CMYK-horiz-blanc-e1635354864230.png\",\"width\":1564,\"height\":665,\"caption\":\"Distillerie des Appalaches\"},\"image\":{\"@id\":\"https:\/\/distilleriedesappalaches.com\/#\/schema\/logo\/image\/\"},\"sameAs\":[\"https:\/\/www.facebook.com\/appalachesdistillerie\",\"https:\/\/www.tiktok.com\/@appalachesdistillerie?is_from_webapp=1&sender_device=pc\",\"https:\/\/www.instagram.com\/appalachesdistillerie\/\"]}]}<\/script>\n<!-- \/ Yoast SEO plugin. -->","yoast_head_json":{"title":"Kepler Odyss\u00e9e - Distillerie des Appalaches","robots":{"index":"index","follow":"follow","max-snippet":"max-snippet:-1","max-image-preview":"max-image-preview:large","max-video-preview":"max-video-preview:-1"},"canonical":"https:\/\/distilleriedesappalaches.com\/en\/kepler-odyssee\/","og_locale":"en_US","og_type":"article","og_title":"Kepler Odyss\u00e9e - Distillerie des Appalaches","og_description":"Disponible \u00e0 la SAQ \u2192Avec des ar\u00f4mes dominants de baies de gen\u00e9vrier de qualit\u00e9 et de bleuets sauvages, Kepler Odyss\u00e9e vous fait r\u00eaver de vos vacances dans la r\u00e9gion du Saguenay. Il peut aussi bien se siroter sur glace qu\u2019apporter une touche distinctive \u00e0 votre cocktail pr\u00e9f\u00e9r\u00e9 (Gin &amp; Tonic, Negroni, Martini, French75, etc.).Retour au [&hellip;]","og_url":"https:\/\/distilleriedesappalaches.com\/en\/kepler-odyssee\/","og_site_name":"Distillerie des Appalaches","article_publisher":"https:\/\/www.facebook.com\/appalachesdistillerie","article_modified_time":"2026-01-09T04:21:23+00:00","og_image":[{"url":"https:\/\/distilleriedesappalaches.com\/wp-content\/uploads\/2023\/11\/Design-sans-titre-3-1024x415.png","type":"","width":"","height":""}],"twitter_card":"summary_large_image","twitter_misc":{"Est. reading time":"2 minutes"},"schema":{"@context":"https:\/\/schema.org","@graph":[{"@type":"WebPage","@id":"https:\/\/distilleriedesappalaches.com\/kepler-odyssee\/","url":"https:\/\/distilleriedesappalaches.com\/kepler-odyssee\/","name":"Kepler Odyss\u00e9e - Distillerie des Appalaches","isPartOf":{"@id":"https:\/\/distilleriedesappalaches.com\/#website"},"primaryImageOfPage":{"@id":"https:\/\/distilleriedesappalaches.com\/kepler-odyssee\/#primaryimage"},"image":{"@id":"https:\/\/distilleriedesappalaches.com\/kepler-odyssee\/#primaryimage"},"thumbnailUrl":"https:\/\/distilleriedesappalaches.com\/wp-content\/uploads\/2026\/01\/odyssee.jpg","datePublished":"2023-11-25T17:18:19+00:00","dateModified":"2026-01-09T04:21:23+00:00","breadcrumb":{"@id":"https:\/\/distilleriedesappalaches.com\/kepler-odyssee\/#breadcrumb"},"inLanguage":"en-CA","potentialAction":[{"@type":"ReadAction","target":["https:\/\/distilleriedesappalaches.com\/kepler-odyssee\/"]}]},{"@type":"ImageObject","inLanguage":"en-CA","@id":"https:\/\/distilleriedesappalaches.com\/kepler-odyssee\/#primaryimage","url":"https:\/\/distilleriedesappalaches.com\/wp-content\/uploads\/2026\/01\/odyssee.jpg","contentUrl":"https:\/\/distilleriedesappalaches.com\/wp-content\/uploads\/2026\/01\/odyssee.jpg","width":1200,"height":630},{"@type":"BreadcrumbList","@id":"https:\/\/distilleriedesappalaches.com\/kepler-odyssee\/#breadcrumb","itemListElement":[{"@type":"ListItem","position":1,"name":"Accueil","item":"https:\/\/distilleriedesappalaches.com\/"},{"@type":"ListItem","position":2,"name":"Kepler Odyss\u00e9e"}]},{"@type":"WebSite","@id":"https:\/\/distilleriedesappalaches.com\/#website","url":"https:\/\/distilleriedesappalaches.com\/","name":"Distillerie des Appalaches","description":"","publisher":{"@id":"https:\/\/distilleriedesappalaches.com\/#organization"},"potentialAction":[{"@type":"SearchAction","target":{"@type":"EntryPoint","urlTemplate":"https:\/\/distilleriedesappalaches.com\/?s={search_term_string}"},"query-input":{"@type":"PropertyValueSpecification","valueRequired":true,"valueName":"search_term_string"}}],"inLanguage":"en-CA"},{"@type":"Organization","@id":"https:\/\/distilleriedesappalaches.com\/#organization","name":"Distillerie des Appalaches","url":"https:\/\/distilleriedesappalaches.com\/","logo":{"@type":"ImageObject","inLanguage":"en-CA","@id":"https:\/\/distilleriedesappalaches.com\/#\/schema\/logo\/image\/","url":"https:\/\/distilleriedesappalaches.com\/wp-content\/uploads\/2021\/10\/Logo-Appalaches-distillerie-CMYK-horiz-blanc-e1635354864230.png","contentUrl":"https:\/\/distilleriedesappalaches.com\/wp-content\/uploads\/2021\/10\/Logo-Appalaches-distillerie-CMYK-horiz-blanc-e1635354864230.png","width":1564,"height":665,"caption":"Distillerie des Appalaches"},"image":{"@id":"https:\/\/distilleriedesappalaches.com\/#\/schema\/logo\/image\/"},"sameAs":["https:\/\/www.facebook.com\/appalachesdistillerie","https:\/\/www.tiktok.com\/@appalachesdistillerie?is_from_webapp=1&sender_device=pc","https:\/\/www.instagram.com\/appalachesdistillerie\/"]}]}},"_links":{"self":[{"href":"https:\/\/distilleriedesappalaches.com\/en\/wp-json\/wp\/v2\/pages\/8473","targetHints":{"allow":["GET"]}}],"collection":[{"href":"https:\/\/distilleriedesappalaches.com\/en\/wp-json\/wp\/v2\/pages"}],"about":[{"href":"https:\/\/distilleriedesappalaches.com\/en\/wp-json\/wp\/v2\/types\/page"}],"author":[{"embeddable":true,"href":"https:\/\/distilleriedesappalaches.com\/en\/wp-json\/wp\/v2\/users\/11"}],"replies":[{"embeddable":true,"href":"https:\/\/distilleriedesappalaches.com\/en\/wp-json\/wp\/v2\/comments?post=8473"}],"version-history":[{"count":8,"href":"https:\/\/distilleriedesappalaches.com\/en\/wp-json\/wp\/v2\/pages\/8473\/revisions"}],"predecessor-version":[{"id":9621,"href":"https:\/\/distilleriedesappalaches.com\/en\/wp-json\/wp\/v2\/pages\/8473\/revisions\/9621"}],"wp:featuredmedia":[{"embeddable":true,"href":"https:\/\/distilleriedesappalaches.com\/en\/wp-json\/wp\/v2\/media\/9630"}],"wp:attachment":[{"href":"https:\/\/distilleriedesappalaches.com\/en\/wp-json\/wp\/v2\/media?parent=8473"}],"curies":[{"name":"wp","href":"https:\/\/api.w.org\/{rel}","templated":true}]}}