{"id":8481,"date":"2023-11-25T12:25:56","date_gmt":"2023-11-25T17:25:56","guid":{"rendered":"https:\/\/site1763060685.mywhc.ca\/?page_id=8481"},"modified":"2026-01-08T23:19:21","modified_gmt":"2026-01-09T04:19:21","slug":"kepler-sous-bois","status":"publish","type":"page","link":"https:\/\/distilleriedesappalaches.com\/en\/kepler-sous-bois\/","title":{"rendered":"Kepler Sous-Bois"},"content":{"rendered":"[et_pb_section fb_built=\u00a0\u00bb1&Prime; _builder_version=\u00a0\u00bb4.27.4&Prime; _module_preset=\u00a0\u00bbdefault\u00a0\u00bb custom_margin=\u00a0\u00bb||0px||false|false\u00a0\u00bb custom_padding=\u00a0\u00bb||0px||false|false\u00a0\u00bb global_colors_info=\u00a0\u00bb\u00a0\u00bb][et_pb_row _builder_version=\u00a0\u00bb4.27.4&Prime; _module_preset=\u00a0\u00bbdefault\u00a0\u00bb global_colors_info=\u00a0\u00bb\u00a0\u00bb][et_pb_column type=\u00a0\u00bb4_4&Prime; _builder_version=\u00a0\u00bb4.27.4&Prime; _module_preset=\u00a0\u00bbdefault\u00a0\u00bb global_colors_info=\u00a0\u00bb\u00a0\u00bb][et_pb_text _builder_version=\u00a0\u00bb4.27.4&Prime; _dynamic_attributes=\u00a0\u00bbcontent\u00a0\u00bb _module_preset=\u00a0\u00bbdefault\u00a0\u00bb custom_margin=\u00a0\u00bb||3px|||\u00a0\u00bb global_colors_info=\u00a0\u00bb\u00a0\u00bb]@ET-DC@eyJkeW5hbWljIjp0cnVlLCJjb250ZW50IjoicG9zdF90aXRsZSIsInNldHRpbmdzIjp7ImJlZm9yZSI6IjxoMT4iLCJhZnRlciI6IjwvaDE+In19@[\/et_pb_text][et_pb_text _builder_version=\u00a0\u00bb4.27.4&Prime; _module_preset=\u00a0\u00bbdefault\u00a0\u00bb text_font_size=\u00a0\u00bb16px\u00a0\u00bb link_font=\u00a0\u00bb||||on||||\u00a0\u00bb global_colors_info=\u00a0\u00bb\u00a0\u00bb]<p><a href=\"https:\/\/www.saq.com\/fr\/15002412\" target=\"_blank\" rel=\"noopener\">Available at the SAQ \u2192<\/a><\/p>[\/et_pb_text][\/et_pb_column][\/et_pb_row][et_pb_row _builder_version=\u00a0\u00bb4.27.4&Prime; _module_preset=\u00a0\u00bbdefault\u00a0\u00bb custom_margin=\u00a0\u00bb30px|auto||auto|false|false\u00a0\u00bb global_colors_info=\u00a0\u00bb\u00a0\u00bb][et_pb_column type=\u00a0\u00bb4_4&Prime; _builder_version=\u00a0\u00bb4.27.4&Prime; _module_preset=\u00a0\u00bbdefault\u00a0\u00bb global_colors_info=\u00a0\u00bb\u00a0\u00bb][et_pb_image src=\u00a0\u00bbhttps:\/\/distilleriedesappalaches.com\/wp-content\/uploads\/2025\/12\/sous_bois.webp\u00a0\u00bb alt=\u00a0\u00bbKepler Sous-Bois\u00a0\u00bb title_text=\u00a0\u00bbsous_bois\u00a0\u00bb align=\u00a0\u00bbcenter\u00a0\u00bb _builder_version=\u00a0\u00bb4.27.4&Prime; _module_preset=\u00a0\u00bbdefault\u00a0\u00bb positioning=\u00a0\u00bbrelative\u00a0\u00bb max_width=\u00a0\u00bb45%\u00a0\u00bb max_width_tablet=\u00a0\u00bb50%\u00a0\u00bb max_width_phone=\u00a0\u00bb100%\u00a0\u00bb max_width_last_edited=\u00a0\u00bbon|desktop\u00a0\u00bb custom_margin=\u00a0\u00bb0px||0px||false|false\u00a0\u00bb custom_padding=\u00a0\u00bb0px||0px||false|false\u00a0\u00bb global_colors_info=\u00a0\u00bb\u00a0\u00bb][\/et_pb_image][et_pb_image src=\u00a0\u00bbhttps:\/\/distilleriedesappalaches.com\/wp-content\/uploads\/2025\/12\/Ingredients-sous-bois-3.webp\u00a0\u00bb title_text=\u00a0\u00bbIngredients sous-bois 3&Prime; _builder_version=\u00a0\u00bb4.27.4&Prime; _module_preset=\u00a0\u00bbdefault\u00a0\u00bb transform_translate_linked=\u00a0\u00bboff\u00a0\u00bb positioning=\u00a0\u00bbabsolute\u00a0\u00bb position_origin_a=\u00a0\u00bbcenter_left\u00a0\u00bb horizontal_offset=\u00a0\u00bb25%\u00a0\u00bb width=\u00a0\u00bb100%\u00a0\u00bb max_width=\u00a0\u00bb12%\u00a0\u00bb global_colors_info=\u00a0\u00bb\u00a0\u00bb][\/et_pb_image][et_pb_image src=\u00a0\u00bbhttps:\/\/distilleriedesappalaches.com\/wp-content\/uploads\/2025\/12\/Ingredient-sous-bois-1.webp\u00a0\u00bb title_text=\u00a0\u00bbIngredient sous-bois 1&Prime; _builder_version=\u00a0\u00bb4.27.4&Prime; _module_preset=\u00a0\u00bbdefault\u00a0\u00bb positioning=\u00a0\u00bbabsolute\u00a0\u00bb position_origin_a=\u00a0\u00bbtop_right\u00a0\u00bb vertical_offset=\u00a0\u00bb-15%\u00a0\u00bb horizontal_offset=\u00a0\u00bb50%\u00a0\u00bb vertical_offset_tablet=\u00a0\u00bb-5%\u00a0\u00bb vertical_offset_phone=\u00a0\u00bb-5%\u00a0\u00bb vertical_offset_last_edited=\u00a0\u00bbon|phone\u00a0\u00bb position_origin_a_tablet=\u00a0\u00bbtop_right\u00a0\u00bb position_origin_a_phone=\u00a0\u00bbtop_right\u00a0\u00bb position_origin_a_last_edited=\u00a0\u00bbon|tablet\u00a0\u00bb position_origin_f_tablet=\u00a0\u00bb\u00a0\u00bb position_origin_f_phone=\u00a0\u00bb\u00a0\u00bb position_origin_f_last_edited=\u00a0\u00bbon|tablet\u00a0\u00bb position_origin_r_tablet=\u00a0\u00bb\u00a0\u00bb position_origin_r_phone=\u00a0\u00bb\u00a0\u00bb position_origin_r_last_edited=\u00a0\u00bbon|tablet\u00a0\u00bb width=\u00a0\u00bb100%\u00a0\u00bb max_width=\u00a0\u00bb12%\u00a0\u00bb positioning_tablet=\u00a0\u00bbabsolute\u00a0\u00bb positioning_phone=\u00a0\u00bbabsolute\u00a0\u00bb positioning_last_edited=\u00a0\u00bbon|tablet\u00a0\u00bb global_colors_info=\u00a0\u00bb\u00a0\u00bb][\/et_pb_image][et_pb_image src=\u00a0\u00bbhttps:\/\/distilleriedesappalaches.com\/wp-content\/uploads\/2025\/12\/Ingredients-sous-bois-2.webp\u00a0\u00bb title_text=\u00a0\u00bbIngredients sous-bois 2&Prime; _builder_version=\u00a0\u00bb4.27.4&Prime; _module_preset=\u00a0\u00bbdefault\u00a0\u00bb positioning=\u00a0\u00bbabsolute\u00a0\u00bb position_origin_a=\u00a0\u00bbtop_right\u00a0\u00bb vertical_offset=\u00a0\u00bb25%\u00a0\u00bb horizontal_offset=\u00a0\u00bb25%\u00a0\u00bb width=\u00a0\u00bb100%\u00a0\u00bb max_width=\u00a0\u00bb12%\u00a0\u00bb global_colors_info=\u00a0\u00bb\u00a0\u00bb][\/et_pb_image][\/et_pb_column][\/et_pb_row][\/et_pb_section][et_pb_section fb_built=\u00a0\u00bb1&Prime; _builder_version=\u00a0\u00bb4.27.4&Prime; _module_preset=\u00a0\u00bbdefault\u00a0\u00bb custom_margin=\u00a0\u00bb0px||0px||false|false\u00a0\u00bb custom_padding=\u00a0\u00bb0px||0px||false|false\u00a0\u00bb global_colors_info=\u00a0\u00bb\u00a0\u00bb][et_pb_row _builder_version=\u00a0\u00bb4.27.4&Prime; _module_preset=\u00a0\u00bbdefault\u00a0\u00bb global_colors_info=\u00a0\u00bb\u00a0\u00bb][et_pb_column type=\u00a0\u00bb4_4&Prime; _builder_version=\u00a0\u00bb4.27.4&Prime; _module_preset=\u00a0\u00bbdefault\u00a0\u00bb global_colors_info=\u00a0\u00bb\u00a0\u00bb][et_pb_button button_url=\u00a0\u00bbhttps:\/\/distilleriedesappalaches.com\/alcool\/kepler-sous-bois\/\u00a0\u00bb button_text=\u00a0\u00bbVoir les cocktails\u00a0\u00bb _builder_version=\u00a0\u00bb4.27.4&Prime; _module_preset=\u00a0\u00bbdefault\u00a0\u00bb custom_button=\u00a0\u00bbon\u00a0\u00bb button_text_size=\u00a0\u00bb16px\u00a0\u00bb button_text_color=\u00a0\u00bb#FFFFFF\u00a0\u00bb button_bg_color=\u00a0\u00bbRGBA(255,255,255,0)\u00a0\u00bb button_border_width=\u00a0\u00bb0.5px\u00a0\u00bb button_border_color=\u00a0\u00bbrgba(255,255,255,0.4)\u00a0\u00bb button_use_icon=\u00a0\u00bboff\u00a0\u00bb button_border_color_last_edited=\u00a0\u00bboff|desktop\u00a0\u00bb global_colors_info=\u00a0\u00bb\u00a0\u00bb button_border_color__hover_enabled=\u00a0\u00bbon|desktop\u00a0\u00bb button_border_color__hover=\u00a0\u00bbrgba(255,255,255,0.8)\u00a0\u00bb][\/et_pb_button][et_pb_text _builder_version=\u00a0\u00bb4.27.4&Prime; _module_preset=\u00a0\u00bbdefault\u00a0\u00bb text_text_color=\u00a0\u00bb#FFFFFF\u00a0\u00bb custom_margin=\u00a0\u00bb||||false|false\u00a0\u00bb global_colors_info=\u00a0\u00bb\u00a0\u00bb]<p><span>A boreal gin with a more accessible taste. Served over ice, it will appeal to even the most discerning classic gin lovers. In a gin and tonic, it becomes the perfect companion for a stay at the cottage, revealing hints of pink grapefruit and green apple. A versatile gin with character that will win over new fans in this all-Quebec category. Made from a blend of local herbs and spices, including dune pepper and Labrador tea, this gin offers excellent value for money.\u00a0<\/span><span>tonic, il se transformera en compagnon parfait pour le s\u00e9jour au chalet, laissant transpara\u00eetre des effluves de\u00a0<\/span><span>pamplemousse rose et de pomme verte. Un gin versatile avec du caract\u00e8re qui sera conqu\u00e9rir de nouveaux\u00a0<\/span><span>adeptes dans cette cat\u00e9gorie toute qu\u00e9b\u00e9coise. Compos\u00e9 d\u2019un m\u00e9lange d\u2019herbes et d\u2019\u00e9pices d\u2019ici, dont le poivre\u00a0<\/span><span>des dunes et le th\u00e9 du labrador, ce gin repr\u00e9sente un excellent rapport qualit\u00e9-prix.<\/span><\/p>[\/et_pb_text][et_pb_text _builder_version=\u00a0\u00bb4.27.4&Prime; _module_preset=\u00a0\u00bbdefault\u00a0\u00bb text_font_size=\u00a0\u00bb16px\u00a0\u00bb link_font=\u00a0\u00bb||||on||||\u00a0\u00bb global_colors_info=\u00a0\u00bb\u00a0\u00bb]<p><a href=\"https:\/\/distilleriedesappalaches.com\/en\/kepler\/\">Back to Kepler gin<\/a><\/p>[\/et_pb_text][\/et_pb_column][\/et_pb_row][\/et_pb_section]","protected":false},"excerpt":{"rendered":"<p>Disponible \u00e0 la SAQ \u2192Un gin bor\u00e9ale plus accessible au go\u00fbt. Sur glace, il plaira au plus exigeant des amateurs de gin classique. En gin\u00a0tonic, il se transformera en compagnon parfait pour le s\u00e9jour au chalet, laissant transpara\u00eetre des effluves de\u00a0pamplemousse rose et de pomme verte. Un gin versatile avec du caract\u00e8re qui sera conqu\u00e9rir [&hellip;]<\/p>","protected":false},"author":11,"featured_media":9629,"parent":0,"menu_order":0,"comment_status":"closed","ping_status":"closed","template":"","meta":{"_acf_changed":false,"_et_pb_use_builder":"on","_et_pb_old_content":"<img width=\"1024\" height=\"415\" src=\"https:\/\/distilleriedesappalaches.com\/wp-content\/uploads\/2023\/11\/sous-bois-1024x415.png\" alt=\"\" srcset=\"https:\/\/distilleriedesappalaches.com\/wp-content\/uploads\/2023\/11\/sous-bois-1024x415.png 1024w, https:\/\/distilleriedesappalaches.com\/wp-content\/uploads\/2023\/11\/sous-bois-300x122.png 300w, https:\/\/distilleriedesappalaches.com\/wp-content\/uploads\/2023\/11\/sous-bois-768x311.png 768w, https:\/\/distilleriedesappalaches.com\/wp-content\/uploads\/2023\/11\/sous-bois-1536x623.png 1536w, https:\/\/distilleriedesappalaches.com\/wp-content\/uploads\/2023\/11\/sous-bois-600x243.png 600w, https:\/\/distilleriedesappalaches.com\/wp-content\/uploads\/2023\/11\/sous-bois.png 1820w\" sizes=\"(max-width: 1024px) 100vw, 1024px\" \/>\t\t\t\t\t\t\t\t\t\t\t\t\t\n\t\t\t<h2>Cocktail<\/h2>\t\t\n\t\t<h2>Spritz des bois<\/h2><ul><li>1 oz Kepler Sous-bois<\/li><li>0.5 oz liqueur am\u00e8re<\/li><li>0.5 oz jus de pamplemousse frais<\/li><li>Tonique<\/li><\/ul><p>Pour faire un visuel d\u2019\u00e9talage. Mettre la liqueur am\u00e8re en premier. Ensuite le Kepler sous-bois et le tonique. Pour terminer avec la touche de jus de pamplemousse.<\/p><p>D\u00e9corer d\u2019une rondelle de citron.<\/p>\t\t\n\t\t\t\t\t\t\t\t\t\t\t\t\t<img width=\"200\" height=\"300\" src=\"https:\/\/distilleriedesappalaches.com\/wp-content\/uploads\/2023\/11\/Spritz-des-bois-200x300.jpg\" alt=\"\" srcset=\"https:\/\/distilleriedesappalaches.com\/wp-content\/uploads\/2023\/11\/Spritz-des-bois-200x300.jpg 200w, https:\/\/distilleriedesappalaches.com\/wp-content\/uploads\/2023\/11\/Spritz-des-bois-683x1024.jpg 683w, https:\/\/distilleriedesappalaches.com\/wp-content\/uploads\/2023\/11\/Spritz-des-bois-768x1152.jpg 768w, https:\/\/distilleriedesappalaches.com\/wp-content\/uploads\/2023\/11\/Spritz-des-bois-1024x1536.jpg 1024w, https:\/\/distilleriedesappalaches.com\/wp-content\/uploads\/2023\/11\/Spritz-des-bois-1365x2048.jpg 1365w, https:\/\/distilleriedesappalaches.com\/wp-content\/uploads\/2023\/11\/Spritz-des-bois-600x900.jpg 600w, https:\/\/distilleriedesappalaches.com\/wp-content\/uploads\/2023\/11\/Spritz-des-bois-scaled.jpg 1707w\" sizes=\"(max-width: 200px) 100vw, 200px\" \/>\t\t\t\t\t\t\t\t\t\t\t\t\t\n\t\t\t\t\t\t\t\t\t\t\t\t\t<img width=\"200\" height=\"300\" src=\"https:\/\/distilleriedesappalaches.com\/wp-content\/uploads\/2023\/11\/Bloody-Sous-bois-200x300.jpg\" alt=\"\" srcset=\"https:\/\/distilleriedesappalaches.com\/wp-content\/uploads\/2023\/11\/Bloody-Sous-bois-200x300.jpg 200w, https:\/\/distilleriedesappalaches.com\/wp-content\/uploads\/2023\/11\/Bloody-Sous-bois-683x1024.jpg 683w, https:\/\/distilleriedesappalaches.com\/wp-content\/uploads\/2023\/11\/Bloody-Sous-bois-768x1152.jpg 768w, https:\/\/distilleriedesappalaches.com\/wp-content\/uploads\/2023\/11\/Bloody-Sous-bois-1024x1536.jpg 1024w, https:\/\/distilleriedesappalaches.com\/wp-content\/uploads\/2023\/11\/Bloody-Sous-bois-1365x2048.jpg 1365w, https:\/\/distilleriedesappalaches.com\/wp-content\/uploads\/2023\/11\/Bloody-Sous-bois-600x900.jpg 600w, https:\/\/distilleriedesappalaches.com\/wp-content\/uploads\/2023\/11\/Bloody-Sous-bois-scaled.jpg 1707w\" sizes=\"(max-width: 200px) 100vw, 200px\" \/>\t\t\t\t\t\t\t\t\t\t\t\t\t\n\t\t<h2>Bloody Sous-bois<\/h2><ul><li><p data-pm-slice=\"1 1 []\">1.5oz Kepler sous-bois<\/p><\/li><li><p data-pm-slice=\"1 1 []\">1-2 gouttes de worcestershire<\/p><\/li><li><p data-pm-slice=\"1 1 []\">1-2 gouttes de tabasco<\/p><\/li><li><p data-pm-slice=\"1 1 []\">Clamato\u00a0<\/p><\/li><\/ul><p data-pm-slice=\"1 1 []\">M\u00e9langer le tout dans un verre avec de la glace. Servir.<\/p>\t\t\n\t\t<h2>L'homme des bois <br>( Tom collins)<\/h2>\n<ul>\n \t<li>\n<p data-pm-slice=\"1 1 []\">2 oz Kepler sous-bois<\/p>\n<\/li>\n \t<li>\n<p data-pm-slice=\"1 1 []\">1 oz jus de citron<\/p>\n<\/li>\n \t<li>\n<p data-pm-slice=\"1 1 []\">\u00a00.5oz sirop simple<\/p>\n<\/li>\n \t<li>\n<p data-pm-slice=\"1 1 []\">allonger soda<\/p>\n<\/li>\n<\/ul>\n<p data-pm-slice=\"1 1 []\">Mettre tous les ingr\u00e9dients dans le shaker. Shake.<\/p>\n<p data-pm-slice=\"1 1 []\">Verser dans un verre highball et allonger au soda. D\u00e9cor\u00e9 d'une rondelle de citron.<\/p>\t\t\n\t\t\t\t\t\t\t\t\t\t\t\t\t<img width=\"200\" height=\"300\" src=\"https:\/\/distilleriedesappalaches.com\/wp-content\/uploads\/2024\/05\/Lhomme-des-bois-200x300.jpg\" alt=\"\" srcset=\"https:\/\/distilleriedesappalaches.com\/wp-content\/uploads\/2024\/05\/Lhomme-des-bois-200x300.jpg 200w, https:\/\/distilleriedesappalaches.com\/wp-content\/uploads\/2024\/05\/Lhomme-des-bois-683x1024.jpg 683w, https:\/\/distilleriedesappalaches.com\/wp-content\/uploads\/2024\/05\/Lhomme-des-bois-768x1152.jpg 768w, https:\/\/distilleriedesappalaches.com\/wp-content\/uploads\/2024\/05\/Lhomme-des-bois-1024x1536.jpg 1024w\" sizes=\"(max-width: 200px) 100vw, 200px\" \/>","_et_gb_content_width":"","footnotes":""},"class_list":["post-8481","page","type-page","status-publish","has-post-thumbnail","hentry"],"acf":[],"yoast_head":"<!-- This site is optimized with the Yoast SEO plugin v26.7 - https:\/\/yoast.com\/wordpress\/plugins\/seo\/ -->\n<title>Kepler Sous-Bois - Distillerie des Appalaches<\/title>\n<meta name=\"robots\" content=\"index, follow, max-snippet:-1, max-image-preview:large, max-video-preview:-1\" \/>\n<link rel=\"canonical\" href=\"https:\/\/distilleriedesappalaches.com\/en\/kepler-sous-bois\/\" \/>\n<meta property=\"og:locale\" content=\"en_US\" \/>\n<meta property=\"og:type\" content=\"article\" \/>\n<meta property=\"og:title\" content=\"Kepler Sous-Bois - Distillerie des Appalaches\" \/>\n<meta property=\"og:description\" content=\"Disponible \u00e0 la SAQ \u2192Un gin bor\u00e9ale plus accessible au go\u00fbt. Sur glace, il plaira au plus exigeant des amateurs de gin classique. En gin\u00a0tonic, il se transformera en compagnon parfait pour le s\u00e9jour au chalet, laissant transpara\u00eetre des effluves de\u00a0pamplemousse rose et de pomme verte. Un gin versatile avec du caract\u00e8re qui sera conqu\u00e9rir [&hellip;]\" \/>\n<meta property=\"og:url\" content=\"https:\/\/distilleriedesappalaches.com\/en\/kepler-sous-bois\/\" \/>\n<meta property=\"og:site_name\" content=\"Distillerie des Appalaches\" \/>\n<meta property=\"article:publisher\" content=\"https:\/\/www.facebook.com\/appalachesdistillerie\" \/>\n<meta property=\"article:modified_time\" content=\"2026-01-09T04:19:21+00:00\" \/>\n<meta property=\"og:image\" content=\"https:\/\/distilleriedesappalaches.com\/wp-content\/uploads\/2023\/11\/sous-bois-1024x415.png\" \/>\n<meta name=\"twitter:card\" content=\"summary_large_image\" \/>\n<meta name=\"twitter:label1\" content=\"Est. reading time\" \/>\n\t<meta name=\"twitter:data1\" content=\"2 minutes\" \/>\n<script type=\"application\/ld+json\" class=\"yoast-schema-graph\">{\"@context\":\"https:\/\/schema.org\",\"@graph\":[{\"@type\":\"WebPage\",\"@id\":\"https:\/\/distilleriedesappalaches.com\/kepler-sous-bois\/\",\"url\":\"https:\/\/distilleriedesappalaches.com\/kepler-sous-bois\/\",\"name\":\"Kepler Sous-Bois - Distillerie des Appalaches\",\"isPartOf\":{\"@id\":\"https:\/\/distilleriedesappalaches.com\/#website\"},\"primaryImageOfPage\":{\"@id\":\"https:\/\/distilleriedesappalaches.com\/kepler-sous-bois\/#primaryimage\"},\"image\":{\"@id\":\"https:\/\/distilleriedesappalaches.com\/kepler-sous-bois\/#primaryimage\"},\"thumbnailUrl\":\"https:\/\/distilleriedesappalaches.com\/wp-content\/uploads\/2026\/01\/sousbois.jpg\",\"datePublished\":\"2023-11-25T17:25:56+00:00\",\"dateModified\":\"2026-01-09T04:19:21+00:00\",\"breadcrumb\":{\"@id\":\"https:\/\/distilleriedesappalaches.com\/kepler-sous-bois\/#breadcrumb\"},\"inLanguage\":\"en-CA\",\"potentialAction\":[{\"@type\":\"ReadAction\",\"target\":[\"https:\/\/distilleriedesappalaches.com\/kepler-sous-bois\/\"]}]},{\"@type\":\"ImageObject\",\"inLanguage\":\"en-CA\",\"@id\":\"https:\/\/distilleriedesappalaches.com\/kepler-sous-bois\/#primaryimage\",\"url\":\"https:\/\/distilleriedesappalaches.com\/wp-content\/uploads\/2026\/01\/sousbois.jpg\",\"contentUrl\":\"https:\/\/distilleriedesappalaches.com\/wp-content\/uploads\/2026\/01\/sousbois.jpg\",\"width\":1200,\"height\":630},{\"@type\":\"BreadcrumbList\",\"@id\":\"https:\/\/distilleriedesappalaches.com\/kepler-sous-bois\/#breadcrumb\",\"itemListElement\":[{\"@type\":\"ListItem\",\"position\":1,\"name\":\"Accueil\",\"item\":\"https:\/\/distilleriedesappalaches.com\/\"},{\"@type\":\"ListItem\",\"position\":2,\"name\":\"Kepler Sous-Bois\"}]},{\"@type\":\"WebSite\",\"@id\":\"https:\/\/distilleriedesappalaches.com\/#website\",\"url\":\"https:\/\/distilleriedesappalaches.com\/\",\"name\":\"Distillerie des Appalaches\",\"description\":\"\",\"publisher\":{\"@id\":\"https:\/\/distilleriedesappalaches.com\/#organization\"},\"potentialAction\":[{\"@type\":\"SearchAction\",\"target\":{\"@type\":\"EntryPoint\",\"urlTemplate\":\"https:\/\/distilleriedesappalaches.com\/?s={search_term_string}\"},\"query-input\":{\"@type\":\"PropertyValueSpecification\",\"valueRequired\":true,\"valueName\":\"search_term_string\"}}],\"inLanguage\":\"en-CA\"},{\"@type\":\"Organization\",\"@id\":\"https:\/\/distilleriedesappalaches.com\/#organization\",\"name\":\"Distillerie des Appalaches\",\"url\":\"https:\/\/distilleriedesappalaches.com\/\",\"logo\":{\"@type\":\"ImageObject\",\"inLanguage\":\"en-CA\",\"@id\":\"https:\/\/distilleriedesappalaches.com\/#\/schema\/logo\/image\/\",\"url\":\"https:\/\/distilleriedesappalaches.com\/wp-content\/uploads\/2021\/10\/Logo-Appalaches-distillerie-CMYK-horiz-blanc-e1635354864230.png\",\"contentUrl\":\"https:\/\/distilleriedesappalaches.com\/wp-content\/uploads\/2021\/10\/Logo-Appalaches-distillerie-CMYK-horiz-blanc-e1635354864230.png\",\"width\":1564,\"height\":665,\"caption\":\"Distillerie des Appalaches\"},\"image\":{\"@id\":\"https:\/\/distilleriedesappalaches.com\/#\/schema\/logo\/image\/\"},\"sameAs\":[\"https:\/\/www.facebook.com\/appalachesdistillerie\",\"https:\/\/www.tiktok.com\/@appalachesdistillerie?is_from_webapp=1&sender_device=pc\",\"https:\/\/www.instagram.com\/appalachesdistillerie\/\"]}]}<\/script>\n<!-- \/ Yoast SEO plugin. -->","yoast_head_json":{"title":"Kepler Sous-Bois - Distillerie des Appalaches","robots":{"index":"index","follow":"follow","max-snippet":"max-snippet:-1","max-image-preview":"max-image-preview:large","max-video-preview":"max-video-preview:-1"},"canonical":"https:\/\/distilleriedesappalaches.com\/en\/kepler-sous-bois\/","og_locale":"en_US","og_type":"article","og_title":"Kepler Sous-Bois - Distillerie des Appalaches","og_description":"Disponible \u00e0 la SAQ \u2192Un gin bor\u00e9ale plus accessible au go\u00fbt. Sur glace, il plaira au plus exigeant des amateurs de gin classique. En gin\u00a0tonic, il se transformera en compagnon parfait pour le s\u00e9jour au chalet, laissant transpara\u00eetre des effluves de\u00a0pamplemousse rose et de pomme verte. Un gin versatile avec du caract\u00e8re qui sera conqu\u00e9rir [&hellip;]","og_url":"https:\/\/distilleriedesappalaches.com\/en\/kepler-sous-bois\/","og_site_name":"Distillerie des Appalaches","article_publisher":"https:\/\/www.facebook.com\/appalachesdistillerie","article_modified_time":"2026-01-09T04:19:21+00:00","og_image":[{"url":"https:\/\/distilleriedesappalaches.com\/wp-content\/uploads\/2023\/11\/sous-bois-1024x415.png","type":"","width":"","height":""}],"twitter_card":"summary_large_image","twitter_misc":{"Est. reading time":"2 minutes"},"schema":{"@context":"https:\/\/schema.org","@graph":[{"@type":"WebPage","@id":"https:\/\/distilleriedesappalaches.com\/kepler-sous-bois\/","url":"https:\/\/distilleriedesappalaches.com\/kepler-sous-bois\/","name":"Kepler Sous-Bois - Distillerie des Appalaches","isPartOf":{"@id":"https:\/\/distilleriedesappalaches.com\/#website"},"primaryImageOfPage":{"@id":"https:\/\/distilleriedesappalaches.com\/kepler-sous-bois\/#primaryimage"},"image":{"@id":"https:\/\/distilleriedesappalaches.com\/kepler-sous-bois\/#primaryimage"},"thumbnailUrl":"https:\/\/distilleriedesappalaches.com\/wp-content\/uploads\/2026\/01\/sousbois.jpg","datePublished":"2023-11-25T17:25:56+00:00","dateModified":"2026-01-09T04:19:21+00:00","breadcrumb":{"@id":"https:\/\/distilleriedesappalaches.com\/kepler-sous-bois\/#breadcrumb"},"inLanguage":"en-CA","potentialAction":[{"@type":"ReadAction","target":["https:\/\/distilleriedesappalaches.com\/kepler-sous-bois\/"]}]},{"@type":"ImageObject","inLanguage":"en-CA","@id":"https:\/\/distilleriedesappalaches.com\/kepler-sous-bois\/#primaryimage","url":"https:\/\/distilleriedesappalaches.com\/wp-content\/uploads\/2026\/01\/sousbois.jpg","contentUrl":"https:\/\/distilleriedesappalaches.com\/wp-content\/uploads\/2026\/01\/sousbois.jpg","width":1200,"height":630},{"@type":"BreadcrumbList","@id":"https:\/\/distilleriedesappalaches.com\/kepler-sous-bois\/#breadcrumb","itemListElement":[{"@type":"ListItem","position":1,"name":"Accueil","item":"https:\/\/distilleriedesappalaches.com\/"},{"@type":"ListItem","position":2,"name":"Kepler Sous-Bois"}]},{"@type":"WebSite","@id":"https:\/\/distilleriedesappalaches.com\/#website","url":"https:\/\/distilleriedesappalaches.com\/","name":"Distillerie des Appalaches","description":"","publisher":{"@id":"https:\/\/distilleriedesappalaches.com\/#organization"},"potentialAction":[{"@type":"SearchAction","target":{"@type":"EntryPoint","urlTemplate":"https:\/\/distilleriedesappalaches.com\/?s={search_term_string}"},"query-input":{"@type":"PropertyValueSpecification","valueRequired":true,"valueName":"search_term_string"}}],"inLanguage":"en-CA"},{"@type":"Organization","@id":"https:\/\/distilleriedesappalaches.com\/#organization","name":"Distillerie des Appalaches","url":"https:\/\/distilleriedesappalaches.com\/","logo":{"@type":"ImageObject","inLanguage":"en-CA","@id":"https:\/\/distilleriedesappalaches.com\/#\/schema\/logo\/image\/","url":"https:\/\/distilleriedesappalaches.com\/wp-content\/uploads\/2021\/10\/Logo-Appalaches-distillerie-CMYK-horiz-blanc-e1635354864230.png","contentUrl":"https:\/\/distilleriedesappalaches.com\/wp-content\/uploads\/2021\/10\/Logo-Appalaches-distillerie-CMYK-horiz-blanc-e1635354864230.png","width":1564,"height":665,"caption":"Distillerie des Appalaches"},"image":{"@id":"https:\/\/distilleriedesappalaches.com\/#\/schema\/logo\/image\/"},"sameAs":["https:\/\/www.facebook.com\/appalachesdistillerie","https:\/\/www.tiktok.com\/@appalachesdistillerie?is_from_webapp=1&sender_device=pc","https:\/\/www.instagram.com\/appalachesdistillerie\/"]}]}},"_links":{"self":[{"href":"https:\/\/distilleriedesappalaches.com\/en\/wp-json\/wp\/v2\/pages\/8481","targetHints":{"allow":["GET"]}}],"collection":[{"href":"https:\/\/distilleriedesappalaches.com\/en\/wp-json\/wp\/v2\/pages"}],"about":[{"href":"https:\/\/distilleriedesappalaches.com\/en\/wp-json\/wp\/v2\/types\/page"}],"author":[{"embeddable":true,"href":"https:\/\/distilleriedesappalaches.com\/en\/wp-json\/wp\/v2\/users\/11"}],"replies":[{"embeddable":true,"href":"https:\/\/distilleriedesappalaches.com\/en\/wp-json\/wp\/v2\/comments?post=8481"}],"version-history":[{"count":7,"href":"https:\/\/distilleriedesappalaches.com\/en\/wp-json\/wp\/v2\/pages\/8481\/revisions"}],"predecessor-version":[{"id":9622,"href":"https:\/\/distilleriedesappalaches.com\/en\/wp-json\/wp\/v2\/pages\/8481\/revisions\/9622"}],"wp:featuredmedia":[{"embeddable":true,"href":"https:\/\/distilleriedesappalaches.com\/en\/wp-json\/wp\/v2\/media\/9629"}],"wp:attachment":[{"href":"https:\/\/distilleriedesappalaches.com\/en\/wp-json\/wp\/v2\/media?parent=8481"}],"curies":[{"name":"wp","href":"https:\/\/api.w.org\/{rel}","templated":true}]}}