{"id":8806,"date":"2024-06-03T16:38:30","date_gmt":"2024-06-03T20:38:30","guid":{"rendered":"https:\/\/site1763060685.mywhc.ca\/?page_id=8806"},"modified":"2026-01-08T23:09:05","modified_gmt":"2026-01-09T04:09:05","slug":"kepler-k","status":"publish","type":"page","link":"https:\/\/distilleriedesappalaches.com\/en\/kepler-k\/","title":{"rendered":"Kepler K"},"content":{"rendered":"[et_pb_section fb_built=\u00a0\u00bb1&Prime; _builder_version=\u00a0\u00bb4.27.4&Prime; _module_preset=\u00a0\u00bbdefault\u00a0\u00bb custom_margin=\u00a0\u00bb||0px||false|false\u00a0\u00bb custom_padding=\u00a0\u00bb||0px||false|false\u00a0\u00bb global_colors_info=\u00a0\u00bb\u00a0\u00bb][et_pb_row _builder_version=\u00a0\u00bb4.27.4&Prime; _module_preset=\u00a0\u00bbdefault\u00a0\u00bb global_colors_info=\u00a0\u00bb\u00a0\u00bb][et_pb_column type=\u00a0\u00bb4_4&Prime; _builder_version=\u00a0\u00bb4.27.4&Prime; _module_preset=\u00a0\u00bbdefault\u00a0\u00bb global_colors_info=\u00a0\u00bb\u00a0\u00bb][et_pb_text _builder_version=\u00a0\u00bb4.27.4&Prime; _dynamic_attributes=\u00a0\u00bbcontent\u00a0\u00bb _module_preset=\u00a0\u00bbdefault\u00a0\u00bb custom_margin=\u00a0\u00bb||3px|||\u00a0\u00bb global_colors_info=\u00a0\u00bb\u00a0\u00bb]@ET-DC@eyJkeW5hbWljIjp0cnVlLCJjb250ZW50IjoicG9zdF90aXRsZSIsInNldHRpbmdzIjp7ImJlZm9yZSI6IjxoMT4iLCJhZnRlciI6IjwvaDE+In19@[\/et_pb_text][et_pb_text _builder_version=\u00a0\u00bb4.27.4&Prime; _module_preset=\u00a0\u00bbdefault\u00a0\u00bb text_font_size=\u00a0\u00bb16px\u00a0\u00bb link_font=\u00a0\u00bb||||on||||\u00a0\u00bb global_colors_info=\u00a0\u00bb\u00a0\u00bb]<p><a href=\"https:\/\/www.saq.com\/fr\/15362311\" target=\"_blank\" rel=\"noopener\">Available at the SAQ \u2192<\/a><\/p>[\/et_pb_text][\/et_pb_column][\/et_pb_row][et_pb_row _builder_version=\u00a0\u00bb4.27.4&Prime; _module_preset=\u00a0\u00bbdefault\u00a0\u00bb custom_margin=\u00a0\u00bb30px|auto||auto|false|false\u00a0\u00bb global_colors_info=\u00a0\u00bb\u00a0\u00bb][et_pb_column type=\u00a0\u00bb4_4&Prime; _builder_version=\u00a0\u00bb4.27.4&Prime; _module_preset=\u00a0\u00bbdefault\u00a0\u00bb global_colors_info=\u00a0\u00bb\u00a0\u00bb][et_pb_image src=\u00a0\u00bbhttps:\/\/distilleriedesappalaches.com\/wp-content\/uploads\/2025\/12\/k-2.webp\u00a0\u00bb alt=\u00a0\u00bbkepler K\u00a0\u00bb title_text=\u00a0\u00bbk\u00a0\u00bb align=\u00a0\u00bbcenter\u00a0\u00bb _builder_version=\u00a0\u00bb4.27.4&Prime; _module_preset=\u00a0\u00bbdefault\u00a0\u00bb positioning=\u00a0\u00bbrelative\u00a0\u00bb custom_margin=\u00a0\u00bb0px||0px||false|false\u00a0\u00bb custom_padding=\u00a0\u00bb0px||0px||false|false\u00a0\u00bb hover_enabled=\u00a0\u00bb0&Prime; global_colors_info=\u00a0\u00bb\u00a0\u00bb max_width=\u00a0\u00bb45%\u00a0\u00bb max_width_tablet=\u00a0\u00bb50%\u00a0\u00bb max_width_phone=\u00a0\u00bb100%\u00a0\u00bb max_width_last_edited=\u00a0\u00bbon|desktop\u00a0\u00bb sticky_enabled=\u00a0\u00bb0&Prime;][\/et_pb_image][et_pb_image src=\u00a0\u00bbhttps:\/\/distilleriedesappalaches.com\/wp-content\/uploads\/2025\/12\/citron.webp\u00a0\u00bb title_text=\u00a0\u00bbcitron\u00a0\u00bb _builder_version=\u00a0\u00bb4.27.4&Prime; _module_preset=\u00a0\u00bbdefault\u00a0\u00bb transform_translate_linked=\u00a0\u00bboff\u00a0\u00bb positioning=\u00a0\u00bbabsolute\u00a0\u00bb position_origin_a=\u00a0\u00bbcenter_left\u00a0\u00bb horizontal_offset=\u00a0\u00bb25%\u00a0\u00bb width=\u00a0\u00bb100%\u00a0\u00bb max_width=\u00a0\u00bb12%\u00a0\u00bb global_colors_info=\u00a0\u00bb\u00a0\u00bb][\/et_pb_image][et_pb_image src=\u00a0\u00bbhttps:\/\/distilleriedesappalaches.com\/wp-content\/uploads\/2025\/12\/gingembre.webp\u00a0\u00bb title_text=\u00a0\u00bbgingembre\u00a0\u00bb _builder_version=\u00a0\u00bb4.27.4&Prime; _module_preset=\u00a0\u00bbdefault\u00a0\u00bb positioning=\u00a0\u00bbabsolute\u00a0\u00bb position_origin_a=\u00a0\u00bbtop_right\u00a0\u00bb vertical_offset=\u00a0\u00bb-15%\u00a0\u00bb horizontal_offset=\u00a0\u00bb50%\u00a0\u00bb vertical_offset_tablet=\u00a0\u00bb-5%\u00a0\u00bb vertical_offset_phone=\u00a0\u00bb-5%\u00a0\u00bb vertical_offset_last_edited=\u00a0\u00bbon|phone\u00a0\u00bb position_origin_a_tablet=\u00a0\u00bbtop_right\u00a0\u00bb position_origin_a_phone=\u00a0\u00bbtop_right\u00a0\u00bb position_origin_a_last_edited=\u00a0\u00bbon|tablet\u00a0\u00bb position_origin_f_tablet=\u00a0\u00bb\u00a0\u00bb position_origin_f_phone=\u00a0\u00bb\u00a0\u00bb position_origin_f_last_edited=\u00a0\u00bbon|tablet\u00a0\u00bb position_origin_r_tablet=\u00a0\u00bb\u00a0\u00bb position_origin_r_phone=\u00a0\u00bb\u00a0\u00bb position_origin_r_last_edited=\u00a0\u00bbon|tablet\u00a0\u00bb width=\u00a0\u00bb100%\u00a0\u00bb max_width=\u00a0\u00bb12%\u00a0\u00bb positioning_tablet=\u00a0\u00bbabsolute\u00a0\u00bb positioning_phone=\u00a0\u00bbabsolute\u00a0\u00bb positioning_last_edited=\u00a0\u00bbon|tablet\u00a0\u00bb global_colors_info=\u00a0\u00bb\u00a0\u00bb][\/et_pb_image][et_pb_image src=\u00a0\u00bbhttps:\/\/distilleriedesappalaches.com\/wp-content\/uploads\/2025\/12\/poivredesdunes.webp\u00a0\u00bb title_text=\u00a0\u00bbpoivredesdunes\u00a0\u00bb _builder_version=\u00a0\u00bb4.27.4&Prime; _module_preset=\u00a0\u00bbdefault\u00a0\u00bb positioning=\u00a0\u00bbabsolute\u00a0\u00bb position_origin_a=\u00a0\u00bbtop_right\u00a0\u00bb vertical_offset=\u00a0\u00bb25%\u00a0\u00bb horizontal_offset=\u00a0\u00bb25%\u00a0\u00bb width=\u00a0\u00bb100%\u00a0\u00bb max_width=\u00a0\u00bb12%\u00a0\u00bb global_colors_info=\u00a0\u00bb\u00a0\u00bb][\/et_pb_image][\/et_pb_column][\/et_pb_row][\/et_pb_section][et_pb_section fb_built=\u00a0\u00bb1&Prime; _builder_version=\u00a0\u00bb4.27.4&Prime; _module_preset=\u00a0\u00bbdefault\u00a0\u00bb custom_margin=\u00a0\u00bb0px||0px||false|false\u00a0\u00bb custom_padding=\u00a0\u00bb0px||0px||false|false\u00a0\u00bb global_colors_info=\u00a0\u00bb\u00a0\u00bb][et_pb_row _builder_version=\u00a0\u00bb4.27.4&Prime; _module_preset=\u00a0\u00bbdefault\u00a0\u00bb global_colors_info=\u00a0\u00bb\u00a0\u00bb][et_pb_column type=\u00a0\u00bb4_4&Prime; _builder_version=\u00a0\u00bb4.27.4&Prime; _module_preset=\u00a0\u00bbdefault\u00a0\u00bb global_colors_info=\u00a0\u00bb\u00a0\u00bb][et_pb_button button_url=\u00a0\u00bbhttps:\/\/distilleriedesappalaches.com\/alcool\/kepler-k\/\u00a0\u00bb button_text=\u00a0\u00bbVoir les cocktails\u00a0\u00bb _builder_version=\u00a0\u00bb4.27.4&Prime; _module_preset=\u00a0\u00bbdefault\u00a0\u00bb custom_button=\u00a0\u00bbon\u00a0\u00bb button_text_size=\u00a0\u00bb16px\u00a0\u00bb button_text_color=\u00a0\u00bb#FFFFFF\u00a0\u00bb button_bg_color=\u00a0\u00bbRGBA(255,255,255,0)\u00a0\u00bb button_border_width=\u00a0\u00bb0.5px\u00a0\u00bb button_border_color=\u00a0\u00bbrgba(255,255,255,0.4)\u00a0\u00bb button_use_icon=\u00a0\u00bboff\u00a0\u00bb button_border_color_last_edited=\u00a0\u00bboff|desktop\u00a0\u00bb global_colors_info=\u00a0\u00bb\u00a0\u00bb button_border_color__hover_enabled=\u00a0\u00bbon|desktop\u00a0\u00bb button_border_color__hover=\u00a0\u00bbrgba(255,255,255,0.8)\u00a0\u00bb][\/et_pb_button][et_pb_text _builder_version=\u00a0\u00bb4.27.4&Prime; _module_preset=\u00a0\u00bbdefault\u00a0\u00bb text_text_color=\u00a0\u00bb#FFFFFF\u00a0\u00bb custom_margin=\u00a0\u00bb||||false|false\u00a0\u00bb global_colors_info=\u00a0\u00bb\u00a0\u00bb]<p>Join us on a journey back to the origins of Kepler, when the now popular Quebec gin range was nothing more than a dream and ambition. A blend of aromatics that have all, in their own way, marked the young history of our distillery, expertise refined over time, a bold taste with a certain je ne sais quoi that makes you want to take another sip with every mouthful. With K, nothing is left to chance. Not even the dollars that will be left in your wallet.<\/p>[\/et_pb_text][et_pb_text _builder_version=\u00a0\u00bb4.27.4&Prime; _module_preset=\u00a0\u00bbdefault\u00a0\u00bb text_font_size=\u00a0\u00bb16px\u00a0\u00bb link_font=\u00a0\u00bb||||on||||\u00a0\u00bb global_colors_info=\u00a0\u00bb\u00a0\u00bb]<p><a href=\"https:\/\/distilleriedesappalaches.com\/en\/kepler\/\">Back to Kepler gin<\/a><\/p>[\/et_pb_text][\/et_pb_column][\/et_pb_row][\/et_pb_section]","protected":false},"excerpt":{"rendered":"<p>Disponible \u00e0 la SAQ \u2192Accompagnez-nous jusqu\u2019\u00e0 l\u2019origine de Kepler, lorsque la maintenant populaire gamme de gin qu\u00e9b\u00e9cois n\u2019\u00e9tait que r\u00eave et ambition. Un croisement d\u2019aromates qui ont tous, \u00e0 leur fa\u00e7on, marqu\u00e9 la jeune histoire de notre distillerie, un savoir-faire peaufin\u00e9 au fil du temps, un go\u00fbt franc, avec un je ne sais quoi qui [&hellip;]<\/p>","protected":false},"author":11,"featured_media":9601,"parent":0,"menu_order":0,"comment_status":"closed","ping_status":"closed","template":"","meta":{"_acf_changed":false,"_et_pb_use_builder":"on","_et_pb_old_content":"<img width=\"300\" height=\"300\" src=\"https:\/\/distilleriedesappalaches.com\/wp-content\/uploads\/2024\/06\/Sans-titre-600-x-600-px-1-300x300.png\" alt=\"\" srcset=\"https:\/\/distilleriedesappalaches.com\/wp-content\/uploads\/2024\/06\/Sans-titre-600-x-600-px-1-300x300.png 300w, https:\/\/distilleriedesappalaches.com\/wp-content\/uploads\/2024\/06\/Sans-titre-600-x-600-px-1-150x150.png 150w, https:\/\/distilleriedesappalaches.com\/wp-content\/uploads\/2024\/06\/Sans-titre-600-x-600-px-1.png 600w\" sizes=\"(max-width: 300px) 100vw, 300px\" \/>\t\t\t\t\t\t\t\t\t\t\t\t\t\n\t\t\t<h2>Cocktails<\/h2>\t\t\n\t\t<h2>\u00a0Ken<\/h2><ul><li>3\/4 oz Kepler K<\/li><li>3\/4 oz Vodkafit Limonade Sicilienne<\/li><li>0.5oz liqueur d'orange Appalaches<\/li><li>3\/4 jus de raisin<\/li><li>1\/4 jus sirop simple<\/li><\/ul><p>Mettre tous les ingr\u00e9dients dans le shaker. Shake.<\/p><p>Double filtr\u00e9 dans une coupe \u00e0 martini.<\/p><p>D\u00e9cor\u00e9 d'un zeste d'orange<\/p>\t\t\n\t\t\t\t\t\t\t\t\t\t\t\t\t<img width=\"200\" height=\"300\" src=\"https:\/\/distilleriedesappalaches.com\/wp-content\/uploads\/2024\/05\/Ken-200x300.jpg\" alt=\"\" srcset=\"https:\/\/distilleriedesappalaches.com\/wp-content\/uploads\/2024\/05\/Ken-200x300.jpg 200w, https:\/\/distilleriedesappalaches.com\/wp-content\/uploads\/2024\/05\/Ken-683x1024.jpg 683w, https:\/\/distilleriedesappalaches.com\/wp-content\/uploads\/2024\/05\/Ken-768x1152.jpg 768w, https:\/\/distilleriedesappalaches.com\/wp-content\/uploads\/2024\/05\/Ken-1024x1536.jpg 1024w\" sizes=\"(max-width: 200px) 100vw, 200px\" \/>\t\t\t\t\t\t\t\t\t\t\t\t\t\n\t\t\t\t\t\t\t\t\t\t\t\t\t<img width=\"200\" height=\"300\" src=\"https:\/\/distilleriedesappalaches.com\/wp-content\/uploads\/2024\/05\/tom-Kollins-200x300.jpg\" alt=\"\" srcset=\"https:\/\/distilleriedesappalaches.com\/wp-content\/uploads\/2024\/05\/tom-Kollins-200x300.jpg 200w, https:\/\/distilleriedesappalaches.com\/wp-content\/uploads\/2024\/05\/tom-Kollins-683x1024.jpg 683w, https:\/\/distilleriedesappalaches.com\/wp-content\/uploads\/2024\/05\/tom-Kollins-768x1152.jpg 768w, https:\/\/distilleriedesappalaches.com\/wp-content\/uploads\/2024\/05\/tom-Kollins-1024x1536.jpg 1024w\" sizes=\"(max-width: 200px) 100vw, 200px\" \/>\t\t\t\t\t\t\t\t\t\t\t\t\t\n\t\t<h2>Tom Kollins<\/h2><ul><li>2 oz Kepler K<\/li><li>1 oz jus de citron<\/li><li>0.5oz sirop simple<\/li><\/ul><p>Mettre tous les ingr\u00e9dients dans le shaker. Shake.<\/p><p>Verser dans un verre old fashioned d\u00e9corer d'une rondelle de citron.<\/p>\t\t\n\t\t<h2>Garibaldi Sbagliatto<\/h2><ul><li>1 oz Kepler K<\/li><li>1 oz Ap\u00e9rol<\/li><li>2 oz jus d'orange<\/li><li>allonger proscesso<\/li><\/ul><p>Directement dans une coupe, verser tous les ingr\u00e9dients, ajouter la glace et allonger de proscecco.<\/p><p>D\u00e9cor\u00e9 d'un zeste d'orange<\/p>\t\t\n\t\t\t\t\t\t\t\t\t\t\t\t\t<img width=\"200\" height=\"300\" src=\"https:\/\/distilleriedesappalaches.com\/wp-content\/uploads\/2024\/05\/Garibaldi-Sbagliatto-1-200x300.jpg\" alt=\"\" srcset=\"https:\/\/distilleriedesappalaches.com\/wp-content\/uploads\/2024\/05\/Garibaldi-Sbagliatto-1-200x300.jpg 200w, https:\/\/distilleriedesappalaches.com\/wp-content\/uploads\/2024\/05\/Garibaldi-Sbagliatto-1-683x1024.jpg 683w, https:\/\/distilleriedesappalaches.com\/wp-content\/uploads\/2024\/05\/Garibaldi-Sbagliatto-1-768x1152.jpg 768w, https:\/\/distilleriedesappalaches.com\/wp-content\/uploads\/2024\/05\/Garibaldi-Sbagliatto-1-1024x1536.jpg 1024w\" sizes=\"(max-width: 200px) 100vw, 200px\" \/>\t\t\t\t\t\t\t\t\t\t\t\t\t\n\t\t\t\t\t\t\t\t\t\t\t\t\t<img width=\"200\" height=\"300\" src=\"https:\/\/distilleriedesappalaches.com\/wp-content\/uploads\/2024\/05\/Le-Mix-and-Match-200x300.jpg\" alt=\"\" srcset=\"https:\/\/distilleriedesappalaches.com\/wp-content\/uploads\/2024\/05\/Le-Mix-and-Match-200x300.jpg 200w, https:\/\/distilleriedesappalaches.com\/wp-content\/uploads\/2024\/05\/Le-Mix-and-Match-683x1024.jpg 683w, https:\/\/distilleriedesappalaches.com\/wp-content\/uploads\/2024\/05\/Le-Mix-and-Match-768x1152.jpg 768w, https:\/\/distilleriedesappalaches.com\/wp-content\/uploads\/2024\/05\/Le-Mix-and-Match-1024x1536.jpg 1024w\" sizes=\"(max-width: 200px) 100vw, 200px\" \/>\t\t\t\t\t\t\t\t\t\t\t\t\t\n\t\t<h2>Le Mix and Match<\/h2><ul><li>1 1\/2 oz kepler K<\/li><li>1\/2 oz vodkafit limonade<\/li><li>3\/4 sirop d'agave<\/li><li>fruit de la passion<\/li><\/ul><p>Mettre tous les ingr\u00e9dients dans le shaker. Shake.<\/p><p>Double filtr\u00e9 dans une coupe \u00e0 martini.<\/p><p>D\u00e9cor\u00e9 d'un zeste de citron<\/p>\t\t\n\t\t<h2>Faux Mai Tai<\/h2><ul><li>1,5 oz de Kepler K<\/li><li>0,75 oz de sirop d\u2019amande<\/li><li>0,5 oz de jus de lime frais\u00a0<\/li><li>0,5 oz de rhum brun<\/li><\/ul><p>Dans un shaker rempli de glace, m\u00e9langez Kepler K, sirop d\u2019amande et jus de lime, shakez.<\/p><p>Versez filtr\u00e9 dans un verre old fashioned avec de la glace.<\/p><p>Ajoutez d\u00e9licatement le rhum brun sur le dessus et d\u00e9corez d'une tranche de lime ou d'une feuille de menthe.<\/p>\t\t\n\t\t\t\t\t\t\t\t\t\t\t\t\t<img width=\"200\" height=\"300\" src=\"https:\/\/distilleriedesappalaches.com\/wp-content\/uploads\/2024\/12\/Faux-Mai-Tai-200x300.jpg\" alt=\"Faux Mai Tai\" srcset=\"https:\/\/distilleriedesappalaches.com\/wp-content\/uploads\/2024\/12\/Faux-Mai-Tai-200x300.jpg 200w, https:\/\/distilleriedesappalaches.com\/wp-content\/uploads\/2024\/12\/Faux-Mai-Tai.jpg 512w\" sizes=\"(max-width: 200px) 100vw, 200px\" \/>","_et_gb_content_width":"","footnotes":""},"class_list":["post-8806","page","type-page","status-publish","has-post-thumbnail","hentry"],"acf":[],"yoast_head":"<!-- This site is optimized with the Yoast SEO plugin v26.7 - https:\/\/yoast.com\/wordpress\/plugins\/seo\/ -->\n<title>Kepler K - Distillerie des Appalaches<\/title>\n<meta name=\"robots\" content=\"index, follow, max-snippet:-1, max-image-preview:large, max-video-preview:-1\" \/>\n<link rel=\"canonical\" href=\"https:\/\/distilleriedesappalaches.com\/en\/kepler-k\/\" \/>\n<meta property=\"og:locale\" content=\"en_US\" \/>\n<meta property=\"og:type\" content=\"article\" \/>\n<meta property=\"og:title\" content=\"Kepler K - Distillerie des Appalaches\" \/>\n<meta property=\"og:description\" content=\"Disponible \u00e0 la SAQ \u2192Accompagnez-nous jusqu\u2019\u00e0 l\u2019origine de Kepler, lorsque la maintenant populaire gamme de gin qu\u00e9b\u00e9cois n\u2019\u00e9tait que r\u00eave et ambition. Un croisement d\u2019aromates qui ont tous, \u00e0 leur fa\u00e7on, marqu\u00e9 la jeune histoire de notre distillerie, un savoir-faire peaufin\u00e9 au fil du temps, un go\u00fbt franc, avec un je ne sais quoi qui [&hellip;]\" \/>\n<meta property=\"og:url\" content=\"https:\/\/distilleriedesappalaches.com\/en\/kepler-k\/\" \/>\n<meta property=\"og:site_name\" content=\"Distillerie des Appalaches\" \/>\n<meta property=\"article:publisher\" content=\"https:\/\/www.facebook.com\/appalachesdistillerie\" \/>\n<meta property=\"article:modified_time\" content=\"2026-01-09T04:09:05+00:00\" \/>\n<meta property=\"og:image\" content=\"https:\/\/distilleriedesappalaches.com\/wp-content\/uploads\/2024\/06\/Sans-titre-600-x-600-px-1-300x300.png\" \/>\n<meta name=\"twitter:card\" content=\"summary_large_image\" \/>\n<meta name=\"twitter:label1\" content=\"Est. reading time\" \/>\n\t<meta name=\"twitter:data1\" content=\"3 minutes\" \/>\n<script type=\"application\/ld+json\" class=\"yoast-schema-graph\">{\"@context\":\"https:\/\/schema.org\",\"@graph\":[{\"@type\":\"WebPage\",\"@id\":\"https:\/\/distilleriedesappalaches.com\/kepler-k\/\",\"url\":\"https:\/\/distilleriedesappalaches.com\/kepler-k\/\",\"name\":\"Kepler K - Distillerie des Appalaches\",\"isPartOf\":{\"@id\":\"https:\/\/distilleriedesappalaches.com\/#website\"},\"primaryImageOfPage\":{\"@id\":\"https:\/\/distilleriedesappalaches.com\/kepler-k\/#primaryimage\"},\"image\":{\"@id\":\"https:\/\/distilleriedesappalaches.com\/kepler-k\/#primaryimage\"},\"thumbnailUrl\":\"https:\/\/distilleriedesappalaches.com\/wp-content\/uploads\/2026\/01\/k.jpg\",\"datePublished\":\"2024-06-03T20:38:30+00:00\",\"dateModified\":\"2026-01-09T04:09:05+00:00\",\"breadcrumb\":{\"@id\":\"https:\/\/distilleriedesappalaches.com\/kepler-k\/#breadcrumb\"},\"inLanguage\":\"en-CA\",\"potentialAction\":[{\"@type\":\"ReadAction\",\"target\":[\"https:\/\/distilleriedesappalaches.com\/kepler-k\/\"]}]},{\"@type\":\"ImageObject\",\"inLanguage\":\"en-CA\",\"@id\":\"https:\/\/distilleriedesappalaches.com\/kepler-k\/#primaryimage\",\"url\":\"https:\/\/distilleriedesappalaches.com\/wp-content\/uploads\/2026\/01\/k.jpg\",\"contentUrl\":\"https:\/\/distilleriedesappalaches.com\/wp-content\/uploads\/2026\/01\/k.jpg\",\"width\":1200,\"height\":630},{\"@type\":\"BreadcrumbList\",\"@id\":\"https:\/\/distilleriedesappalaches.com\/kepler-k\/#breadcrumb\",\"itemListElement\":[{\"@type\":\"ListItem\",\"position\":1,\"name\":\"Accueil\",\"item\":\"https:\/\/distilleriedesappalaches.com\/\"},{\"@type\":\"ListItem\",\"position\":2,\"name\":\"Kepler K\"}]},{\"@type\":\"WebSite\",\"@id\":\"https:\/\/distilleriedesappalaches.com\/#website\",\"url\":\"https:\/\/distilleriedesappalaches.com\/\",\"name\":\"Distillerie des Appalaches\",\"description\":\"\",\"publisher\":{\"@id\":\"https:\/\/distilleriedesappalaches.com\/#organization\"},\"potentialAction\":[{\"@type\":\"SearchAction\",\"target\":{\"@type\":\"EntryPoint\",\"urlTemplate\":\"https:\/\/distilleriedesappalaches.com\/?s={search_term_string}\"},\"query-input\":{\"@type\":\"PropertyValueSpecification\",\"valueRequired\":true,\"valueName\":\"search_term_string\"}}],\"inLanguage\":\"en-CA\"},{\"@type\":\"Organization\",\"@id\":\"https:\/\/distilleriedesappalaches.com\/#organization\",\"name\":\"Distillerie des Appalaches\",\"url\":\"https:\/\/distilleriedesappalaches.com\/\",\"logo\":{\"@type\":\"ImageObject\",\"inLanguage\":\"en-CA\",\"@id\":\"https:\/\/distilleriedesappalaches.com\/#\/schema\/logo\/image\/\",\"url\":\"https:\/\/distilleriedesappalaches.com\/wp-content\/uploads\/2021\/10\/Logo-Appalaches-distillerie-CMYK-horiz-blanc-e1635354864230.png\",\"contentUrl\":\"https:\/\/distilleriedesappalaches.com\/wp-content\/uploads\/2021\/10\/Logo-Appalaches-distillerie-CMYK-horiz-blanc-e1635354864230.png\",\"width\":1564,\"height\":665,\"caption\":\"Distillerie des Appalaches\"},\"image\":{\"@id\":\"https:\/\/distilleriedesappalaches.com\/#\/schema\/logo\/image\/\"},\"sameAs\":[\"https:\/\/www.facebook.com\/appalachesdistillerie\",\"https:\/\/www.tiktok.com\/@appalachesdistillerie?is_from_webapp=1&sender_device=pc\",\"https:\/\/www.instagram.com\/appalachesdistillerie\/\"]}]}<\/script>\n<!-- \/ Yoast SEO plugin. -->","yoast_head_json":{"title":"Kepler K - Distillerie des Appalaches","robots":{"index":"index","follow":"follow","max-snippet":"max-snippet:-1","max-image-preview":"max-image-preview:large","max-video-preview":"max-video-preview:-1"},"canonical":"https:\/\/distilleriedesappalaches.com\/en\/kepler-k\/","og_locale":"en_US","og_type":"article","og_title":"Kepler K - Distillerie des Appalaches","og_description":"Disponible \u00e0 la SAQ \u2192Accompagnez-nous jusqu\u2019\u00e0 l\u2019origine de Kepler, lorsque la maintenant populaire gamme de gin qu\u00e9b\u00e9cois n\u2019\u00e9tait que r\u00eave et ambition. Un croisement d\u2019aromates qui ont tous, \u00e0 leur fa\u00e7on, marqu\u00e9 la jeune histoire de notre distillerie, un savoir-faire peaufin\u00e9 au fil du temps, un go\u00fbt franc, avec un je ne sais quoi qui [&hellip;]","og_url":"https:\/\/distilleriedesappalaches.com\/en\/kepler-k\/","og_site_name":"Distillerie des Appalaches","article_publisher":"https:\/\/www.facebook.com\/appalachesdistillerie","article_modified_time":"2026-01-09T04:09:05+00:00","og_image":[{"url":"https:\/\/distilleriedesappalaches.com\/wp-content\/uploads\/2024\/06\/Sans-titre-600-x-600-px-1-300x300.png","type":"","width":"","height":""}],"twitter_card":"summary_large_image","twitter_misc":{"Est. reading time":"3 minutes"},"schema":{"@context":"https:\/\/schema.org","@graph":[{"@type":"WebPage","@id":"https:\/\/distilleriedesappalaches.com\/kepler-k\/","url":"https:\/\/distilleriedesappalaches.com\/kepler-k\/","name":"Kepler K - Distillerie des Appalaches","isPartOf":{"@id":"https:\/\/distilleriedesappalaches.com\/#website"},"primaryImageOfPage":{"@id":"https:\/\/distilleriedesappalaches.com\/kepler-k\/#primaryimage"},"image":{"@id":"https:\/\/distilleriedesappalaches.com\/kepler-k\/#primaryimage"},"thumbnailUrl":"https:\/\/distilleriedesappalaches.com\/wp-content\/uploads\/2026\/01\/k.jpg","datePublished":"2024-06-03T20:38:30+00:00","dateModified":"2026-01-09T04:09:05+00:00","breadcrumb":{"@id":"https:\/\/distilleriedesappalaches.com\/kepler-k\/#breadcrumb"},"inLanguage":"en-CA","potentialAction":[{"@type":"ReadAction","target":["https:\/\/distilleriedesappalaches.com\/kepler-k\/"]}]},{"@type":"ImageObject","inLanguage":"en-CA","@id":"https:\/\/distilleriedesappalaches.com\/kepler-k\/#primaryimage","url":"https:\/\/distilleriedesappalaches.com\/wp-content\/uploads\/2026\/01\/k.jpg","contentUrl":"https:\/\/distilleriedesappalaches.com\/wp-content\/uploads\/2026\/01\/k.jpg","width":1200,"height":630},{"@type":"BreadcrumbList","@id":"https:\/\/distilleriedesappalaches.com\/kepler-k\/#breadcrumb","itemListElement":[{"@type":"ListItem","position":1,"name":"Accueil","item":"https:\/\/distilleriedesappalaches.com\/"},{"@type":"ListItem","position":2,"name":"Kepler K"}]},{"@type":"WebSite","@id":"https:\/\/distilleriedesappalaches.com\/#website","url":"https:\/\/distilleriedesappalaches.com\/","name":"Distillerie des Appalaches","description":"","publisher":{"@id":"https:\/\/distilleriedesappalaches.com\/#organization"},"potentialAction":[{"@type":"SearchAction","target":{"@type":"EntryPoint","urlTemplate":"https:\/\/distilleriedesappalaches.com\/?s={search_term_string}"},"query-input":{"@type":"PropertyValueSpecification","valueRequired":true,"valueName":"search_term_string"}}],"inLanguage":"en-CA"},{"@type":"Organization","@id":"https:\/\/distilleriedesappalaches.com\/#organization","name":"Distillerie des Appalaches","url":"https:\/\/distilleriedesappalaches.com\/","logo":{"@type":"ImageObject","inLanguage":"en-CA","@id":"https:\/\/distilleriedesappalaches.com\/#\/schema\/logo\/image\/","url":"https:\/\/distilleriedesappalaches.com\/wp-content\/uploads\/2021\/10\/Logo-Appalaches-distillerie-CMYK-horiz-blanc-e1635354864230.png","contentUrl":"https:\/\/distilleriedesappalaches.com\/wp-content\/uploads\/2021\/10\/Logo-Appalaches-distillerie-CMYK-horiz-blanc-e1635354864230.png","width":1564,"height":665,"caption":"Distillerie des Appalaches"},"image":{"@id":"https:\/\/distilleriedesappalaches.com\/#\/schema\/logo\/image\/"},"sameAs":["https:\/\/www.facebook.com\/appalachesdistillerie","https:\/\/www.tiktok.com\/@appalachesdistillerie?is_from_webapp=1&sender_device=pc","https:\/\/www.instagram.com\/appalachesdistillerie\/"]}]}},"_links":{"self":[{"href":"https:\/\/distilleriedesappalaches.com\/en\/wp-json\/wp\/v2\/pages\/8806","targetHints":{"allow":["GET"]}}],"collection":[{"href":"https:\/\/distilleriedesappalaches.com\/en\/wp-json\/wp\/v2\/pages"}],"about":[{"href":"https:\/\/distilleriedesappalaches.com\/en\/wp-json\/wp\/v2\/types\/page"}],"author":[{"embeddable":true,"href":"https:\/\/distilleriedesappalaches.com\/en\/wp-json\/wp\/v2\/users\/11"}],"replies":[{"embeddable":true,"href":"https:\/\/distilleriedesappalaches.com\/en\/wp-json\/wp\/v2\/comments?post=8806"}],"version-history":[{"count":24,"href":"https:\/\/distilleriedesappalaches.com\/en\/wp-json\/wp\/v2\/pages\/8806\/revisions"}],"predecessor-version":[{"id":9602,"href":"https:\/\/distilleriedesappalaches.com\/en\/wp-json\/wp\/v2\/pages\/8806\/revisions\/9602"}],"wp:featuredmedia":[{"embeddable":true,"href":"https:\/\/distilleriedesappalaches.com\/en\/wp-json\/wp\/v2\/media\/9601"}],"wp:attachment":[{"href":"https:\/\/distilleriedesappalaches.com\/en\/wp-json\/wp\/v2\/media?parent=8806"}],"curies":[{"name":"wp","href":"https:\/\/api.w.org\/{rel}","templated":true}]}}