{"id":9346,"date":"2025-12-21T00:34:10","date_gmt":"2025-12-21T05:34:10","guid":{"rendered":"https:\/\/distilleriedesappalaches.com\/sanpablo\/?page_id=9346"},"modified":"2026-01-08T23:15:47","modified_gmt":"2026-01-09T04:15:47","slug":"tonic-stellaire","status":"publish","type":"page","link":"https:\/\/distilleriedesappalaches.com\/en\/tonic-stellaire\/","title":{"rendered":"Tonic stellaire"},"content":{"rendered":"[et_pb_section fb_built=\u00a0\u00bb1&Prime; _builder_version=\u00a0\u00bb4.27.4&Prime; _module_preset=\u00a0\u00bbdefault\u00a0\u00bb custom_margin=\u00a0\u00bb||0px||false|false\u00a0\u00bb custom_padding=\u00a0\u00bb||0px||false|false\u00a0\u00bb global_colors_info=\u00a0\u00bb\u00a0\u00bb][et_pb_row _builder_version=\u00a0\u00bb4.27.4&Prime; _module_preset=\u00a0\u00bbdefault\u00a0\u00bb global_colors_info=\u00a0\u00bb\u00a0\u00bb][et_pb_column type=\u00a0\u00bb4_4&Prime; _builder_version=\u00a0\u00bb4.27.4&Prime; _module_preset=\u00a0\u00bbdefault\u00a0\u00bb global_colors_info=\u00a0\u00bb\u00a0\u00bb][et_pb_text _builder_version=\u00a0\u00bb4.27.4&Prime; _dynamic_attributes=\u00a0\u00bbcontent\u00a0\u00bb _module_preset=\u00a0\u00bbdefault\u00a0\u00bb custom_margin=\u00a0\u00bb||3px|||\u00a0\u00bb global_colors_info=\u00a0\u00bb\u00a0\u00bb]@ET-DC@eyJkeW5hbWljIjp0cnVlLCJjb250ZW50IjoicG9zdF90aXRsZSIsInNldHRpbmdzIjp7ImJlZm9yZSI6IjxoMT4iLCJhZnRlciI6IjwvaDE+In19@[\/et_pb_text][et_pb_text _builder_version=\u00a0\u00bb4.27.4&Prime; _module_preset=\u00a0\u00bbdefault\u00a0\u00bb text_font_size=\u00a0\u00bb16px\u00a0\u00bb link_font=\u00a0\u00bb||||on||||\u00a0\u00bb global_colors_info=\u00a0\u00bb\u00a0\u00bb]<p><a href=\"https:\/\/www.saq.com\/fr\/15149094\" target=\"_blank\" rel=\"noopener\">Available at the SAQ \u2192<\/a><\/p>[\/et_pb_text][\/et_pb_column][\/et_pb_row][et_pb_row _builder_version=\u00a0\u00bb4.27.4&Prime; _module_preset=\u00a0\u00bbdefault\u00a0\u00bb custom_margin=\u00a0\u00bb30px|auto||auto|false|false\u00a0\u00bb global_colors_info=\u00a0\u00bb\u00a0\u00bb][et_pb_column type=\u00a0\u00bb4_4&Prime; _builder_version=\u00a0\u00bb4.27.4&Prime; _module_preset=\u00a0\u00bbdefault\u00a0\u00bb global_colors_info=\u00a0\u00bb\u00a0\u00bb][et_pb_image src=\u00a0\u00bbhttps:\/\/distilleriedesappalaches.com\/wp-content\/uploads\/2025\/12\/tonic-stellaire.webp\u00a0\u00bb alt=\u00a0\u00bbTonic Stellaire\u00a0\u00bb title_text=\u00a0\u00bbtonic-stellaire\u00a0\u00bb align=\u00a0\u00bbcenter\u00a0\u00bb _builder_version=\u00a0\u00bb4.27.4&Prime; _module_preset=\u00a0\u00bbdefault\u00a0\u00bb positioning=\u00a0\u00bbrelative\u00a0\u00bb max_width=\u00a0\u00bb45%\u00a0\u00bb max_width_tablet=\u00a0\u00bb50%\u00a0\u00bb max_width_phone=\u00a0\u00bb100%\u00a0\u00bb max_width_last_edited=\u00a0\u00bbon|desktop\u00a0\u00bb custom_margin=\u00a0\u00bb0px||0px||false|false\u00a0\u00bb custom_padding=\u00a0\u00bb0px||0px||false|false\u00a0\u00bb hover_enabled=\u00a0\u00bb0&Prime; global_colors_info=\u00a0\u00bb\u00a0\u00bb z_index=\u00a0\u00bb421&Prime; sticky_enabled=\u00a0\u00bb0&Prime;][\/et_pb_image][et_pb_image src=\u00a0\u00bbhttps:\/\/distilleriedesappalaches.com\/wp-content\/uploads\/2025\/12\/framboise-bleue.webp\u00a0\u00bb title_text=\u00a0\u00bbframboise-bleue\u00a0\u00bb _builder_version=\u00a0\u00bb4.27.4&Prime; _module_preset=\u00a0\u00bbdefault\u00a0\u00bb transform_translate_linked=\u00a0\u00bboff\u00a0\u00bb positioning=\u00a0\u00bbabsolute\u00a0\u00bb position_origin_a=\u00a0\u00bbcenter_left\u00a0\u00bb horizontal_offset=\u00a0\u00bb25%\u00a0\u00bb width=\u00a0\u00bb100%\u00a0\u00bb max_width=\u00a0\u00bb12%\u00a0\u00bb hover_enabled=\u00a0\u00bb0&Prime; global_colors_info=\u00a0\u00bb\u00a0\u00bb sticky_enabled=\u00a0\u00bb0&Prime;][\/et_pb_image][et_pb_image src=\u00a0\u00bbhttps:\/\/distilleriedesappalaches.com\/wp-content\/uploads\/2025\/12\/orange.webp\u00a0\u00bb title_text=\u00a0\u00bborange\u00a0\u00bb _builder_version=\u00a0\u00bb4.27.4&Prime; _module_preset=\u00a0\u00bbdefault\u00a0\u00bb positioning=\u00a0\u00bbabsolute\u00a0\u00bb position_origin_a=\u00a0\u00bbtop_right\u00a0\u00bb vertical_offset=\u00a0\u00bb-15%\u00a0\u00bb horizontal_offset=\u00a0\u00bb50%\u00a0\u00bb vertical_offset_tablet=\u00a0\u00bb-5%\u00a0\u00bb vertical_offset_phone=\u00a0\u00bb-5%\u00a0\u00bb vertical_offset_last_edited=\u00a0\u00bbon|phone\u00a0\u00bb position_origin_a_tablet=\u00a0\u00bbtop_right\u00a0\u00bb position_origin_a_phone=\u00a0\u00bbtop_right\u00a0\u00bb position_origin_a_last_edited=\u00a0\u00bbon|tablet\u00a0\u00bb position_origin_f_tablet=\u00a0\u00bb\u00a0\u00bb position_origin_f_phone=\u00a0\u00bb\u00a0\u00bb position_origin_f_last_edited=\u00a0\u00bbon|tablet\u00a0\u00bb position_origin_r_tablet=\u00a0\u00bb\u00a0\u00bb position_origin_r_phone=\u00a0\u00bb\u00a0\u00bb position_origin_r_last_edited=\u00a0\u00bbon|tablet\u00a0\u00bb width=\u00a0\u00bb100%\u00a0\u00bb max_width=\u00a0\u00bb12%\u00a0\u00bb hover_enabled=\u00a0\u00bb0&Prime; positioning_tablet=\u00a0\u00bbabsolute\u00a0\u00bb positioning_phone=\u00a0\u00bbabsolute\u00a0\u00bb positioning_last_edited=\u00a0\u00bbon|tablet\u00a0\u00bb global_colors_info=\u00a0\u00bb\u00a0\u00bb sticky_enabled=\u00a0\u00bb0&Prime;][\/et_pb_image][\/et_pb_column][\/et_pb_row][\/et_pb_section][et_pb_section fb_built=\u00a0\u00bb1&Prime; _builder_version=\u00a0\u00bb4.27.4&Prime; _module_preset=\u00a0\u00bbdefault\u00a0\u00bb custom_margin=\u00a0\u00bb0px||0px||false|false\u00a0\u00bb custom_padding=\u00a0\u00bb0px||0px||false|false\u00a0\u00bb global_colors_info=\u00a0\u00bb\u00a0\u00bb][et_pb_row _builder_version=\u00a0\u00bb4.27.4&Prime; _module_preset=\u00a0\u00bbdefault\u00a0\u00bb global_colors_info=\u00a0\u00bb\u00a0\u00bb][et_pb_column type=\u00a0\u00bb4_4&Prime; _builder_version=\u00a0\u00bb4.27.4&Prime; _module_preset=\u00a0\u00bbdefault\u00a0\u00bb global_colors_info=\u00a0\u00bb\u00a0\u00bb][et_pb_text _builder_version=\u00a0\u00bb4.27.4&Prime; _module_preset=\u00a0\u00bbdefault\u00a0\u00bb text_text_color=\u00a0\u00bb#FFFFFF\u00a0\u00bb custom_margin=\u00a0\u00bb||||false|false\u00a0\u00bb global_colors_info=\u00a0\u00bb\u00a0\u00bb]<p>The ultimate summer refreshment! True to the flavors of the popular Kepler Stellar, this sparkling ready-to-drink cocktail features bold notes of blood orange and fresh lemon that pair beautifully with the vibrant aromas of black raspberry. Not too sweet, it's the perfect accompaniment to your moments of relaxation as well as your sporting and cultural events this summer!<\/p>[\/et_pb_text][et_pb_text _builder_version=\u00a0\u00bb4.27.4&Prime; _module_preset=\u00a0\u00bbdefault\u00a0\u00bb text_font_size=\u00a0\u00bb16px\u00a0\u00bb link_font=\u00a0\u00bb||||on||||\u00a0\u00bb global_colors_info=\u00a0\u00bb\u00a0\u00bb]<p><a href=\"https:\/\/distilleriedesappalaches.com\/en\/kepler\/\">Back to Kepler gin<\/a><\/p>[\/et_pb_text][\/et_pb_column][\/et_pb_row][\/et_pb_section]","protected":false},"excerpt":{"rendered":"<p>Disponible \u00e0 la SAQ \u2192Le tonic rafraichissement estival par excellence ! Fid\u00e8le aux aromates du populaire Kepler Stellaire, ce cocktail p\u00e9tillant pr\u00eat-\u00e0-boire pr\u00e9sente de franches notes d\u2019orange sanguine et de citron frais qui se marient \u00e0 merveilles aux ar\u00f4mes vibrants de la framboise noire. Pas trop sucr\u00e9, il saura aussi bien accompagner vos moments de [&hellip;]<\/p>","protected":false},"author":18,"featured_media":9627,"parent":0,"menu_order":0,"comment_status":"closed","ping_status":"closed","template":"","meta":{"_acf_changed":false,"_et_pb_use_builder":"on","_et_pb_old_content":"","_et_gb_content_width":"","footnotes":""},"class_list":["post-9346","page","type-page","status-publish","has-post-thumbnail","hentry"],"acf":[],"yoast_head":"<!-- This site is optimized with the Yoast SEO plugin v26.7 - https:\/\/yoast.com\/wordpress\/plugins\/seo\/ -->\n<title>Tonic stellaire - Distillerie des Appalaches<\/title>\n<meta name=\"description\" content=\"Pr\u00eat-\u00e0-boire p\u00e9tillant aux notes d\u2019orange sanguine, citron frais et framboise noire. Rafra\u00eechissant, pas trop sucr\u00e9 et disponible \u00e0 la SAQ.\" \/>\n<meta name=\"robots\" content=\"index, follow, max-snippet:-1, max-image-preview:large, max-video-preview:-1\" \/>\n<link rel=\"canonical\" href=\"https:\/\/distilleriedesappalaches.com\/en\/tonic-stellaire\/\" \/>\n<meta property=\"og:locale\" content=\"en_US\" \/>\n<meta property=\"og:type\" content=\"article\" \/>\n<meta property=\"og:title\" content=\"Tonic stellaire - Distillerie des Appalaches\" \/>\n<meta property=\"og:description\" content=\"Pr\u00eat-\u00e0-boire p\u00e9tillant aux notes d\u2019orange sanguine, citron frais et framboise noire. Rafra\u00eechissant, pas trop sucr\u00e9 et disponible \u00e0 la SAQ.\" \/>\n<meta property=\"og:url\" content=\"https:\/\/distilleriedesappalaches.com\/en\/tonic-stellaire\/\" \/>\n<meta property=\"og:site_name\" content=\"Distillerie des Appalaches\" \/>\n<meta property=\"article:publisher\" content=\"https:\/\/www.facebook.com\/appalachesdistillerie\" \/>\n<meta property=\"article:modified_time\" content=\"2026-01-09T04:15:47+00:00\" \/>\n<meta property=\"og:image\" content=\"https:\/\/distilleriedesappalaches.com\/wp-content\/uploads\/2026\/01\/tonicstellaire.jpg\" \/>\n\t<meta property=\"og:image:width\" content=\"1200\" \/>\n\t<meta property=\"og:image:height\" content=\"630\" \/>\n\t<meta property=\"og:image:type\" content=\"image\/jpeg\" \/>\n<meta name=\"twitter:card\" content=\"summary_large_image\" \/>\n<meta name=\"twitter:label1\" content=\"Est. reading time\" \/>\n\t<meta name=\"twitter:data1\" content=\"2 minutes\" \/>\n<script type=\"application\/ld+json\" class=\"yoast-schema-graph\">{\"@context\":\"https:\/\/schema.org\",\"@graph\":[{\"@type\":\"WebPage\",\"@id\":\"https:\/\/distilleriedesappalaches.com\/tonic-stellaire\/\",\"url\":\"https:\/\/distilleriedesappalaches.com\/tonic-stellaire\/\",\"name\":\"Tonic stellaire - Distillerie des Appalaches\",\"isPartOf\":{\"@id\":\"https:\/\/distilleriedesappalaches.com\/#website\"},\"primaryImageOfPage\":{\"@id\":\"https:\/\/distilleriedesappalaches.com\/tonic-stellaire\/#primaryimage\"},\"image\":{\"@id\":\"https:\/\/distilleriedesappalaches.com\/tonic-stellaire\/#primaryimage\"},\"thumbnailUrl\":\"https:\/\/distilleriedesappalaches.com\/wp-content\/uploads\/2026\/01\/tonicstellaire.jpg\",\"datePublished\":\"2025-12-21T05:34:10+00:00\",\"dateModified\":\"2026-01-09T04:15:47+00:00\",\"description\":\"Pr\u00eat-\u00e0-boire p\u00e9tillant aux notes d\u2019orange sanguine, citron frais et framboise noire. Rafra\u00eechissant, pas trop sucr\u00e9 et disponible \u00e0 la SAQ.\",\"breadcrumb\":{\"@id\":\"https:\/\/distilleriedesappalaches.com\/tonic-stellaire\/#breadcrumb\"},\"inLanguage\":\"en-CA\",\"potentialAction\":[{\"@type\":\"ReadAction\",\"target\":[\"https:\/\/distilleriedesappalaches.com\/tonic-stellaire\/\"]}]},{\"@type\":\"ImageObject\",\"inLanguage\":\"en-CA\",\"@id\":\"https:\/\/distilleriedesappalaches.com\/tonic-stellaire\/#primaryimage\",\"url\":\"https:\/\/distilleriedesappalaches.com\/wp-content\/uploads\/2026\/01\/tonicstellaire.jpg\",\"contentUrl\":\"https:\/\/distilleriedesappalaches.com\/wp-content\/uploads\/2026\/01\/tonicstellaire.jpg\",\"width\":1200,\"height\":630},{\"@type\":\"BreadcrumbList\",\"@id\":\"https:\/\/distilleriedesappalaches.com\/tonic-stellaire\/#breadcrumb\",\"itemListElement\":[{\"@type\":\"ListItem\",\"position\":1,\"name\":\"Accueil\",\"item\":\"https:\/\/distilleriedesappalaches.com\/\"},{\"@type\":\"ListItem\",\"position\":2,\"name\":\"Tonic stellaire\"}]},{\"@type\":\"WebSite\",\"@id\":\"https:\/\/distilleriedesappalaches.com\/#website\",\"url\":\"https:\/\/distilleriedesappalaches.com\/\",\"name\":\"Distillerie des Appalaches\",\"description\":\"\",\"publisher\":{\"@id\":\"https:\/\/distilleriedesappalaches.com\/#organization\"},\"potentialAction\":[{\"@type\":\"SearchAction\",\"target\":{\"@type\":\"EntryPoint\",\"urlTemplate\":\"https:\/\/distilleriedesappalaches.com\/?s={search_term_string}\"},\"query-input\":{\"@type\":\"PropertyValueSpecification\",\"valueRequired\":true,\"valueName\":\"search_term_string\"}}],\"inLanguage\":\"en-CA\"},{\"@type\":\"Organization\",\"@id\":\"https:\/\/distilleriedesappalaches.com\/#organization\",\"name\":\"Distillerie des Appalaches\",\"url\":\"https:\/\/distilleriedesappalaches.com\/\",\"logo\":{\"@type\":\"ImageObject\",\"inLanguage\":\"en-CA\",\"@id\":\"https:\/\/distilleriedesappalaches.com\/#\/schema\/logo\/image\/\",\"url\":\"https:\/\/distilleriedesappalaches.com\/wp-content\/uploads\/2021\/10\/Logo-Appalaches-distillerie-CMYK-horiz-blanc-e1635354864230.png\",\"contentUrl\":\"https:\/\/distilleriedesappalaches.com\/wp-content\/uploads\/2021\/10\/Logo-Appalaches-distillerie-CMYK-horiz-blanc-e1635354864230.png\",\"width\":1564,\"height\":665,\"caption\":\"Distillerie des Appalaches\"},\"image\":{\"@id\":\"https:\/\/distilleriedesappalaches.com\/#\/schema\/logo\/image\/\"},\"sameAs\":[\"https:\/\/www.facebook.com\/appalachesdistillerie\",\"https:\/\/www.tiktok.com\/@appalachesdistillerie?is_from_webapp=1&sender_device=pc\",\"https:\/\/www.instagram.com\/appalachesdistillerie\/\"]}]}<\/script>\n<!-- \/ Yoast SEO plugin. -->","yoast_head_json":{"title":"Tonic stellaire - Distillerie des Appalaches","description":"Pr\u00eat-\u00e0-boire p\u00e9tillant aux notes d\u2019orange sanguine, citron frais et framboise noire. Rafra\u00eechissant, pas trop sucr\u00e9 et disponible \u00e0 la SAQ.","robots":{"index":"index","follow":"follow","max-snippet":"max-snippet:-1","max-image-preview":"max-image-preview:large","max-video-preview":"max-video-preview:-1"},"canonical":"https:\/\/distilleriedesappalaches.com\/en\/tonic-stellaire\/","og_locale":"en_US","og_type":"article","og_title":"Tonic stellaire - Distillerie des Appalaches","og_description":"Pr\u00eat-\u00e0-boire p\u00e9tillant aux notes d\u2019orange sanguine, citron frais et framboise noire. Rafra\u00eechissant, pas trop sucr\u00e9 et disponible \u00e0 la SAQ.","og_url":"https:\/\/distilleriedesappalaches.com\/en\/tonic-stellaire\/","og_site_name":"Distillerie des Appalaches","article_publisher":"https:\/\/www.facebook.com\/appalachesdistillerie","article_modified_time":"2026-01-09T04:15:47+00:00","og_image":[{"width":1200,"height":630,"url":"https:\/\/distilleriedesappalaches.com\/wp-content\/uploads\/2026\/01\/tonicstellaire.jpg","type":"image\/jpeg"}],"twitter_card":"summary_large_image","twitter_misc":{"Est. reading time":"2 minutes"},"schema":{"@context":"https:\/\/schema.org","@graph":[{"@type":"WebPage","@id":"https:\/\/distilleriedesappalaches.com\/tonic-stellaire\/","url":"https:\/\/distilleriedesappalaches.com\/tonic-stellaire\/","name":"Tonic stellaire - Distillerie des Appalaches","isPartOf":{"@id":"https:\/\/distilleriedesappalaches.com\/#website"},"primaryImageOfPage":{"@id":"https:\/\/distilleriedesappalaches.com\/tonic-stellaire\/#primaryimage"},"image":{"@id":"https:\/\/distilleriedesappalaches.com\/tonic-stellaire\/#primaryimage"},"thumbnailUrl":"https:\/\/distilleriedesappalaches.com\/wp-content\/uploads\/2026\/01\/tonicstellaire.jpg","datePublished":"2025-12-21T05:34:10+00:00","dateModified":"2026-01-09T04:15:47+00:00","description":"Pr\u00eat-\u00e0-boire p\u00e9tillant aux notes d\u2019orange sanguine, citron frais et framboise noire. Rafra\u00eechissant, pas trop sucr\u00e9 et disponible \u00e0 la SAQ.","breadcrumb":{"@id":"https:\/\/distilleriedesappalaches.com\/tonic-stellaire\/#breadcrumb"},"inLanguage":"en-CA","potentialAction":[{"@type":"ReadAction","target":["https:\/\/distilleriedesappalaches.com\/tonic-stellaire\/"]}]},{"@type":"ImageObject","inLanguage":"en-CA","@id":"https:\/\/distilleriedesappalaches.com\/tonic-stellaire\/#primaryimage","url":"https:\/\/distilleriedesappalaches.com\/wp-content\/uploads\/2026\/01\/tonicstellaire.jpg","contentUrl":"https:\/\/distilleriedesappalaches.com\/wp-content\/uploads\/2026\/01\/tonicstellaire.jpg","width":1200,"height":630},{"@type":"BreadcrumbList","@id":"https:\/\/distilleriedesappalaches.com\/tonic-stellaire\/#breadcrumb","itemListElement":[{"@type":"ListItem","position":1,"name":"Accueil","item":"https:\/\/distilleriedesappalaches.com\/"},{"@type":"ListItem","position":2,"name":"Tonic stellaire"}]},{"@type":"WebSite","@id":"https:\/\/distilleriedesappalaches.com\/#website","url":"https:\/\/distilleriedesappalaches.com\/","name":"Distillerie des Appalaches","description":"","publisher":{"@id":"https:\/\/distilleriedesappalaches.com\/#organization"},"potentialAction":[{"@type":"SearchAction","target":{"@type":"EntryPoint","urlTemplate":"https:\/\/distilleriedesappalaches.com\/?s={search_term_string}"},"query-input":{"@type":"PropertyValueSpecification","valueRequired":true,"valueName":"search_term_string"}}],"inLanguage":"en-CA"},{"@type":"Organization","@id":"https:\/\/distilleriedesappalaches.com\/#organization","name":"Distillerie des Appalaches","url":"https:\/\/distilleriedesappalaches.com\/","logo":{"@type":"ImageObject","inLanguage":"en-CA","@id":"https:\/\/distilleriedesappalaches.com\/#\/schema\/logo\/image\/","url":"https:\/\/distilleriedesappalaches.com\/wp-content\/uploads\/2021\/10\/Logo-Appalaches-distillerie-CMYK-horiz-blanc-e1635354864230.png","contentUrl":"https:\/\/distilleriedesappalaches.com\/wp-content\/uploads\/2021\/10\/Logo-Appalaches-distillerie-CMYK-horiz-blanc-e1635354864230.png","width":1564,"height":665,"caption":"Distillerie des Appalaches"},"image":{"@id":"https:\/\/distilleriedesappalaches.com\/#\/schema\/logo\/image\/"},"sameAs":["https:\/\/www.facebook.com\/appalachesdistillerie","https:\/\/www.tiktok.com\/@appalachesdistillerie?is_from_webapp=1&sender_device=pc","https:\/\/www.instagram.com\/appalachesdistillerie\/"]}]}},"_links":{"self":[{"href":"https:\/\/distilleriedesappalaches.com\/en\/wp-json\/wp\/v2\/pages\/9346","targetHints":{"allow":["GET"]}}],"collection":[{"href":"https:\/\/distilleriedesappalaches.com\/en\/wp-json\/wp\/v2\/pages"}],"about":[{"href":"https:\/\/distilleriedesappalaches.com\/en\/wp-json\/wp\/v2\/types\/page"}],"author":[{"embeddable":true,"href":"https:\/\/distilleriedesappalaches.com\/en\/wp-json\/wp\/v2\/users\/18"}],"replies":[{"embeddable":true,"href":"https:\/\/distilleriedesappalaches.com\/en\/wp-json\/wp\/v2\/comments?post=9346"}],"version-history":[{"count":7,"href":"https:\/\/distilleriedesappalaches.com\/en\/wp-json\/wp\/v2\/pages\/9346\/revisions"}],"predecessor-version":[{"id":9623,"href":"https:\/\/distilleriedesappalaches.com\/en\/wp-json\/wp\/v2\/pages\/9346\/revisions\/9623"}],"wp:featuredmedia":[{"embeddable":true,"href":"https:\/\/distilleriedesappalaches.com\/en\/wp-json\/wp\/v2\/media\/9627"}],"wp:attachment":[{"href":"https:\/\/distilleriedesappalaches.com\/en\/wp-json\/wp\/v2\/media?parent=9346"}],"curies":[{"name":"wp","href":"https:\/\/api.w.org\/{rel}","templated":true}]}}