{"id":9358,"date":"2025-12-21T00:40:31","date_gmt":"2025-12-21T05:40:31","guid":{"rendered":"https:\/\/distilleriedesappalaches.com\/sanpablo\/?page_id=9358"},"modified":"2026-01-08T23:14:13","modified_gmt":"2026-01-09T04:14:13","slug":"keplerita-chili-mangue","status":"publish","type":"page","link":"https:\/\/distilleriedesappalaches.com\/en\/keplerita-chili-mangue\/","title":{"rendered":"Keplerita chili mango"},"content":{"rendered":"[et_pb_section fb_built=\u00a0\u00bb1&Prime; _builder_version=\u00a0\u00bb4.27.4&Prime; _module_preset=\u00a0\u00bbdefault\u00a0\u00bb custom_margin=\u00a0\u00bb||0px||false|false\u00a0\u00bb custom_padding=\u00a0\u00bb||0px||false|false\u00a0\u00bb global_colors_info=\u00a0\u00bb\u00a0\u00bb][et_pb_row _builder_version=\u00a0\u00bb4.27.4&Prime; _module_preset=\u00a0\u00bbdefault\u00a0\u00bb global_colors_info=\u00a0\u00bb\u00a0\u00bb][et_pb_column type=\u00a0\u00bb4_4&Prime; _builder_version=\u00a0\u00bb4.27.4&Prime; _module_preset=\u00a0\u00bbdefault\u00a0\u00bb global_colors_info=\u00a0\u00bb\u00a0\u00bb][et_pb_text _builder_version=\u00a0\u00bb4.27.4&Prime; _dynamic_attributes=\u00a0\u00bbcontent\u00a0\u00bb _module_preset=\u00a0\u00bbdefault\u00a0\u00bb custom_margin=\u00a0\u00bb||3px|||\u00a0\u00bb global_colors_info=\u00a0\u00bb\u00a0\u00bb]@ET-DC@eyJkeW5hbWljIjp0cnVlLCJjb250ZW50IjoicG9zdF90aXRsZSIsInNldHRpbmdzIjp7ImJlZm9yZSI6IjxoMT4iLCJhZnRlciI6IjwvaDE+In19@[\/et_pb_text][et_pb_text _builder_version=\u00a0\u00bb4.27.4&Prime; _module_preset=\u00a0\u00bbdefault\u00a0\u00bb text_font_size=\u00a0\u00bb16px\u00a0\u00bb link_font=\u00a0\u00bb||||on||||\u00a0\u00bb global_colors_info=\u00a0\u00bb\u00a0\u00bb]<p><a href=\"https:\/\/www.saq.com\/fr\/15455542\" target=\"_blank\" rel=\"noopener\">Available at the SAQ \u2192<\/a><\/p>[\/et_pb_text][\/et_pb_column][\/et_pb_row][et_pb_row _builder_version=\u00a0\u00bb4.27.4&Prime; _module_preset=\u00a0\u00bbdefault\u00a0\u00bb custom_margin=\u00a0\u00bb30px|auto||auto|false|false\u00a0\u00bb global_colors_info=\u00a0\u00bb\u00a0\u00bb][et_pb_column type=\u00a0\u00bb4_4&Prime; _builder_version=\u00a0\u00bb4.27.4&Prime; _module_preset=\u00a0\u00bbdefault\u00a0\u00bb global_colors_info=\u00a0\u00bb\u00a0\u00bb][et_pb_image src=\u00a0\u00bbhttps:\/\/distilleriedesappalaches.com\/wp-content\/uploads\/2025\/12\/Keplerita_canette.webp\u00a0\u00bb alt=\u00a0\u00bbkepler K\u00a0\u00bb title_text=\u00a0\u00bbKeplerita_canette\u00a0\u00bb align=\u00a0\u00bbcenter\u00a0\u00bb _builder_version=\u00a0\u00bb4.27.4&Prime; _module_preset=\u00a0\u00bbdefault\u00a0\u00bb positioning=\u00a0\u00bbrelative\u00a0\u00bb max_width=\u00a0\u00bb45%\u00a0\u00bb max_width_tablet=\u00a0\u00bb50%\u00a0\u00bb max_width_phone=\u00a0\u00bb100%\u00a0\u00bb max_width_last_edited=\u00a0\u00bbon|desktop\u00a0\u00bb custom_margin=\u00a0\u00bb0px||0px||false|false\u00a0\u00bb custom_padding=\u00a0\u00bb0px||0px||false|false\u00a0\u00bb global_colors_info=\u00a0\u00bb\u00a0\u00bb][\/et_pb_image][\/et_pb_column][\/et_pb_row][\/et_pb_section][et_pb_section fb_built=\u00a0\u00bb1&Prime; _builder_version=\u00a0\u00bb4.27.4&Prime; _module_preset=\u00a0\u00bbdefault\u00a0\u00bb custom_margin=\u00a0\u00bb0px||0px||false|false\u00a0\u00bb custom_padding=\u00a0\u00bb0px||0px||false|false\u00a0\u00bb global_colors_info=\u00a0\u00bb\u00a0\u00bb][et_pb_row _builder_version=\u00a0\u00bb4.27.4&Prime; _module_preset=\u00a0\u00bbdefault\u00a0\u00bb global_colors_info=\u00a0\u00bb\u00a0\u00bb][et_pb_column type=\u00a0\u00bb4_4&Prime; _builder_version=\u00a0\u00bb4.27.4&Prime; _module_preset=\u00a0\u00bbdefault\u00a0\u00bb global_colors_info=\u00a0\u00bb\u00a0\u00bb][et_pb_text _builder_version=\u00a0\u00bb4.27.4&Prime; _module_preset=\u00a0\u00bbdefault\u00a0\u00bb text_text_color=\u00a0\u00bb#FFFFFF\u00a0\u00bb custom_margin=\u00a0\u00bb||||false|false\u00a0\u00bb global_colors_info=\u00a0\u00bb\u00a0\u00bb]<p><span>Slightly spicy, totally delicious. Here is Kepler's summer hit. The result of a clever\u00a0<\/span><span>blend of Kepler Mango and Chili gin, exclusive to this format, and premium tequila,\u00a0<\/span><span>we present the Keplerita! With 5% alcohol and only 9 grams of sugar per can,\u00a0<\/span><span>it will keep you hydrated at any occasion throughout the hot season. Stock up quickly,\u00a0<\/span><span>because like all Kepler products,\u00a0<\/span><span>it will fly off the shelves like hotcakes.<\/span><\/p>[\/et_pb_text][et_pb_text _builder_version=\u00a0\u00bb4.27.4&Prime; _module_preset=\u00a0\u00bbdefault\u00a0\u00bb text_font_size=\u00a0\u00bb16px\u00a0\u00bb link_font=\u00a0\u00bb||||on||||\u00a0\u00bb global_colors_info=\u00a0\u00bb\u00a0\u00bb]<p><a href=\"https:\/\/distilleriedesappalaches.com\/en\/kepler\/\">Back to Kepler gin<\/a><\/p>[\/et_pb_text][\/et_pb_column][\/et_pb_row][\/et_pb_section]","protected":false},"excerpt":{"rendered":"<p>Disponible \u00e0 la SAQ \u2192L\u00e9g\u00e8rement \u00e9pic\u00e9, totalement savoureux. Voici le succ\u00e8s de l\u2019\u00e9t\u00e9 sign\u00e9 Kepler. Issue d\u2019un savant\u00a0m\u00e9lange entre le gin Kepler Mangue et chili exclusif \u00e0 ce format, et d\u2019une v\u00e9ritable tequila de\u00a0premi\u00e8re qualit\u00e9, voici la Keplerita ! \u00c0 5% d\u2019alcool et seulement 9 grammes de sucre par canette,\u00a0elle vous gardera bien hydrat\u00e9 en [&hellip;]<\/p>","protected":false},"author":18,"featured_media":9625,"parent":0,"menu_order":0,"comment_status":"closed","ping_status":"closed","template":"","meta":{"_acf_changed":false,"_et_pb_use_builder":"on","_et_pb_old_content":"","_et_gb_content_width":"","footnotes":""},"class_list":["post-9358","page","type-page","status-publish","has-post-thumbnail","hentry"],"acf":[],"yoast_head":"<!-- This site is optimized with the Yoast SEO plugin v26.7 - https:\/\/yoast.com\/wordpress\/plugins\/seo\/ -->\n<title>Keplerita chili mangue - Distillerie des Appalaches<\/title>\n<meta name=\"description\" content=\"L\u00e9g\u00e8re, \u00e9pic\u00e9e et savoureuse. Gin Mangue &amp; Chili, vraie tequila, 5% d\u2019alcool et 9 g de sucre. Le succ\u00e8s de l\u2019\u00e9t\u00e9 disponible \u00e0 la SAQ.\" \/>\n<meta name=\"robots\" content=\"index, follow, max-snippet:-1, max-image-preview:large, max-video-preview:-1\" \/>\n<link rel=\"canonical\" href=\"https:\/\/distilleriedesappalaches.com\/en\/keplerita-chili-mangue\/\" \/>\n<meta property=\"og:locale\" content=\"en_US\" \/>\n<meta property=\"og:type\" content=\"article\" \/>\n<meta property=\"og:title\" content=\"Keplerita chili mangue - Distillerie des Appalaches\" \/>\n<meta property=\"og:description\" content=\"L\u00e9g\u00e8re, \u00e9pic\u00e9e et savoureuse. Gin Mangue &amp; Chili, vraie tequila, 5% d\u2019alcool et 9 g de sucre. Le succ\u00e8s de l\u2019\u00e9t\u00e9 disponible \u00e0 la SAQ.\" \/>\n<meta property=\"og:url\" content=\"https:\/\/distilleriedesappalaches.com\/en\/keplerita-chili-mangue\/\" \/>\n<meta property=\"og:site_name\" content=\"Distillerie des Appalaches\" \/>\n<meta property=\"article:publisher\" content=\"https:\/\/www.facebook.com\/appalachesdistillerie\" \/>\n<meta property=\"article:modified_time\" content=\"2026-01-09T04:14:13+00:00\" \/>\n<meta property=\"og:image\" content=\"https:\/\/distilleriedesappalaches.com\/wp-content\/uploads\/2026\/01\/chilimango.jpg\" \/>\n\t<meta property=\"og:image:width\" content=\"1200\" \/>\n\t<meta property=\"og:image:height\" content=\"630\" \/>\n\t<meta property=\"og:image:type\" content=\"image\/jpeg\" \/>\n<meta name=\"twitter:card\" content=\"summary_large_image\" \/>\n<meta name=\"twitter:label1\" content=\"Est. reading time\" \/>\n\t<meta name=\"twitter:data1\" content=\"1 minute\" \/>\n<script type=\"application\/ld+json\" class=\"yoast-schema-graph\">{\"@context\":\"https:\/\/schema.org\",\"@graph\":[{\"@type\":\"WebPage\",\"@id\":\"https:\/\/distilleriedesappalaches.com\/keplerita-chili-mangue\/\",\"url\":\"https:\/\/distilleriedesappalaches.com\/keplerita-chili-mangue\/\",\"name\":\"Keplerita chili mangue - Distillerie des Appalaches\",\"isPartOf\":{\"@id\":\"https:\/\/distilleriedesappalaches.com\/#website\"},\"primaryImageOfPage\":{\"@id\":\"https:\/\/distilleriedesappalaches.com\/keplerita-chili-mangue\/#primaryimage\"},\"image\":{\"@id\":\"https:\/\/distilleriedesappalaches.com\/keplerita-chili-mangue\/#primaryimage\"},\"thumbnailUrl\":\"https:\/\/distilleriedesappalaches.com\/wp-content\/uploads\/2026\/01\/chilimango.jpg\",\"datePublished\":\"2025-12-21T05:40:31+00:00\",\"dateModified\":\"2026-01-09T04:14:13+00:00\",\"description\":\"L\u00e9g\u00e8re, \u00e9pic\u00e9e et savoureuse. Gin Mangue & Chili, vraie tequila, 5% d\u2019alcool et 9 g de sucre. Le succ\u00e8s de l\u2019\u00e9t\u00e9 disponible \u00e0 la SAQ.\",\"breadcrumb\":{\"@id\":\"https:\/\/distilleriedesappalaches.com\/keplerita-chili-mangue\/#breadcrumb\"},\"inLanguage\":\"en-CA\",\"potentialAction\":[{\"@type\":\"ReadAction\",\"target\":[\"https:\/\/distilleriedesappalaches.com\/keplerita-chili-mangue\/\"]}]},{\"@type\":\"ImageObject\",\"inLanguage\":\"en-CA\",\"@id\":\"https:\/\/distilleriedesappalaches.com\/keplerita-chili-mangue\/#primaryimage\",\"url\":\"https:\/\/distilleriedesappalaches.com\/wp-content\/uploads\/2026\/01\/chilimango.jpg\",\"contentUrl\":\"https:\/\/distilleriedesappalaches.com\/wp-content\/uploads\/2026\/01\/chilimango.jpg\",\"width\":1200,\"height\":630},{\"@type\":\"BreadcrumbList\",\"@id\":\"https:\/\/distilleriedesappalaches.com\/keplerita-chili-mangue\/#breadcrumb\",\"itemListElement\":[{\"@type\":\"ListItem\",\"position\":1,\"name\":\"Accueil\",\"item\":\"https:\/\/distilleriedesappalaches.com\/\"},{\"@type\":\"ListItem\",\"position\":2,\"name\":\"Keplerita chili mangue\"}]},{\"@type\":\"WebSite\",\"@id\":\"https:\/\/distilleriedesappalaches.com\/#website\",\"url\":\"https:\/\/distilleriedesappalaches.com\/\",\"name\":\"Distillerie des Appalaches\",\"description\":\"\",\"publisher\":{\"@id\":\"https:\/\/distilleriedesappalaches.com\/#organization\"},\"potentialAction\":[{\"@type\":\"SearchAction\",\"target\":{\"@type\":\"EntryPoint\",\"urlTemplate\":\"https:\/\/distilleriedesappalaches.com\/?s={search_term_string}\"},\"query-input\":{\"@type\":\"PropertyValueSpecification\",\"valueRequired\":true,\"valueName\":\"search_term_string\"}}],\"inLanguage\":\"en-CA\"},{\"@type\":\"Organization\",\"@id\":\"https:\/\/distilleriedesappalaches.com\/#organization\",\"name\":\"Distillerie des Appalaches\",\"url\":\"https:\/\/distilleriedesappalaches.com\/\",\"logo\":{\"@type\":\"ImageObject\",\"inLanguage\":\"en-CA\",\"@id\":\"https:\/\/distilleriedesappalaches.com\/#\/schema\/logo\/image\/\",\"url\":\"https:\/\/distilleriedesappalaches.com\/wp-content\/uploads\/2021\/10\/Logo-Appalaches-distillerie-CMYK-horiz-blanc-e1635354864230.png\",\"contentUrl\":\"https:\/\/distilleriedesappalaches.com\/wp-content\/uploads\/2021\/10\/Logo-Appalaches-distillerie-CMYK-horiz-blanc-e1635354864230.png\",\"width\":1564,\"height\":665,\"caption\":\"Distillerie des Appalaches\"},\"image\":{\"@id\":\"https:\/\/distilleriedesappalaches.com\/#\/schema\/logo\/image\/\"},\"sameAs\":[\"https:\/\/www.facebook.com\/appalachesdistillerie\",\"https:\/\/www.tiktok.com\/@appalachesdistillerie?is_from_webapp=1&sender_device=pc\",\"https:\/\/www.instagram.com\/appalachesdistillerie\/\"]}]}<\/script>\n<!-- \/ Yoast SEO plugin. -->","yoast_head_json":{"title":"Keplerita chili mangue - Distillerie des Appalaches","description":"L\u00e9g\u00e8re, \u00e9pic\u00e9e et savoureuse. Gin Mangue & Chili, vraie tequila, 5% d\u2019alcool et 9 g de sucre. Le succ\u00e8s de l\u2019\u00e9t\u00e9 disponible \u00e0 la SAQ.","robots":{"index":"index","follow":"follow","max-snippet":"max-snippet:-1","max-image-preview":"max-image-preview:large","max-video-preview":"max-video-preview:-1"},"canonical":"https:\/\/distilleriedesappalaches.com\/en\/keplerita-chili-mangue\/","og_locale":"en_US","og_type":"article","og_title":"Keplerita chili mangue - Distillerie des Appalaches","og_description":"L\u00e9g\u00e8re, \u00e9pic\u00e9e et savoureuse. Gin Mangue & Chili, vraie tequila, 5% d\u2019alcool et 9 g de sucre. Le succ\u00e8s de l\u2019\u00e9t\u00e9 disponible \u00e0 la SAQ.","og_url":"https:\/\/distilleriedesappalaches.com\/en\/keplerita-chili-mangue\/","og_site_name":"Distillerie des Appalaches","article_publisher":"https:\/\/www.facebook.com\/appalachesdistillerie","article_modified_time":"2026-01-09T04:14:13+00:00","og_image":[{"width":1200,"height":630,"url":"https:\/\/distilleriedesappalaches.com\/wp-content\/uploads\/2026\/01\/chilimango.jpg","type":"image\/jpeg"}],"twitter_card":"summary_large_image","twitter_misc":{"Est. reading time":"1 minute"},"schema":{"@context":"https:\/\/schema.org","@graph":[{"@type":"WebPage","@id":"https:\/\/distilleriedesappalaches.com\/keplerita-chili-mangue\/","url":"https:\/\/distilleriedesappalaches.com\/keplerita-chili-mangue\/","name":"Keplerita chili mangue - Distillerie des Appalaches","isPartOf":{"@id":"https:\/\/distilleriedesappalaches.com\/#website"},"primaryImageOfPage":{"@id":"https:\/\/distilleriedesappalaches.com\/keplerita-chili-mangue\/#primaryimage"},"image":{"@id":"https:\/\/distilleriedesappalaches.com\/keplerita-chili-mangue\/#primaryimage"},"thumbnailUrl":"https:\/\/distilleriedesappalaches.com\/wp-content\/uploads\/2026\/01\/chilimango.jpg","datePublished":"2025-12-21T05:40:31+00:00","dateModified":"2026-01-09T04:14:13+00:00","description":"L\u00e9g\u00e8re, \u00e9pic\u00e9e et savoureuse. Gin Mangue & Chili, vraie tequila, 5% d\u2019alcool et 9 g de sucre. Le succ\u00e8s de l\u2019\u00e9t\u00e9 disponible \u00e0 la SAQ.","breadcrumb":{"@id":"https:\/\/distilleriedesappalaches.com\/keplerita-chili-mangue\/#breadcrumb"},"inLanguage":"en-CA","potentialAction":[{"@type":"ReadAction","target":["https:\/\/distilleriedesappalaches.com\/keplerita-chili-mangue\/"]}]},{"@type":"ImageObject","inLanguage":"en-CA","@id":"https:\/\/distilleriedesappalaches.com\/keplerita-chili-mangue\/#primaryimage","url":"https:\/\/distilleriedesappalaches.com\/wp-content\/uploads\/2026\/01\/chilimango.jpg","contentUrl":"https:\/\/distilleriedesappalaches.com\/wp-content\/uploads\/2026\/01\/chilimango.jpg","width":1200,"height":630},{"@type":"BreadcrumbList","@id":"https:\/\/distilleriedesappalaches.com\/keplerita-chili-mangue\/#breadcrumb","itemListElement":[{"@type":"ListItem","position":1,"name":"Accueil","item":"https:\/\/distilleriedesappalaches.com\/"},{"@type":"ListItem","position":2,"name":"Keplerita chili mangue"}]},{"@type":"WebSite","@id":"https:\/\/distilleriedesappalaches.com\/#website","url":"https:\/\/distilleriedesappalaches.com\/","name":"Distillerie des Appalaches","description":"","publisher":{"@id":"https:\/\/distilleriedesappalaches.com\/#organization"},"potentialAction":[{"@type":"SearchAction","target":{"@type":"EntryPoint","urlTemplate":"https:\/\/distilleriedesappalaches.com\/?s={search_term_string}"},"query-input":{"@type":"PropertyValueSpecification","valueRequired":true,"valueName":"search_term_string"}}],"inLanguage":"en-CA"},{"@type":"Organization","@id":"https:\/\/distilleriedesappalaches.com\/#organization","name":"Distillerie des Appalaches","url":"https:\/\/distilleriedesappalaches.com\/","logo":{"@type":"ImageObject","inLanguage":"en-CA","@id":"https:\/\/distilleriedesappalaches.com\/#\/schema\/logo\/image\/","url":"https:\/\/distilleriedesappalaches.com\/wp-content\/uploads\/2021\/10\/Logo-Appalaches-distillerie-CMYK-horiz-blanc-e1635354864230.png","contentUrl":"https:\/\/distilleriedesappalaches.com\/wp-content\/uploads\/2021\/10\/Logo-Appalaches-distillerie-CMYK-horiz-blanc-e1635354864230.png","width":1564,"height":665,"caption":"Distillerie des Appalaches"},"image":{"@id":"https:\/\/distilleriedesappalaches.com\/#\/schema\/logo\/image\/"},"sameAs":["https:\/\/www.facebook.com\/appalachesdistillerie","https:\/\/www.tiktok.com\/@appalachesdistillerie?is_from_webapp=1&sender_device=pc","https:\/\/www.instagram.com\/appalachesdistillerie\/"]}]}},"_links":{"self":[{"href":"https:\/\/distilleriedesappalaches.com\/en\/wp-json\/wp\/v2\/pages\/9358","targetHints":{"allow":["GET"]}}],"collection":[{"href":"https:\/\/distilleriedesappalaches.com\/en\/wp-json\/wp\/v2\/pages"}],"about":[{"href":"https:\/\/distilleriedesappalaches.com\/en\/wp-json\/wp\/v2\/types\/page"}],"author":[{"embeddable":true,"href":"https:\/\/distilleriedesappalaches.com\/en\/wp-json\/wp\/v2\/users\/18"}],"replies":[{"embeddable":true,"href":"https:\/\/distilleriedesappalaches.com\/en\/wp-json\/wp\/v2\/comments?post=9358"}],"version-history":[{"count":5,"href":"https:\/\/distilleriedesappalaches.com\/en\/wp-json\/wp\/v2\/pages\/9358\/revisions"}],"predecessor-version":[{"id":9626,"href":"https:\/\/distilleriedesappalaches.com\/en\/wp-json\/wp\/v2\/pages\/9358\/revisions\/9626"}],"wp:featuredmedia":[{"embeddable":true,"href":"https:\/\/distilleriedesappalaches.com\/en\/wp-json\/wp\/v2\/media\/9625"}],"wp:attachment":[{"href":"https:\/\/distilleriedesappalaches.com\/en\/wp-json\/wp\/v2\/media?parent=9358"}],"curies":[{"name":"wp","href":"https:\/\/api.w.org\/{rel}","templated":true}]}}