{"id":9379,"date":"2025-12-21T01:18:24","date_gmt":"2025-12-21T06:18:24","guid":{"rendered":"https:\/\/distilleriedesappalaches.com\/sanpablo\/?page_id=9379"},"modified":"2026-01-08T22:54:33","modified_gmt":"2026-01-09T03:54:33","slug":"retro-fit-creme-soda","status":"publish","type":"page","link":"https:\/\/distilleriedesappalaches.com\/en\/retro-fit-creme-soda\/","title":{"rendered":"Retro Fit Cream soda"},"content":{"rendered":"[et_pb_section fb_built=\u00a0\u00bb1&Prime; _builder_version=\u00a0\u00bb4.27.4&Prime; _module_preset=\u00a0\u00bbdefault\u00a0\u00bb custom_margin=\u00a0\u00bb||0px||false|false\u00a0\u00bb custom_padding=\u00a0\u00bb||0px||false|false\u00a0\u00bb global_colors_info=\u00a0\u00bb\u00a0\u00bb][et_pb_row _builder_version=\u00a0\u00bb4.27.4&Prime; _module_preset=\u00a0\u00bbdefault\u00a0\u00bb global_colors_info=\u00a0\u00bb\u00a0\u00bb][et_pb_column type=\u00a0\u00bb4_4&Prime; _builder_version=\u00a0\u00bb4.27.4&Prime; _module_preset=\u00a0\u00bbdefault\u00a0\u00bb global_colors_info=\u00a0\u00bb\u00a0\u00bb][et_pb_text _builder_version=\u00a0\u00bb4.27.4&Prime; _dynamic_attributes=\u00a0\u00bbcontent\u00a0\u00bb _module_preset=\u00a0\u00bbdefault\u00a0\u00bb custom_margin=\u00a0\u00bb||3px|||\u00a0\u00bb global_colors_info=\u00a0\u00bb\u00a0\u00bb]@ET-DC@eyJkeW5hbWljIjp0cnVlLCJjb250ZW50IjoicG9zdF90aXRsZSIsInNldHRpbmdzIjp7ImJlZm9yZSI6IjxoMT4iLCJhZnRlciI6IjwvaDE+In19@[\/et_pb_text][et_pb_text _builder_version=\u00a0\u00bb4.27.4&Prime; _module_preset=\u00a0\u00bbdefault\u00a0\u00bb text_font_size=\u00a0\u00bb16px\u00a0\u00bb link_font=\u00a0\u00bb||||on||||\u00a0\u00bb global_colors_info=\u00a0\u00bb\u00a0\u00bb]<p><a href=\"https:\/\/www.saq.com\/en\/15550831\" target=\"_blank\" rel=\"noopener\">Available at the SAQ \u2192<\/a><\/p>[\/et_pb_text][\/et_pb_column][\/et_pb_row][et_pb_row _builder_version=\u00a0\u00bb4.27.4&Prime; _module_preset=\u00a0\u00bbdefault\u00a0\u00bb custom_margin=\u00a0\u00bb30px|auto||auto|false|false\u00a0\u00bb global_colors_info=\u00a0\u00bb\u00a0\u00bb][et_pb_column type=\u00a0\u00bb4_4&Prime; _builder_version=\u00a0\u00bb4.27.4&Prime; _module_preset=\u00a0\u00bbdefault\u00a0\u00bb global_colors_info=\u00a0\u00bb\u00a0\u00bb][et_pb_image src=\u00a0\u00bbhttps:\/\/distilleriedesappalaches.com\/wp-content\/uploads\/2025\/12\/Retro_fit_cream_soda.webp\u00a0\u00bb alt=\u00a0\u00bbkepler K\u00a0\u00bb title_text=\u00a0\u00bbRetro_fit_cream_soda\u00a0\u00bb align=\u00a0\u00bbcenter\u00a0\u00bb _builder_version=\u00a0\u00bb4.27.4&Prime; _module_preset=\u00a0\u00bbdefault\u00a0\u00bb positioning=\u00a0\u00bbrelative\u00a0\u00bb max_width=\u00a0\u00bb45%\u00a0\u00bb max_width_tablet=\u00a0\u00bb50%\u00a0\u00bb max_width_phone=\u00a0\u00bb100%\u00a0\u00bb max_width_last_edited=\u00a0\u00bbon|desktop\u00a0\u00bb custom_margin=\u00a0\u00bb0px||0px||false|false\u00a0\u00bb custom_padding=\u00a0\u00bb0px||0px||false|false\u00a0\u00bb global_colors_info=\u00a0\u00bb\u00a0\u00bb][\/et_pb_image][et_pb_image src=\u00a0\u00bbhttps:\/\/distilleriedesappalaches.com\/wp-content\/uploads\/2025\/12\/citron.webp\u00a0\u00bb title_text=\u00a0\u00bbcitron\u00a0\u00bb _builder_version=\u00a0\u00bb4.27.4&Prime; _module_preset=\u00a0\u00bbdefault\u00a0\u00bb transform_translate_linked=\u00a0\u00bboff\u00a0\u00bb positioning=\u00a0\u00bbabsolute\u00a0\u00bb position_origin_a=\u00a0\u00bbcenter_left\u00a0\u00bb horizontal_offset=\u00a0\u00bb25%\u00a0\u00bb width=\u00a0\u00bb100%\u00a0\u00bb max_width=\u00a0\u00bb12%\u00a0\u00bb global_colors_info=\u00a0\u00bb\u00a0\u00bb disabled_on=\u00a0\u00bbon|on|on\u00a0\u00bb disabled=\u00a0\u00bbon\u00a0\u00bb][\/et_pb_image][et_pb_image src=\u00a0\u00bbhttps:\/\/distilleriedesappalaches.com\/wp-content\/uploads\/2025\/12\/verre-cream-soda.webp\u00a0\u00bb title_text=\u00a0\u00bbverre cream soda\u00a0\u00bb _builder_version=\u00a0\u00bb4.27.4&Prime; _module_preset=\u00a0\u00bbdefault\u00a0\u00bb positioning=\u00a0\u00bbabsolute\u00a0\u00bb position_origin_a=\u00a0\u00bbtop_right\u00a0\u00bb vertical_offset=\u00a0\u00bb-15%\u00a0\u00bb horizontal_offset=\u00a0\u00bb50%\u00a0\u00bb vertical_offset_tablet=\u00a0\u00bb-5%\u00a0\u00bb vertical_offset_phone=\u00a0\u00bb-5%\u00a0\u00bb vertical_offset_last_edited=\u00a0\u00bbon|phone\u00a0\u00bb position_origin_a_tablet=\u00a0\u00bbtop_right\u00a0\u00bb position_origin_a_phone=\u00a0\u00bbtop_right\u00a0\u00bb position_origin_a_last_edited=\u00a0\u00bbon|tablet\u00a0\u00bb position_origin_f_tablet=\u00a0\u00bb\u00a0\u00bb position_origin_f_phone=\u00a0\u00bb\u00a0\u00bb position_origin_f_last_edited=\u00a0\u00bbon|tablet\u00a0\u00bb position_origin_r_tablet=\u00a0\u00bb\u00a0\u00bb position_origin_r_phone=\u00a0\u00bb\u00a0\u00bb position_origin_r_last_edited=\u00a0\u00bbon|tablet\u00a0\u00bb width=\u00a0\u00bb100%\u00a0\u00bb max_width=\u00a0\u00bb12%\u00a0\u00bb hover_enabled=\u00a0\u00bb0&Prime; positioning_tablet=\u00a0\u00bbabsolute\u00a0\u00bb positioning_phone=\u00a0\u00bbabsolute\u00a0\u00bb positioning_last_edited=\u00a0\u00bbon|tablet\u00a0\u00bb global_colors_info=\u00a0\u00bb\u00a0\u00bb sticky_enabled=\u00a0\u00bb0&Prime;][\/et_pb_image][et_pb_image src=\u00a0\u00bbhttps:\/\/distilleriedesappalaches.com\/wp-content\/uploads\/2025\/12\/poivredesdunes.webp\u00a0\u00bb title_text=\u00a0\u00bbpoivredesdunes\u00a0\u00bb _builder_version=\u00a0\u00bb4.27.4&Prime; _module_preset=\u00a0\u00bbdefault\u00a0\u00bb positioning=\u00a0\u00bbabsolute\u00a0\u00bb position_origin_a=\u00a0\u00bbtop_right\u00a0\u00bb vertical_offset=\u00a0\u00bb25%\u00a0\u00bb horizontal_offset=\u00a0\u00bb25%\u00a0\u00bb width=\u00a0\u00bb100%\u00a0\u00bb max_width=\u00a0\u00bb12%\u00a0\u00bb global_colors_info=\u00a0\u00bb\u00a0\u00bb disabled_on=\u00a0\u00bbon|on|on\u00a0\u00bb disabled=\u00a0\u00bbon\u00a0\u00bb][\/et_pb_image][\/et_pb_column][\/et_pb_row][\/et_pb_section][et_pb_section fb_built=\u00a0\u00bb1&Prime; _builder_version=\u00a0\u00bb4.27.4&Prime; _module_preset=\u00a0\u00bbdefault\u00a0\u00bb custom_margin=\u00a0\u00bb0px||0px||false|false\u00a0\u00bb custom_padding=\u00a0\u00bb0px||0px||false|false\u00a0\u00bb global_colors_info=\u00a0\u00bb\u00a0\u00bb][et_pb_row _builder_version=\u00a0\u00bb4.27.4&Prime; _module_preset=\u00a0\u00bbdefault\u00a0\u00bb global_colors_info=\u00a0\u00bb\u00a0\u00bb][et_pb_column type=\u00a0\u00bb4_4&Prime; _builder_version=\u00a0\u00bb4.27.4&Prime; _module_preset=\u00a0\u00bbdefault\u00a0\u00bb global_colors_info=\u00a0\u00bb\u00a0\u00bb][et_pb_button button_url=\u00a0\u00bbhttps:\/\/distilleriedesappalaches.com\/alcool\/vodkafit-igloo\/\u00a0\u00bb button_text=\u00a0\u00bbVoir les cocktails\u00a0\u00bb disabled_on=\u00a0\u00bbon|on|on\u00a0\u00bb _builder_version=\u00a0\u00bb4.27.4&Prime; _module_preset=\u00a0\u00bbdefault\u00a0\u00bb custom_button=\u00a0\u00bbon\u00a0\u00bb button_text_size=\u00a0\u00bb16px\u00a0\u00bb button_text_color=\u00a0\u00bb#FFFFFF\u00a0\u00bb button_bg_color=\u00a0\u00bbRGBA(255,255,255,0)\u00a0\u00bb button_border_width=\u00a0\u00bb0.5px\u00a0\u00bb button_border_color=\u00a0\u00bbrgba(255,255,255,0.4)\u00a0\u00bb button_use_icon=\u00a0\u00bboff\u00a0\u00bb button_border_color_last_edited=\u00a0\u00bboff|desktop\u00a0\u00bb disabled=\u00a0\u00bbon\u00a0\u00bb global_colors_info=\u00a0\u00bb\u00a0\u00bb button_border_color__hover_enabled=\u00a0\u00bbon|desktop\u00a0\u00bb button_border_color__hover=\u00a0\u00bbrgba(255,255,255,0.8)\u00a0\u00bb][\/et_pb_button][et_pb_text _builder_version=\u00a0\u00bb4.27.4&Prime; _module_preset=\u00a0\u00bbdefault\u00a0\u00bb text_text_color=\u00a0\u00bb#FFFFFF\u00a0\u00bb custom_margin=\u00a0\u00bb||||false|false\u00a0\u00bb global_colors_info=\u00a0\u00bb\u00a0\u00bb]<p>Following the success of RetroFit Blue Raspberry, six months later we are launching a second favorite flavor from the 90s: Cream Soda. This new creation takes us straight back to summer memories of sharing a Mister Freeze with friends, sitting on the sidewalk in front of our house. Designed to be enjoyed as a shot, it is also perfect for sipping on ice or in a cocktail. More elegant and less acidic than its competitors, it remains affordable, making it accessible to all budgets. A real hit for your gatherings, with a retro taste that will leave no one indifferent!<\/p>[\/et_pb_text][et_pb_text _builder_version=\u00a0\u00bb4.27.4&Prime; _module_preset=\u00a0\u00bbdefault\u00a0\u00bb text_font_size=\u00a0\u00bb16px\u00a0\u00bb link_font=\u00a0\u00bb||||on||||\u00a0\u00bb global_colors_info=\u00a0\u00bb\u00a0\u00bb]<p><a href=\"https:\/\/distilleriedesappalaches.com\/en\/fit\/\">Back to Fit vodka\u00a0<\/a><\/p>[\/et_pb_text][\/et_pb_column][\/et_pb_row][\/et_pb_section]","protected":false},"excerpt":{"rendered":"<p>Disponible \u00e0 la SAQ \u2192Apr\u00e8s le succ\u00e8s de la RetroFit Framboise Bleue, six mois plus tard, nous lan\u00e7ons une deuxi\u00e8me saveur coup de c\u0153ur des ann\u00e9es 90 : Cr\u00e8me Soda. Cette nouvelle cr\u00e9ation nous replonge directement dans les souvenirs d\u2019\u00e9t\u00e9, \u00e0 partager un Mister Freeze entre amis, assis sur le trottoir devant chez nous. Pens\u00e9e [&hellip;]<\/p>","protected":false},"author":18,"featured_media":9613,"parent":0,"menu_order":0,"comment_status":"closed","ping_status":"closed","template":"","meta":{"_acf_changed":false,"_et_pb_use_builder":"on","_et_pb_old_content":"","_et_gb_content_width":"","footnotes":""},"class_list":["post-9379","page","type-page","status-publish","has-post-thumbnail","hentry"],"acf":[],"yoast_head":"<!-- This site is optimized with the Yoast SEO plugin v26.7 - https:\/\/yoast.com\/wordpress\/plugins\/seo\/ -->\n<title>Retro Fit Creme soda - Distillerie des Appalaches<\/title>\n<meta name=\"robots\" content=\"index, follow, max-snippet:-1, max-image-preview:large, max-video-preview:-1\" \/>\n<link rel=\"canonical\" href=\"https:\/\/distilleriedesappalaches.com\/en\/retro-fit-creme-soda\/\" \/>\n<meta property=\"og:locale\" content=\"en_US\" \/>\n<meta property=\"og:type\" content=\"article\" \/>\n<meta property=\"og:title\" content=\"Retro Fit Creme soda - Distillerie des Appalaches\" \/>\n<meta property=\"og:description\" content=\"Disponible \u00e0 la SAQ \u2192Apr\u00e8s le succ\u00e8s de la RetroFit Framboise Bleue, six mois plus tard, nous lan\u00e7ons une deuxi\u00e8me saveur coup de c\u0153ur des ann\u00e9es 90 : Cr\u00e8me Soda. Cette nouvelle cr\u00e9ation nous replonge directement dans les souvenirs d\u2019\u00e9t\u00e9, \u00e0 partager un Mister Freeze entre amis, assis sur le trottoir devant chez nous. Pens\u00e9e [&hellip;]\" \/>\n<meta property=\"og:url\" content=\"https:\/\/distilleriedesappalaches.com\/en\/retro-fit-creme-soda\/\" \/>\n<meta property=\"og:site_name\" content=\"Distillerie des Appalaches\" \/>\n<meta property=\"article:publisher\" content=\"https:\/\/www.facebook.com\/appalachesdistillerie\" \/>\n<meta property=\"article:modified_time\" content=\"2026-01-09T03:54:33+00:00\" \/>\n<meta property=\"og:image\" content=\"https:\/\/distilleriedesappalaches.com\/wp-content\/uploads\/2026\/01\/cremesoda.jpg\" \/>\n\t<meta property=\"og:image:width\" content=\"1200\" \/>\n\t<meta property=\"og:image:height\" content=\"630\" \/>\n\t<meta property=\"og:image:type\" content=\"image\/jpeg\" \/>\n<meta name=\"twitter:card\" content=\"summary_large_image\" \/>\n<meta name=\"twitter:label1\" content=\"Est. reading time\" \/>\n\t<meta name=\"twitter:data1\" content=\"2 minutes\" \/>\n<script type=\"application\/ld+json\" class=\"yoast-schema-graph\">{\"@context\":\"https:\/\/schema.org\",\"@graph\":[{\"@type\":\"WebPage\",\"@id\":\"https:\/\/distilleriedesappalaches.com\/retro-fit-creme-soda\/\",\"url\":\"https:\/\/distilleriedesappalaches.com\/retro-fit-creme-soda\/\",\"name\":\"Retro Fit Creme soda - Distillerie des Appalaches\",\"isPartOf\":{\"@id\":\"https:\/\/distilleriedesappalaches.com\/#website\"},\"primaryImageOfPage\":{\"@id\":\"https:\/\/distilleriedesappalaches.com\/retro-fit-creme-soda\/#primaryimage\"},\"image\":{\"@id\":\"https:\/\/distilleriedesappalaches.com\/retro-fit-creme-soda\/#primaryimage\"},\"thumbnailUrl\":\"https:\/\/distilleriedesappalaches.com\/wp-content\/uploads\/2026\/01\/cremesoda.jpg\",\"datePublished\":\"2025-12-21T06:18:24+00:00\",\"dateModified\":\"2026-01-09T03:54:33+00:00\",\"breadcrumb\":{\"@id\":\"https:\/\/distilleriedesappalaches.com\/retro-fit-creme-soda\/#breadcrumb\"},\"inLanguage\":\"en-CA\",\"potentialAction\":[{\"@type\":\"ReadAction\",\"target\":[\"https:\/\/distilleriedesappalaches.com\/retro-fit-creme-soda\/\"]}]},{\"@type\":\"ImageObject\",\"inLanguage\":\"en-CA\",\"@id\":\"https:\/\/distilleriedesappalaches.com\/retro-fit-creme-soda\/#primaryimage\",\"url\":\"https:\/\/distilleriedesappalaches.com\/wp-content\/uploads\/2026\/01\/cremesoda.jpg\",\"contentUrl\":\"https:\/\/distilleriedesappalaches.com\/wp-content\/uploads\/2026\/01\/cremesoda.jpg\",\"width\":1200,\"height\":630},{\"@type\":\"BreadcrumbList\",\"@id\":\"https:\/\/distilleriedesappalaches.com\/retro-fit-creme-soda\/#breadcrumb\",\"itemListElement\":[{\"@type\":\"ListItem\",\"position\":1,\"name\":\"Accueil\",\"item\":\"https:\/\/distilleriedesappalaches.com\/\"},{\"@type\":\"ListItem\",\"position\":2,\"name\":\"Retro Fit Creme soda\"}]},{\"@type\":\"WebSite\",\"@id\":\"https:\/\/distilleriedesappalaches.com\/#website\",\"url\":\"https:\/\/distilleriedesappalaches.com\/\",\"name\":\"Distillerie des Appalaches\",\"description\":\"\",\"publisher\":{\"@id\":\"https:\/\/distilleriedesappalaches.com\/#organization\"},\"potentialAction\":[{\"@type\":\"SearchAction\",\"target\":{\"@type\":\"EntryPoint\",\"urlTemplate\":\"https:\/\/distilleriedesappalaches.com\/?s={search_term_string}\"},\"query-input\":{\"@type\":\"PropertyValueSpecification\",\"valueRequired\":true,\"valueName\":\"search_term_string\"}}],\"inLanguage\":\"en-CA\"},{\"@type\":\"Organization\",\"@id\":\"https:\/\/distilleriedesappalaches.com\/#organization\",\"name\":\"Distillerie des Appalaches\",\"url\":\"https:\/\/distilleriedesappalaches.com\/\",\"logo\":{\"@type\":\"ImageObject\",\"inLanguage\":\"en-CA\",\"@id\":\"https:\/\/distilleriedesappalaches.com\/#\/schema\/logo\/image\/\",\"url\":\"https:\/\/distilleriedesappalaches.com\/wp-content\/uploads\/2021\/10\/Logo-Appalaches-distillerie-CMYK-horiz-blanc-e1635354864230.png\",\"contentUrl\":\"https:\/\/distilleriedesappalaches.com\/wp-content\/uploads\/2021\/10\/Logo-Appalaches-distillerie-CMYK-horiz-blanc-e1635354864230.png\",\"width\":1564,\"height\":665,\"caption\":\"Distillerie des Appalaches\"},\"image\":{\"@id\":\"https:\/\/distilleriedesappalaches.com\/#\/schema\/logo\/image\/\"},\"sameAs\":[\"https:\/\/www.facebook.com\/appalachesdistillerie\",\"https:\/\/www.tiktok.com\/@appalachesdistillerie?is_from_webapp=1&sender_device=pc\",\"https:\/\/www.instagram.com\/appalachesdistillerie\/\"]}]}<\/script>\n<!-- \/ Yoast SEO plugin. -->","yoast_head_json":{"title":"Retro Fit Creme soda - Distillerie des Appalaches","robots":{"index":"index","follow":"follow","max-snippet":"max-snippet:-1","max-image-preview":"max-image-preview:large","max-video-preview":"max-video-preview:-1"},"canonical":"https:\/\/distilleriedesappalaches.com\/en\/retro-fit-creme-soda\/","og_locale":"en_US","og_type":"article","og_title":"Retro Fit Creme soda - Distillerie des Appalaches","og_description":"Disponible \u00e0 la SAQ \u2192Apr\u00e8s le succ\u00e8s de la RetroFit Framboise Bleue, six mois plus tard, nous lan\u00e7ons une deuxi\u00e8me saveur coup de c\u0153ur des ann\u00e9es 90 : Cr\u00e8me Soda. Cette nouvelle cr\u00e9ation nous replonge directement dans les souvenirs d\u2019\u00e9t\u00e9, \u00e0 partager un Mister Freeze entre amis, assis sur le trottoir devant chez nous. Pens\u00e9e [&hellip;]","og_url":"https:\/\/distilleriedesappalaches.com\/en\/retro-fit-creme-soda\/","og_site_name":"Distillerie des Appalaches","article_publisher":"https:\/\/www.facebook.com\/appalachesdistillerie","article_modified_time":"2026-01-09T03:54:33+00:00","og_image":[{"width":1200,"height":630,"url":"https:\/\/distilleriedesappalaches.com\/wp-content\/uploads\/2026\/01\/cremesoda.jpg","type":"image\/jpeg"}],"twitter_card":"summary_large_image","twitter_misc":{"Est. reading time":"2 minutes"},"schema":{"@context":"https:\/\/schema.org","@graph":[{"@type":"WebPage","@id":"https:\/\/distilleriedesappalaches.com\/retro-fit-creme-soda\/","url":"https:\/\/distilleriedesappalaches.com\/retro-fit-creme-soda\/","name":"Retro Fit Creme soda - Distillerie des Appalaches","isPartOf":{"@id":"https:\/\/distilleriedesappalaches.com\/#website"},"primaryImageOfPage":{"@id":"https:\/\/distilleriedesappalaches.com\/retro-fit-creme-soda\/#primaryimage"},"image":{"@id":"https:\/\/distilleriedesappalaches.com\/retro-fit-creme-soda\/#primaryimage"},"thumbnailUrl":"https:\/\/distilleriedesappalaches.com\/wp-content\/uploads\/2026\/01\/cremesoda.jpg","datePublished":"2025-12-21T06:18:24+00:00","dateModified":"2026-01-09T03:54:33+00:00","breadcrumb":{"@id":"https:\/\/distilleriedesappalaches.com\/retro-fit-creme-soda\/#breadcrumb"},"inLanguage":"en-CA","potentialAction":[{"@type":"ReadAction","target":["https:\/\/distilleriedesappalaches.com\/retro-fit-creme-soda\/"]}]},{"@type":"ImageObject","inLanguage":"en-CA","@id":"https:\/\/distilleriedesappalaches.com\/retro-fit-creme-soda\/#primaryimage","url":"https:\/\/distilleriedesappalaches.com\/wp-content\/uploads\/2026\/01\/cremesoda.jpg","contentUrl":"https:\/\/distilleriedesappalaches.com\/wp-content\/uploads\/2026\/01\/cremesoda.jpg","width":1200,"height":630},{"@type":"BreadcrumbList","@id":"https:\/\/distilleriedesappalaches.com\/retro-fit-creme-soda\/#breadcrumb","itemListElement":[{"@type":"ListItem","position":1,"name":"Accueil","item":"https:\/\/distilleriedesappalaches.com\/"},{"@type":"ListItem","position":2,"name":"Retro Fit Creme soda"}]},{"@type":"WebSite","@id":"https:\/\/distilleriedesappalaches.com\/#website","url":"https:\/\/distilleriedesappalaches.com\/","name":"Distillerie des Appalaches","description":"","publisher":{"@id":"https:\/\/distilleriedesappalaches.com\/#organization"},"potentialAction":[{"@type":"SearchAction","target":{"@type":"EntryPoint","urlTemplate":"https:\/\/distilleriedesappalaches.com\/?s={search_term_string}"},"query-input":{"@type":"PropertyValueSpecification","valueRequired":true,"valueName":"search_term_string"}}],"inLanguage":"en-CA"},{"@type":"Organization","@id":"https:\/\/distilleriedesappalaches.com\/#organization","name":"Distillerie des Appalaches","url":"https:\/\/distilleriedesappalaches.com\/","logo":{"@type":"ImageObject","inLanguage":"en-CA","@id":"https:\/\/distilleriedesappalaches.com\/#\/schema\/logo\/image\/","url":"https:\/\/distilleriedesappalaches.com\/wp-content\/uploads\/2021\/10\/Logo-Appalaches-distillerie-CMYK-horiz-blanc-e1635354864230.png","contentUrl":"https:\/\/distilleriedesappalaches.com\/wp-content\/uploads\/2021\/10\/Logo-Appalaches-distillerie-CMYK-horiz-blanc-e1635354864230.png","width":1564,"height":665,"caption":"Distillerie des Appalaches"},"image":{"@id":"https:\/\/distilleriedesappalaches.com\/#\/schema\/logo\/image\/"},"sameAs":["https:\/\/www.facebook.com\/appalachesdistillerie","https:\/\/www.tiktok.com\/@appalachesdistillerie?is_from_webapp=1&sender_device=pc","https:\/\/www.instagram.com\/appalachesdistillerie\/"]}]}},"_links":{"self":[{"href":"https:\/\/distilleriedesappalaches.com\/en\/wp-json\/wp\/v2\/pages\/9379","targetHints":{"allow":["GET"]}}],"collection":[{"href":"https:\/\/distilleriedesappalaches.com\/en\/wp-json\/wp\/v2\/pages"}],"about":[{"href":"https:\/\/distilleriedesappalaches.com\/en\/wp-json\/wp\/v2\/types\/page"}],"author":[{"embeddable":true,"href":"https:\/\/distilleriedesappalaches.com\/en\/wp-json\/wp\/v2\/users\/18"}],"replies":[{"embeddable":true,"href":"https:\/\/distilleriedesappalaches.com\/en\/wp-json\/wp\/v2\/comments?post=9379"}],"version-history":[{"count":5,"href":"https:\/\/distilleriedesappalaches.com\/en\/wp-json\/wp\/v2\/pages\/9379\/revisions"}],"predecessor-version":[{"id":9614,"href":"https:\/\/distilleriedesappalaches.com\/en\/wp-json\/wp\/v2\/pages\/9379\/revisions\/9614"}],"wp:featuredmedia":[{"embeddable":true,"href":"https:\/\/distilleriedesappalaches.com\/en\/wp-json\/wp\/v2\/media\/9613"}],"wp:attachment":[{"href":"https:\/\/distilleriedesappalaches.com\/en\/wp-json\/wp\/v2\/media?parent=9379"}],"curies":[{"name":"wp","href":"https:\/\/api.w.org\/{rel}","templated":true}]}}